{"id":32890,"date":"2025-02-20T23:32:56","date_gmt":"2025-02-20T22:32:56","guid":{"rendered":"http:\/\/olemosaic.com\/producto\/iman-de-resina-isla-lanzarote\/"},"modified":"2025-07-25T19:36:36","modified_gmt":"2025-07-25T17:36:36","slug":"iman-de-resina-ilha-lanzarote","status":"publish","type":"product","link":"https:\/\/olemosaic.com\/pt-pt\/produto\/iman-de-resina-ilha-lanzarote\/","title":{"rendered":"\u00cdman de resina. Ilha. Lanzarote."},"content":{"rendered":"<p>Este \u00edman de resina com forma da ilha de Lanzarote \u00e9 uma recorda\u00e7\u00e3o vibrante e cheia de car\u00e1cter, ideal para quem deseja levar um pedacinho desta bela ilha can\u00e1ria para casa. Com um design em relevo que captura a ess\u00eancia da paisagem vulc\u00e2nica de Lanzarote, este \u00edman destaca-se pelas suas cores vibrantes, que v\u00e3o desde o vermelho intenso at\u00e9 ao verde esmeralda, tudo sobre um fundo preto que real\u00e7a o seu apelo visual. O nome &#8220;Lanzarote&#8221; aparece em letras coloridas, lo que acrescenta um toque alegre e distintivo ao produto.<\/p>\n<p>A ilha de Lanzarote \u00e9 conhecida pela sua beleza natural \u00fanica, dominada pelas suas paisagens vulc\u00e2nicas e praias de areia dourada, e este \u00edman \u00e9 uma representa\u00e7\u00e3o perfeita dessa riqueza. O artesanato desta recorda\u00e7\u00e3o n\u00e3o s\u00f3 real\u00e7a a autenticidade da cultura can\u00e1ria, como tamb\u00e9m o torna um excelente presente para turistas que procuram recorda\u00e7\u00f5es representativas da sua visita. Na Ol\u00e9 Mosaic, somos distribuidores de recorda\u00e7\u00f5es de qualidade por grosso, e este \u00edman de Lanzarote \u00e9 uma escolha ideal para lojas de presentes tur\u00edsticos que desejem oferecer produtos que celebrem a heran\u00e7a cultural espanhola. Com o seu design atraente e a sua relev\u00e2ncia cultural, este \u00edman torna-se a recorda\u00e7\u00e3o perfeita de um destino inesquec\u00edvel.<\/p>\n","protected":false},"excerpt":{"rendered":"<p>\u00cdman com forma da ilha de Lanzarote, decorado com cores vibrantes que evocam a paisagem vulc\u00e2nica da regi\u00e3o. Este \u00edman destaca-se pelo seu design em relevo, combinando tons brilhantes com um fundo preto que real\u00e7a o nome &#8220;Lanzarote&#8221; em letras coloridas. Ideal para quem deseja levar um peda\u00e7o desta bela ilha can\u00e1ria para o seu lar, \u00e9 uma excelente recorda\u00e7\u00e3o da sua beleza natural e cultural.<\/p>\n","protected":false},"featured_media":10427,"template":"","meta":{"_acf_changed":false},"product_brand":[],"product_cat":[699],"product_tag":[],"class_list":{"0":"post-32890","1":"product","2":"type-product","3":"status-publish","4":"has-post-thumbnail","6":"product_cat-imanes","7":"pa_ciudad-lanzarote","8":"pa_motivo-ilhas","9":"pa_pais-espana","11":"first","12":"instock","13":"shipping-taxable","14":"product-type-simple"},"acf":[],"_links":{"self":[{"href":"https:\/\/olemosaic.com\/pt-pt\/wp-json\/wp\/v2\/product\/32890","targetHints":{"allow":["GET"]}}],"collection":[{"href":"https:\/\/olemosaic.com\/pt-pt\/wp-json\/wp\/v2\/product"}],"about":[{"href":"https:\/\/olemosaic.com\/pt-pt\/wp-json\/wp\/v2\/types\/product"}],"wp:featuredmedia":[{"embeddable":true,"href":"https:\/\/olemosaic.com\/pt-pt\/wp-json\/wp\/v2\/media\/10427"}],"wp:attachment":[{"href":"https:\/\/olemosaic.com\/pt-pt\/wp-json\/wp\/v2\/media?parent=32890"}],"wp:term":[{"taxonomy":"product_brand","embeddable":true,"href":"https:\/\/olemosaic.com\/pt-pt\/wp-json\/wp\/v2\/product_brand?post=32890"},{"taxonomy":"product_cat","embeddable":true,"href":"https:\/\/olemosaic.com\/pt-pt\/wp-json\/wp\/v2\/product_cat?post=32890"},{"taxonomy":"product_tag","embeddable":true,"href":"https:\/\/olemosaic.com\/pt-pt\/wp-json\/wp\/v2\/product_tag?post=32890"}],"curies":[{"name":"wp","href":"https:\/\/api.w.org\/{rel}","templated":true}]}}