{"id":32889,"date":"2025-02-20T23:32:56","date_gmt":"2025-02-20T22:32:56","guid":{"rendered":"http:\/\/olemosaic.com\/producto\/iman-de-resina-isla-gran-canaria\/"},"modified":"2025-07-25T19:49:46","modified_gmt":"2025-07-25T17:49:46","slug":"iman-de-resina-ilha-gran-canaria","status":"publish","type":"product","link":"https:\/\/olemosaic.com\/pt-pt\/produto\/iman-de-resina-ilha-gran-canaria\/","title":{"rendered":"\u00cdman de resina. Ilha. Gran Can\u00e1ria."},"content":{"rendered":"<p>Este \u00edman de resina com a forma da ilha de Gran Can\u00e1ria \u00e9 uma recorda\u00e7\u00e3o colorida e vibrante que captura a ess\u00eancia desta bela regi\u00e3o. O seu design apresenta uma representa\u00e7\u00e3o detalhada da ilha, adornada com lagartos coloridos e flores que simbolizam a rica biodiversidade local. Os lagartos, caracter\u00edsticos de Gran Can\u00e1ria, est\u00e3o cuidadosamente esculpidos e pintados em tons brilhantes, acrescentando um toque de vida e cor ao \u00edman. O texto &#8220;Gran Canaria&#8221; destaca-se em cores chamativas sobre um fundo escuro, criando um contraste impactante que real\u00e7a cada detalhe do design. Este \u00edman n\u00e3o \u00e9 apenas uma pe\u00e7a decorativa perfeita para adornar qualquer superf\u00edcie met\u00e1lica, mas tamb\u00e9m evoca mem\u00f3rias de umas f\u00e9rias inesquec\u00edveis na ilha.<\/p>\n<p>Esta recorda\u00e7\u00e3o \u00e9 um reflexo da cultura can\u00e1ria, ideal para quem deseja levar um pedacinho do para\u00edso para casa. Este \u00edman \u00e9 uma excelente op\u00e7\u00e3o para lojas de presentes tur\u00edsticos, pois permite aos visitantes recordar o calor e a beleza de Gran Can\u00e1ria. Na Ol\u00e9 Mosaic, como distribuidores de recorda\u00e7\u00f5es por grosso, oferecemos uma variedade de produtos aut\u00eanticos que destacam a riqueza cultural e paisag\u00edstica de cada regi\u00e3o. Este \u00edman de Gran Can\u00e1ria \u00e9, sem d\u00favida, uma op\u00e7\u00e3o ideal para quem procura recorda\u00e7\u00f5es aut\u00eanticas e representativas.<\/p>\n","protected":false},"excerpt":{"rendered":"<p>\u00cdman com a forma da ilha de Gran Can\u00e1ria, decorado com lagartos e flores coloridas, que representam a biodiversidade local. Este atraente \u00edman apresenta o texto &#8220;Gran Canaria&#8221; em cores chamativas, destacando-se sobre um fundo escuro que real\u00e7a os vibrantes detalhes do seu design. \u00c9 uma recorda\u00e7\u00e3o ideal que captura a ess\u00eancia da ilha, perfeito para adornar qualquer superf\u00edcie met\u00e1lica e evocar as mem\u00f3rias das suas f\u00e9rias.<\/p>\n","protected":false},"featured_media":10425,"template":"","meta":{"_acf_changed":false},"product_brand":[],"product_cat":[699],"product_tag":[],"class_list":{"0":"post-32889","1":"product","2":"type-product","3":"status-publish","4":"has-post-thumbnail","6":"product_cat-imanes","7":"pa_ciudad-gran-canaria","8":"pa_motivo-ilhas","9":"pa_pais-espana","11":"first","12":"instock","13":"shipping-taxable","14":"product-type-simple"},"acf":[],"_links":{"self":[{"href":"https:\/\/olemosaic.com\/pt-pt\/wp-json\/wp\/v2\/product\/32889","targetHints":{"allow":["GET"]}}],"collection":[{"href":"https:\/\/olemosaic.com\/pt-pt\/wp-json\/wp\/v2\/product"}],"about":[{"href":"https:\/\/olemosaic.com\/pt-pt\/wp-json\/wp\/v2\/types\/product"}],"wp:featuredmedia":[{"embeddable":true,"href":"https:\/\/olemosaic.com\/pt-pt\/wp-json\/wp\/v2\/media\/10425"}],"wp:attachment":[{"href":"https:\/\/olemosaic.com\/pt-pt\/wp-json\/wp\/v2\/media?parent=32889"}],"wp:term":[{"taxonomy":"product_brand","embeddable":true,"href":"https:\/\/olemosaic.com\/pt-pt\/wp-json\/wp\/v2\/product_brand?post=32889"},{"taxonomy":"product_cat","embeddable":true,"href":"https:\/\/olemosaic.com\/pt-pt\/wp-json\/wp\/v2\/product_cat?post=32889"},{"taxonomy":"product_tag","embeddable":true,"href":"https:\/\/olemosaic.com\/pt-pt\/wp-json\/wp\/v2\/product_tag?post=32889"}],"curies":[{"name":"wp","href":"https:\/\/api.w.org\/{rel}","templated":true}]}}