{"id":32886,"date":"2025-02-20T23:32:56","date_gmt":"2025-02-20T22:32:56","guid":{"rendered":"http:\/\/olemosaic.com\/producto\/iman-de-resina-sagrada-familia-barcelona\/"},"modified":"2025-07-25T20:26:02","modified_gmt":"2025-07-25T18:26:02","slug":"iman-de-resina-sagrada-familia-barcelona-pt-pt","status":"publish","type":"product","link":"https:\/\/olemosaic.com\/pt-pt\/produto\/iman-de-resina-sagrada-familia-barcelona-pt-pt\/","title":{"rendered":"\u00cdman de resina. Sagrada Fam\u00edlia. Barcelona."},"content":{"rendered":"<p>Este \u00edman de resina da Sagrada Fam\u00edlia \u00e9 uma recorda\u00e7\u00e3o imprescind\u00edvel para quem visita Barcelona e deseja levar um peda\u00e7o da sua hist\u00f3ria arquitet\u00f3nica. Representa, de forma fiel e detalhada, a emblem\u00e1tica bas\u00edlica desenhada por Antoni Gaud\u00ed, famosa pelas suas ic\u00f3nicas torres e pela sua impressionante fachada. Os elaborados detalhes arquitet\u00f3nicos que adornam o \u00edman, em vibrantes tonalidades douradas e terracota, permitem apreciar a grandiosidade da obra, capturando a ess\u00eancia do modernismo catal\u00e3o.<\/p>\n<p>Incorpora a inscri\u00e7\u00e3o &#8220;Barcelona Sagrada Familia&#8221; na base, o que acrescenta um toque pessoal e significativo, perfeito para exibir em qualquer superf\u00edcie met\u00e1lica, desde frigor\u00edficos a quadros brancos. Este \u00edman n\u00e3o \u00e9 apenas um objeto decorativo, mas tamb\u00e9m um testemunho do patrim\u00f3nio cultural catal\u00e3o, que reflete a devo\u00e7\u00e3o e a paix\u00e3o que Gaud\u00ed imprimiu na sua obra.<\/p>\n<p>Na Ol\u00e9 Mosaic, especializamo-nos na distribui\u00e7\u00e3o de recorda\u00e7\u00f5es por grosso, e este \u00edman de resina \u00e9 uma excelente op\u00e7\u00e3o para lojas de presentes tur\u00edsticos que procuram artigos aut\u00eanticos e representativos da cultura espanhola. Uma recorda\u00e7\u00e3o ideal que captura a ess\u00eancia de Barcelona e enriquece a oferta de qualquer neg\u00f3cio que deseje atrair turistas.<\/p>\n","protected":false},"excerpt":{"rendered":"<p>\u00cdman da Sagrada Fam\u00edlia, o emblem\u00e1tico monumento de Barcelona. Este atraente \u00edman apresenta uma representa\u00e7\u00e3o detalhada da famosa bas\u00edlica, destacando as suas ic\u00f3nicas torres e elaborados detalhes arquitet\u00f3nicos em vibrantes tons dourados e terracota. A base inclui a inscri\u00e7\u00e3o &#8220;Barcelona Sagrada Familia&#8221;, o que o torna uma recorda\u00e7\u00e3o perfeita da cidade. Ideal para adornar qualquer superf\u00edcie met\u00e1lica, este \u00edman captura a ess\u00eancia da obra-prima de Gaud\u00ed.<\/p>\n","protected":false},"featured_media":6740,"template":"","meta":{"_acf_changed":false},"product_brand":[],"product_cat":[699],"product_tag":[],"class_list":{"0":"post-32886","1":"product","2":"type-product","3":"status-publish","4":"has-post-thumbnail","6":"product_cat-imanes","7":"pa_ciudad-barcelona","8":"pa_motivo-sagrada-familia","9":"pa_pais-espana","11":"first","12":"instock","13":"shipping-taxable","14":"product-type-simple"},"acf":[],"_links":{"self":[{"href":"https:\/\/olemosaic.com\/pt-pt\/wp-json\/wp\/v2\/product\/32886","targetHints":{"allow":["GET"]}}],"collection":[{"href":"https:\/\/olemosaic.com\/pt-pt\/wp-json\/wp\/v2\/product"}],"about":[{"href":"https:\/\/olemosaic.com\/pt-pt\/wp-json\/wp\/v2\/types\/product"}],"wp:featuredmedia":[{"embeddable":true,"href":"https:\/\/olemosaic.com\/pt-pt\/wp-json\/wp\/v2\/media\/6740"}],"wp:attachment":[{"href":"https:\/\/olemosaic.com\/pt-pt\/wp-json\/wp\/v2\/media?parent=32886"}],"wp:term":[{"taxonomy":"product_brand","embeddable":true,"href":"https:\/\/olemosaic.com\/pt-pt\/wp-json\/wp\/v2\/product_brand?post=32886"},{"taxonomy":"product_cat","embeddable":true,"href":"https:\/\/olemosaic.com\/pt-pt\/wp-json\/wp\/v2\/product_cat?post=32886"},{"taxonomy":"product_tag","embeddable":true,"href":"https:\/\/olemosaic.com\/pt-pt\/wp-json\/wp\/v2\/product_tag?post=32886"}],"curies":[{"name":"wp","href":"https:\/\/api.w.org\/{rel}","templated":true}]}}