{"id":32885,"date":"2025-02-20T23:32:55","date_gmt":"2025-02-20T22:32:55","guid":{"rendered":"http:\/\/olemosaic.com\/producto\/iman-de-resina-bailaora-malaga-75-cm\/"},"modified":"2025-07-25T18:45:29","modified_gmt":"2025-07-25T16:45:29","slug":"iman-de-resina-bailarina-flamenco-malaga-7-5-cm","status":"publish","type":"product","link":"https:\/\/olemosaic.com\/pt-pt\/produto\/iman-de-resina-bailarina-flamenco-malaga-7-5-cm\/","title":{"rendered":"\u00cdman de resina. Bailarina de Flamenco. M\u00e1laga. 7,5 cm."},"content":{"rendered":"<p>Este \u00edman de resina de 7,5 cm \u00e9 uma joia artesanal que representa duas bailarinas de flamenco, um s\u00edmbolo ic\u00f3nico de M\u00e1laga. Com uma vibrante paleta de cores, as bailarinas usam trajes repletos de folhos em tons chamativos de vermelho, azul e amarelo, que evocam a energia e a paix\u00e3o caracter\u00edsticas da arte flamenca. A aten\u00e7\u00e3o ao detalhe \u00e9 impressionante, captando movimentos elegantes e gestos que convidam a recordar a alegria de uma festa flamenca.<\/p>\n<p>O fundo do \u00edman, com o seu estilo de mosaico, evoca a rica cultura e tradi\u00e7\u00e3o andaluza, uma alus\u00e3o \u00e0 famosa cer\u00e2mica da regi\u00e3o e \u00e0 est\u00e9tica das coloridas ruas malaguenhas. Este elemento n\u00e3o s\u00f3 acrescenta um toque art\u00edstico, como tamb\u00e9m liga quem o possui \u00e0 heran\u00e7a cultural da cidade.<\/p>\n<p>Como recorda\u00e7\u00e3o de M\u00e1laga, este \u00edman n\u00e3o \u00e9 apenas um lembrete visual de momentos especiais, mas tamb\u00e9m uma excelente op\u00e7\u00e3o para turistas que procuram recorda\u00e7\u00f5es aut\u00eanticas e representativas da sua visita. Na Ol\u00e9 Mosaic, orgulhamo-nos de oferecer produtos de qualidade por grosso, e este \u00edman de bailarinas \u00e9 perfeito para lojas de presentes tur\u00edsticos que desejem adicionar \u00e0 sua cole\u00e7\u00e3o souvenirs de flamenco aut\u00eanticos e culturais.<\/p>\n","protected":false},"excerpt":{"rendered":"<p>\u00cdman de 7,5 cm que representa duas bailarinas de flamenco, um s\u00edmbolo ic\u00f3nico de M\u00e1laga. Este colorido \u00edman mostra as bailarinas com trajes vibrantes, adornados com folhos em tons vermelhos, azuis e amarelos, que evocam a energia da arte flamenca. O fundo, com um estilo de mosaico, sugere a rica cultura e tradi\u00e7\u00e3o andaluzas. Perfeito para recordar momentos especiais na cidade.<\/p>\n","protected":false},"featured_media":13810,"template":"","meta":{"_acf_changed":false},"product_brand":[],"product_cat":[699],"product_tag":[],"class_list":{"0":"post-32885","1":"product","2":"type-product","3":"status-publish","4":"has-post-thumbnail","6":"product_cat-imanes","7":"pa_ciudad-malaga","8":"pa_motivo-dancarinos","9":"pa_pais-espana","11":"first","12":"instock","13":"shipping-taxable","14":"product-type-simple"},"acf":[],"_links":{"self":[{"href":"https:\/\/olemosaic.com\/pt-pt\/wp-json\/wp\/v2\/product\/32885","targetHints":{"allow":["GET"]}}],"collection":[{"href":"https:\/\/olemosaic.com\/pt-pt\/wp-json\/wp\/v2\/product"}],"about":[{"href":"https:\/\/olemosaic.com\/pt-pt\/wp-json\/wp\/v2\/types\/product"}],"wp:featuredmedia":[{"embeddable":true,"href":"https:\/\/olemosaic.com\/pt-pt\/wp-json\/wp\/v2\/media\/13810"}],"wp:attachment":[{"href":"https:\/\/olemosaic.com\/pt-pt\/wp-json\/wp\/v2\/media?parent=32885"}],"wp:term":[{"taxonomy":"product_brand","embeddable":true,"href":"https:\/\/olemosaic.com\/pt-pt\/wp-json\/wp\/v2\/product_brand?post=32885"},{"taxonomy":"product_cat","embeddable":true,"href":"https:\/\/olemosaic.com\/pt-pt\/wp-json\/wp\/v2\/product_cat?post=32885"},{"taxonomy":"product_tag","embeddable":true,"href":"https:\/\/olemosaic.com\/pt-pt\/wp-json\/wp\/v2\/product_tag?post=32885"}],"curies":[{"name":"wp","href":"https:\/\/api.w.org\/{rel}","templated":true}]}}