{"id":32884,"date":"2025-02-20T23:32:55","date_gmt":"2025-02-20T22:32:55","guid":{"rendered":"http:\/\/olemosaic.com\/producto\/iman-de-resina-bailaora-sevilla-75-cm\/"},"modified":"2025-07-25T20:17:42","modified_gmt":"2025-07-25T18:17:42","slug":"iman-de-resina-bailarina-flamenco-sevilha-7-5-cm","status":"publish","type":"product","link":"https:\/\/olemosaic.com\/pt-pt\/produto\/iman-de-resina-bailarina-flamenco-sevilha-7-5-cm\/","title":{"rendered":"\u00cdman de resina. Bailarina de Flamenco. Sevilha. 7,5 cm."},"content":{"rendered":"<p>Este \u00edman de resina de 7,5 cm \u00e9 uma recorda\u00e7\u00e3o vibrante de Sevilha que capta a ess\u00eancia do flamenco. O seu design colorido apresenta duas bailarinas que, com os seus espetaculares trajes de folhos em tons vermelhos e azuis, parecem ganhar vida sobre um fundo caracter\u00edstico que recorda um mosaico andaluz. As bailarinas, adornadas com flores nos seus cabelos escuros, encontram-se imersas na dan\u00e7a, transmitindo o movimento, a alegria e a paix\u00e3o do baile flamenco. A palavra &#8220;SEVILLA&#8221; destaca-se em letras chamativas, enfatizando a liga\u00e7\u00e3o cultural deste souvenir com a bela cidade, ber\u00e7o do flamenco.<\/p>\n<p>Este \u00edman n\u00e3o se destaca apenas pela sua est\u00e9tica, mas tamb\u00e9m pela sua autenticidade como recorda\u00e7\u00e3o representativa da rica tradi\u00e7\u00e3o andaluza. Ideal para turistas que procuram levar um pedacinho de Sevilha, este souvenir \u00e9 perfeito para recordar as vibrantes festas e o ambiente festivo da cidade. A Ol\u00e9 Mosaic orgulha-se de ser distribuidora grossista de souvenirs, oferecendo este encantador \u00edman de flamenco que, sem d\u00favida, atrair\u00e1 a aten\u00e7\u00e3o das lojas de presentes tur\u00edsticos. Um \u00edman de resina que real\u00e7a a cultura espanhola e o seu inestim\u00e1vel patrim\u00f3nio art\u00edstico.<\/p>\n","protected":false},"excerpt":{"rendered":"<p>\u00cdman de 7,5 cm que capta a ess\u00eancia do flamenco sevilhano. Esta colorida representa\u00e7\u00e3o mostra duas bailarinas vestidas com vibrantes trajes de folhos, sobre um fundo que simula um mosaico. As bailarinas, adornadas com flores no cabelo, transmitem o movimento e a alegria do baile andaluz, enquanto a palavra &#8220;SEVILLA&#8221;, em letras chamativas, destaca a representa\u00e7\u00e3o cultural. Um souvenir aut\u00eantico e alegre, ideal para levar um pedacinho de Sevilha.<\/p>\n","protected":false},"featured_media":13809,"template":"","meta":{"_acf_changed":false},"product_brand":[],"product_cat":[699],"product_tag":[],"class_list":{"0":"post-32884","1":"product","2":"type-product","3":"status-publish","4":"has-post-thumbnail","6":"product_cat-imanes","7":"pa_ciudad-sevilla","8":"pa_motivo-dancarinos","9":"pa_pais-espana","11":"first","12":"instock","13":"shipping-taxable","14":"product-type-simple"},"acf":[],"_links":{"self":[{"href":"https:\/\/olemosaic.com\/pt-pt\/wp-json\/wp\/v2\/product\/32884","targetHints":{"allow":["GET"]}}],"collection":[{"href":"https:\/\/olemosaic.com\/pt-pt\/wp-json\/wp\/v2\/product"}],"about":[{"href":"https:\/\/olemosaic.com\/pt-pt\/wp-json\/wp\/v2\/types\/product"}],"wp:featuredmedia":[{"embeddable":true,"href":"https:\/\/olemosaic.com\/pt-pt\/wp-json\/wp\/v2\/media\/13809"}],"wp:attachment":[{"href":"https:\/\/olemosaic.com\/pt-pt\/wp-json\/wp\/v2\/media?parent=32884"}],"wp:term":[{"taxonomy":"product_brand","embeddable":true,"href":"https:\/\/olemosaic.com\/pt-pt\/wp-json\/wp\/v2\/product_brand?post=32884"},{"taxonomy":"product_cat","embeddable":true,"href":"https:\/\/olemosaic.com\/pt-pt\/wp-json\/wp\/v2\/product_cat?post=32884"},{"taxonomy":"product_tag","embeddable":true,"href":"https:\/\/olemosaic.com\/pt-pt\/wp-json\/wp\/v2\/product_tag?post=32884"}],"curies":[{"name":"wp","href":"https:\/\/api.w.org\/{rel}","templated":true}]}}