{"id":32883,"date":"2025-02-20T23:32:55","date_gmt":"2025-02-20T22:32:55","guid":{"rendered":"http:\/\/olemosaic.com\/producto\/iman-de-resina-panoramica-barcelona-65-cm\/"},"modified":"2025-07-25T20:14:57","modified_gmt":"2025-07-25T18:14:57","slug":"iman-de-resina-panoramica-barcelona-6-5-cm","status":"publish","type":"product","link":"https:\/\/olemosaic.com\/pt-pt\/produto\/iman-de-resina-panoramica-barcelona-6-5-cm\/","title":{"rendered":"\u00cdman de resina. Panor\u00e2mica. Barcelona. 6,5 cm."},"content":{"rendered":"<p>Este \u00edman de resina de 6,5 cm \u00e9 uma recorda\u00e7\u00e3o fascinante de Barcelona que capta a ess\u00eancia da cidade com uma vibrante panor\u00e2mica dos seus monumentos mais emblem\u00e1ticos. O design colorido, que evoca as formas de mosaico do c\u00e9lebre artista Antoni Gaud\u00ed, apresenta a majestosa Sagrada Fam\u00edlia, o colorido Parque G\u00fcell e a emblem\u00e1tica Casa Batll\u00f3, tudo sobre um fundo branco que real\u00e7a os detalhes art\u00edsticos. A palavra &#8220;Barcelona&#8221; est\u00e1 elegantemente impressa na parte inferior, acrescentando um toque distintivo ao produto.<\/p>\n<p>Este \u00edman n\u00e3o \u00e9 apenas um objeto decorativo, mas tamb\u00e9m um lembrete tang\u00edvel da rica heran\u00e7a cultural de Barcelona e das suas maravilhas arquitect\u00f3nicas. Sendo uma recorda\u00e7\u00e3o representativa, \u00e9 uma excelente op\u00e7\u00e3o para turistas que procuram levar um pedacinho da cidade para casa. A sua autenticidade e design atraente tornam-no um artigo ideal para lojas de presentes tur\u00edsticos que desejam oferecer produtos que reflitam a aut\u00eantica cultura local.<\/p>\n<p>Na Ol\u00e9 Mosaic, especializamo-nos na distribui\u00e7\u00e3o de recorda\u00e7\u00f5es por grosso, oferecendo magn\u00edficos souvenirs de Barcelona, como este \u00edman de resina, perfeito para quem valoriza a qualidade e a relev\u00e2ncia cultural. Este \u00edman \u00e9 uma escolha excecional para aqueles que desejam recordar a sua visita a uma das cidades mais vibrantes de Espanha.<\/p>\n","protected":false},"excerpt":{"rendered":"<p>\u00cdman de 6,5 cm com uma vibrante panor\u00e2mica de Barcelona que representa os monumentos mais emblem\u00e1ticos da cidade. Este atraente \u00edman apresenta um design colorido com formas de mosaico que captam a Sagrada Fam\u00edlia, o Parque G\u00fcell e a Casa Batll\u00f3, tudo sobre um fundo branco que real\u00e7a os detalhes art\u00edsticos. A palavra &#8220;Barcelona&#8221; est\u00e1 elegantemente impressa na parte inferior, o que torna este produto o souvenir perfeito para recordar a ess\u00eancia da cidade.<\/p>\n","protected":false},"featured_media":9328,"template":"","meta":{"_acf_changed":false},"product_brand":[],"product_cat":[699],"product_tag":[],"class_list":{"0":"post-32883","1":"product","2":"type-product","3":"status-publish","4":"has-post-thumbnail","6":"product_cat-imanes","7":"pa_ciudad-barcelona","8":"pa_motivo-panoramas","9":"pa_pais-espana","11":"first","12":"instock","13":"shipping-taxable","14":"product-type-simple"},"acf":[],"_links":{"self":[{"href":"https:\/\/olemosaic.com\/pt-pt\/wp-json\/wp\/v2\/product\/32883","targetHints":{"allow":["GET"]}}],"collection":[{"href":"https:\/\/olemosaic.com\/pt-pt\/wp-json\/wp\/v2\/product"}],"about":[{"href":"https:\/\/olemosaic.com\/pt-pt\/wp-json\/wp\/v2\/types\/product"}],"wp:featuredmedia":[{"embeddable":true,"href":"https:\/\/olemosaic.com\/pt-pt\/wp-json\/wp\/v2\/media\/9328"}],"wp:attachment":[{"href":"https:\/\/olemosaic.com\/pt-pt\/wp-json\/wp\/v2\/media?parent=32883"}],"wp:term":[{"taxonomy":"product_brand","embeddable":true,"href":"https:\/\/olemosaic.com\/pt-pt\/wp-json\/wp\/v2\/product_brand?post=32883"},{"taxonomy":"product_cat","embeddable":true,"href":"https:\/\/olemosaic.com\/pt-pt\/wp-json\/wp\/v2\/product_cat?post=32883"},{"taxonomy":"product_tag","embeddable":true,"href":"https:\/\/olemosaic.com\/pt-pt\/wp-json\/wp\/v2\/product_tag?post=32883"}],"curies":[{"name":"wp","href":"https:\/\/api.w.org\/{rel}","templated":true}]}}