{"id":32882,"date":"2025-02-20T23:32:55","date_gmt":"2025-02-20T22:32:55","guid":{"rendered":"http:\/\/olemosaic.com\/producto\/iman-de-resina-flores-madrid-10-cm\/"},"modified":"2025-07-25T18:52:50","modified_gmt":"2025-07-25T16:52:50","slug":"iman-de-resina-flores-madrid-10-cm-pt-pt","status":"publish","type":"product","link":"https:\/\/olemosaic.com\/pt-pt\/produto\/iman-de-resina-flores-madrid-10-cm-pt-pt\/","title":{"rendered":"\u00cdman de resina. Flores. Madrid. 10 cm."},"content":{"rendered":"<p>Este \u00edman de resina de 10 cm, inspirado no vibrante estilo madrileno, \u00e9 uma pe\u00e7a colorida e alegre que capta a ess\u00eancia festiva da capital espanhola. Com forma de lagartixa, este atraente souvenir \u00e9 pintado \u00e0 m\u00e3o e apresenta um design repleto de flores e motivos aleg\u00f3ricos que evocam a rica diversidade cultural da cidade. A paleta de cores vivas inclui tons vermelhos, azuis e verdes, criando um efeito visual impactante e alegre que real\u00e7a o car\u00e1cter din\u00e2mico de Madrid. A palavra &#8220;MADRID&#8221; situa-se no centro, conferindo um toque pessoal que torna este \u00edman uma recorda\u00e7\u00e3o aut\u00eantica e representativa, perfeita para quem deseja levar um peda\u00e7o da cidade.<\/p>\n<p>Ideal para decorar qualquer superf\u00edcie met\u00e1lica, este \u00edman \u00e9 mais do que um simples acess\u00f3rio; \u00e9 um s\u00edmbolo da vibrante vida madrilena e da sua rica tradi\u00e7\u00e3o. Na Ol\u00e9 Mosaic, especializamo-nos na distribui\u00e7\u00e3o de souvenirs por grosso, oferecendo artigos que se destacam pela sua qualidade e relev\u00e2ncia cultural. Este \u00edman de flores \u00e9 uma excelente op\u00e7\u00e3o para lojas de presentes tur\u00edsticos que procuram souvenirs \u00fanicos e aut\u00eanticos de Madrid, captando a ess\u00eancia da cidade num objeto pequeno mas significativo. Como grossistas de souvenirs, garantimos a autenticidade e o atrativo de cada produto, fazendo com que cada compra seja um investimento na cultura local.<\/p>\n","protected":false},"excerpt":{"rendered":"<p>\u00cdman de 10 cm inspirado no estilo vibrante de Madrid, com forma de uma colorida lagartixa. Este atraente \u00edman apresenta um design artesanal, pintado \u00e0 m\u00e3o, repleto de flores e motivos aleg\u00f3ricos, destacando uma paleta de cores vivas que inclui vermelhos, azuis e verdes. A palavra &#8220;MADRID&#8221; situa-se no centro, oferecendo um toque pessoal a este souvenir que capta a ess\u00eancia festiva da cidade. Ideal para decorar qualquer superf\u00edcie met\u00e1lica.<\/p>\n","protected":false},"featured_media":10577,"template":"","meta":{"_acf_changed":false},"product_brand":[],"product_cat":[699],"product_tag":[],"class_list":{"0":"post-32882","1":"product","2":"type-product","3":"status-publish","4":"has-post-thumbnail","6":"product_cat-imanes","7":"pa_ciudad-madrid","8":"pa_motivo-flores","9":"pa_pais-espana","11":"first","12":"instock","13":"shipping-taxable","14":"product-type-simple"},"acf":[],"_links":{"self":[{"href":"https:\/\/olemosaic.com\/pt-pt\/wp-json\/wp\/v2\/product\/32882","targetHints":{"allow":["GET"]}}],"collection":[{"href":"https:\/\/olemosaic.com\/pt-pt\/wp-json\/wp\/v2\/product"}],"about":[{"href":"https:\/\/olemosaic.com\/pt-pt\/wp-json\/wp\/v2\/types\/product"}],"wp:featuredmedia":[{"embeddable":true,"href":"https:\/\/olemosaic.com\/pt-pt\/wp-json\/wp\/v2\/media\/10577"}],"wp:attachment":[{"href":"https:\/\/olemosaic.com\/pt-pt\/wp-json\/wp\/v2\/media?parent=32882"}],"wp:term":[{"taxonomy":"product_brand","embeddable":true,"href":"https:\/\/olemosaic.com\/pt-pt\/wp-json\/wp\/v2\/product_brand?post=32882"},{"taxonomy":"product_cat","embeddable":true,"href":"https:\/\/olemosaic.com\/pt-pt\/wp-json\/wp\/v2\/product_cat?post=32882"},{"taxonomy":"product_tag","embeddable":true,"href":"https:\/\/olemosaic.com\/pt-pt\/wp-json\/wp\/v2\/product_tag?post=32882"}],"curies":[{"name":"wp","href":"https:\/\/api.w.org\/{rel}","templated":true}]}}