{"id":32881,"date":"2025-02-20T23:32:54","date_gmt":"2025-02-20T22:32:54","guid":{"rendered":"http:\/\/olemosaic.com\/producto\/iman-de-resina-panoramica-barcelona-3\/"},"modified":"2025-07-25T20:42:27","modified_gmt":"2025-07-25T18:42:27","slug":"iman-de-resina-panoramica-barcelona-3-pt-pt","status":"publish","type":"product","link":"https:\/\/olemosaic.com\/pt-pt\/produto\/iman-de-resina-panoramica-barcelona-3-pt-pt\/","title":{"rendered":"\u00cdman de resina. Panor\u00e2mica. Sagrada Fam\u00edlia. Barcelona."},"content":{"rendered":"<p>Este \u00edman de resina, com uma vibrante panor\u00e2mica de Barcelona, \u00e9 a recorda\u00e7\u00e3o ideal para quem deseja levar um pedacinho \u00fanico da capital catal\u00e3. Desenhado com um estilo de mosaico que evoca as obras do famoso arquiteto Antoni Gaud\u00ed, este colorido \u00edman apresenta \u00edcones emblem\u00e1ticos da cidade, como a Sagrada Fam\u00edlia, a Casa Batll\u00f3 e o Parque G\u00fcell. Com uma representa\u00e7\u00e3o detalhada de cada monumento, as cores vivas e os contornos cuidadosamente delineados real\u00e7am a beleza arquitect\u00f3nica que define Barcelona.<\/p>\n<p>A base do \u00edman destaca o nome &#8220;Barcelona&#8221; em letras grandes e chamativas, o que torna este produto n\u00e3o apenas um artigo decorativo, mas tamb\u00e9m uma pe\u00e7a funcional para qualquer frigor\u00edfico. A textura da resina confere um acabamento brilhante e duradouro, garantindo que cada visita ao frigor\u00edfico recorde momentos inesquec\u00edveis nesta cidade cheia de hist\u00f3ria e modernidade.<\/p>\n<p>Ao adquirir este \u00edman, n\u00e3o est\u00e1 apenas a comprar uma recorda\u00e7\u00e3o, mas tamb\u00e9m um fragmento da rica cultura catal\u00e3, perfeito para turistas que procuram souvenirs representativos e aut\u00eanticos. Na Ol\u00e9 Mosaic, como grossistas de souvenirs de Barcelona, garantimos que cada pe\u00e7a evoca a ess\u00eancia desta magn\u00edfica cidade, tornando-a uma excelente op\u00e7\u00e3o para lojas de presentes tur\u00edsticos que procuram qualidade e autenticidade.<\/p>\n","protected":false},"excerpt":{"rendered":"<p>\u00cdman com uma vibrante panor\u00e2mica de Barcelona, que capta a ess\u00eancia da cidade modernista. Este colorido \u00edman apresenta \u00edcones emblem\u00e1ticos como a Sagrada Fam\u00edlia, a Casa Batll\u00f3 e o Parque G\u00fcell, todos eles representados num design estilo mosaico que recorda as obras de Gaud\u00ed. Com detalhes em m\u00faltiplas cores e uma base que real\u00e7a o nome &#8220;Barcelona&#8221;, este souvenir \u00e9 perfeito para recordar a beleza arquitect\u00f3nica e cultural da cidade.<\/p>\n","protected":false},"featured_media":9355,"template":"","meta":{"_acf_changed":false},"product_brand":[],"product_cat":[699],"product_tag":[],"class_list":{"0":"post-32881","1":"product","2":"type-product","3":"status-publish","4":"has-post-thumbnail","6":"product_cat-imanes","7":"pa_ciudad-barcelona","8":"pa_motivo-panoramas","9":"pa_pais-espana","11":"first","12":"instock","13":"shipping-taxable","14":"product-type-simple"},"acf":[],"_links":{"self":[{"href":"https:\/\/olemosaic.com\/pt-pt\/wp-json\/wp\/v2\/product\/32881","targetHints":{"allow":["GET"]}}],"collection":[{"href":"https:\/\/olemosaic.com\/pt-pt\/wp-json\/wp\/v2\/product"}],"about":[{"href":"https:\/\/olemosaic.com\/pt-pt\/wp-json\/wp\/v2\/types\/product"}],"wp:featuredmedia":[{"embeddable":true,"href":"https:\/\/olemosaic.com\/pt-pt\/wp-json\/wp\/v2\/media\/9355"}],"wp:attachment":[{"href":"https:\/\/olemosaic.com\/pt-pt\/wp-json\/wp\/v2\/media?parent=32881"}],"wp:term":[{"taxonomy":"product_brand","embeddable":true,"href":"https:\/\/olemosaic.com\/pt-pt\/wp-json\/wp\/v2\/product_brand?post=32881"},{"taxonomy":"product_cat","embeddable":true,"href":"https:\/\/olemosaic.com\/pt-pt\/wp-json\/wp\/v2\/product_cat?post=32881"},{"taxonomy":"product_tag","embeddable":true,"href":"https:\/\/olemosaic.com\/pt-pt\/wp-json\/wp\/v2\/product_tag?post=32881"}],"curies":[{"name":"wp","href":"https:\/\/api.w.org\/{rel}","templated":true}]}}