{"id":32845,"date":"2025-02-20T23:32:54","date_gmt":"2025-02-20T22:32:54","guid":{"rendered":"http:\/\/olemosaic.com\/producto\/iman-de-resina-panoramica-barcelona-2\/"},"modified":"2025-07-25T18:56:39","modified_gmt":"2025-07-25T16:56:39","slug":"iman-de-resina-panoramica-barcelona-2-pt-pt","status":"publish","type":"product","link":"https:\/\/olemosaic.com\/pt-pt\/produto\/iman-de-resina-panoramica-barcelona-2-pt-pt\/","title":{"rendered":"\u00cdman de resina. Panor\u00e2mica. Mosaico. Barcelona."},"content":{"rendered":"<p>Este \u00edman de resina, com uma panor\u00e2mica colorida de Barcelona, \u00e9 a recorda\u00e7\u00e3o perfeita para quem deseja levar consigo a ess\u00eancia desta vibrante cidade catal\u00e3. O design apresenta uma representa\u00e7\u00e3o ic\u00f3nica da Sagrada Fam\u00edlia, uma obra-prima do modernismo arquitet\u00f3nico, rodeada de outros edif\u00edcios emblem\u00e1ticos como a Casa Batll\u00f3 e a Torre Gl\u00f2ries, todos ilustrados com um estilo inspirado em mosaicos. Esta t\u00e9cnica, que evoca o legado do famoso arquiteto Antoni Gaud\u00ed, traduz-se numa explos\u00e3o de cores vibrantes, com tons vermelhos, azuis e verdes, que conferem ao \u00edman uma apar\u00eancia din\u00e2mica e cativante. Al\u00e9m disso, a palavra &#8220;Barcelona&#8221; \u00e9 apresentada em letras decorativas, acrescentando um toque distintivo e pessoal.<\/p>\n<p>Este \u00edman n\u00e3o \u00e9 apenas um souvenir pr\u00e1tico, mas tamb\u00e9m se destaca como uma pe\u00e7a de arte que captura a magia e a singularidade da capital catal\u00e3. Os visitantes poder\u00e3o recordar a sua estadia em Barcelona com esta recorda\u00e7\u00e3o aut\u00eantica que reflete a rica hist\u00f3ria cultural e arquitet\u00f3nica da cidade. Na Ol\u00e9 Mosaic, especializamo-nos na distribui\u00e7\u00e3o de souvenirs por grosso, oferecendo este \u00edman de Barcelona e outros produtos que celebram a diversidade cultural espanhola. Ideal para lojas de presentes tur\u00edsticos, este \u00edman \u00e9 uma op\u00e7\u00e3o memor\u00e1vel para quem procura recorda\u00e7\u00f5es aut\u00eanticas e de qualidade da sua visita.<\/p>\n","protected":false},"excerpt":{"rendered":"<p>\u00cdman com uma panor\u00e2mica colorida de Barcelona, onde se destacam a emblem\u00e1tica Sagrada Fam\u00edlia e o modernismo arquitet\u00f3nico da cidade. Este atraente \u00edman apresenta um design inspirado em mosaicos, com detalhes vibrantes em tons de vermelho, azul e verde. Inclui a palavra &#8220;Barcelona&#8221; em letras decorativas, o que lhe confere um toque distintivo. Perfeito para recordar a ess\u00eancia da cidade, ideal como souvenir ou presente.<\/p>\n","protected":false},"featured_media":9345,"template":"","meta":{"_acf_changed":false},"product_brand":[],"product_cat":[699],"product_tag":[],"class_list":{"0":"post-32845","1":"product","2":"type-product","3":"status-publish","4":"has-post-thumbnail","6":"product_cat-imanes","7":"pa_ciudad-barcelona","8":"pa_motivo-panoramas","9":"pa_pais-espana","11":"first","12":"instock","13":"shipping-taxable","14":"product-type-simple"},"acf":[],"_links":{"self":[{"href":"https:\/\/olemosaic.com\/pt-pt\/wp-json\/wp\/v2\/product\/32845","targetHints":{"allow":["GET"]}}],"collection":[{"href":"https:\/\/olemosaic.com\/pt-pt\/wp-json\/wp\/v2\/product"}],"about":[{"href":"https:\/\/olemosaic.com\/pt-pt\/wp-json\/wp\/v2\/types\/product"}],"wp:featuredmedia":[{"embeddable":true,"href":"https:\/\/olemosaic.com\/pt-pt\/wp-json\/wp\/v2\/media\/9345"}],"wp:attachment":[{"href":"https:\/\/olemosaic.com\/pt-pt\/wp-json\/wp\/v2\/media?parent=32845"}],"wp:term":[{"taxonomy":"product_brand","embeddable":true,"href":"https:\/\/olemosaic.com\/pt-pt\/wp-json\/wp\/v2\/product_brand?post=32845"},{"taxonomy":"product_cat","embeddable":true,"href":"https:\/\/olemosaic.com\/pt-pt\/wp-json\/wp\/v2\/product_cat?post=32845"},{"taxonomy":"product_tag","embeddable":true,"href":"https:\/\/olemosaic.com\/pt-pt\/wp-json\/wp\/v2\/product_tag?post=32845"}],"curies":[{"name":"wp","href":"https:\/\/api.w.org\/{rel}","templated":true}]}}