{"id":32844,"date":"2025-02-20T23:32:54","date_gmt":"2025-02-20T22:32:54","guid":{"rendered":"http:\/\/olemosaic.com\/producto\/iman-de-resina-salamandra-y-flores-barcelona\/"},"modified":"2025-07-25T19:22:53","modified_gmt":"2025-07-25T17:22:53","slug":"iman-de-resina-salamandra-e-flores-barcelona","status":"publish","type":"product","link":"https:\/\/olemosaic.com\/pt-pt\/produto\/iman-de-resina-salamandra-e-flores-barcelona\/","title":{"rendered":"\u00cdman de resina. Salamandra e flores. Barcelona."},"content":{"rendered":"<p>Este \u00edman de resina, com um design vibrante de salamandras e flores, \u00e9 uma recorda\u00e7\u00e3o ideal que captura a ess\u00eancia art\u00edstica de Barcelona. Inspirado na famosa est\u00e9tica dos mosaicos da cidade, o \u00edman apresenta duas salamandras de cores intensas: um vermelho brilhante e um verde esmeralda, que simbolizam a vitalidade da fauna local e a criatividade que caracteriza a urbe. Rodeadas por uma alegre variedade de flores em tons saturados, como amarelos, rosas e azuis, as ilustra\u00e7\u00f5es criam um belo contraste que evoca a diversidade floral dos parques de Barcelona.<\/p>\n<p>A palavra &#8220;Barcelona&#8221; destaca-se no centro, proporcionando um toque pessoal que faz com que este objeto n\u00e3o seja apenas decorativo, mas tamb\u00e9m uma recorda\u00e7\u00e3o significativa do local onde foi adquirido. Ideal para adornar o seu frigor\u00edfico ou qualquer superf\u00edcie met\u00e1lica, este \u00edman \u00e9, al\u00e9m de pr\u00e1tico, uma homenagem \u00e0 rica heran\u00e7a cultural que Barcelona representa, onde cada esquina conta uma hist\u00f3ria.<\/p>\n<p>Na Ol\u00e9 Mosaic, oferecemos uma vasta gama de souvenirs de qualidade por grosso, e este \u00edman de salamandra \u00e9 uma excelente op\u00e7\u00e3o para lojas de presentes tur\u00edsticos que procuram produtos aut\u00eanticos e representativos. Como distribuidores de souvenirs, garantimos a autenticidade de cada pe\u00e7a, tornando-a uma recorda\u00e7\u00e3o excecional da vibrante cultura barcelonesa.<\/p>\n","protected":false},"excerpt":{"rendered":"<p>\u00cdman com design de salamandras e flores, inspirado na vibrante est\u00e9tica de Barcelona. Esta recorda\u00e7\u00e3o colorida apresenta um estilo que evoca os famosos mosaicos da cidade, com salamandras em tons de vermelho e verde, rodeadas de flores numa variedade de cores brilhantes. A palavra &#8220;Barcelona&#8221; destaca-se no centro, tornando este \u00edman numa pe\u00e7a ideal para recordar a diversidade cultural e art\u00edstica da cidade. Perfeito para adornar o seu frigor\u00edfico ou qualquer superf\u00edcie met\u00e1lica.<\/p>\n","protected":false},"featured_media":9348,"template":"","meta":{"_acf_changed":false},"product_brand":[],"product_cat":[699],"product_tag":[516],"class_list":{"0":"post-32844","1":"product","2":"type-product","3":"status-publish","4":"has-post-thumbnail","6":"product_cat-imanes","7":"product_tag-animais","8":"pa_ciudad-barcelona","9":"pa_motivo-salamandras","10":"pa_pais-espana","12":"first","13":"instock","14":"shipping-taxable","15":"product-type-simple"},"acf":[],"_links":{"self":[{"href":"https:\/\/olemosaic.com\/pt-pt\/wp-json\/wp\/v2\/product\/32844","targetHints":{"allow":["GET"]}}],"collection":[{"href":"https:\/\/olemosaic.com\/pt-pt\/wp-json\/wp\/v2\/product"}],"about":[{"href":"https:\/\/olemosaic.com\/pt-pt\/wp-json\/wp\/v2\/types\/product"}],"wp:featuredmedia":[{"embeddable":true,"href":"https:\/\/olemosaic.com\/pt-pt\/wp-json\/wp\/v2\/media\/9348"}],"wp:attachment":[{"href":"https:\/\/olemosaic.com\/pt-pt\/wp-json\/wp\/v2\/media?parent=32844"}],"wp:term":[{"taxonomy":"product_brand","embeddable":true,"href":"https:\/\/olemosaic.com\/pt-pt\/wp-json\/wp\/v2\/product_brand?post=32844"},{"taxonomy":"product_cat","embeddable":true,"href":"https:\/\/olemosaic.com\/pt-pt\/wp-json\/wp\/v2\/product_cat?post=32844"},{"taxonomy":"product_tag","embeddable":true,"href":"https:\/\/olemosaic.com\/pt-pt\/wp-json\/wp\/v2\/product_tag?post=32844"}],"curies":[{"name":"wp","href":"https:\/\/api.w.org\/{rel}","templated":true}]}}