{"id":32843,"date":"2025-02-20T23:32:54","date_gmt":"2025-02-20T22:32:54","guid":{"rendered":"http:\/\/olemosaic.com\/producto\/iman-de-resina-panoramica-barcelona\/"},"modified":"2025-07-25T20:14:36","modified_gmt":"2025-07-25T18:14:36","slug":"iman-de-resina-panoramica-barcelona-pt-pt","status":"publish","type":"product","link":"https:\/\/olemosaic.com\/pt-pt\/produto\/iman-de-resina-panoramica-barcelona-pt-pt\/","title":{"rendered":"\u00cdman de resina. Panor\u00e2mica. Barcelona."},"content":{"rendered":"<p>Este \u00edman de resina com forma de janela \u00e9 uma recorda\u00e7\u00e3o encantadora que captura a ess\u00eancia de Barcelona, uma das cidades mais emblem\u00e1ticas de Espanha. Com um design vibrante que mostra uma panor\u00e2mica dos seus monumentos mais ic\u00f3nicos, este \u00edman destaca a majestade da Sagrada Fam\u00edlia, a arquitetura colorida do Parque G\u00fcell e outros elementos representativos da cidade, tudo decorado com cores alegres e um estilo que evoca a t\u00e9cnica do mosaico, t\u00e3o caracter\u00edstica da obra de Antoni Gaud\u00ed. A inscri\u00e7\u00e3o &#8220;Barcelona&#8221; na parte superior acrescenta um toque distintivo, tornando este produto numa aut\u00eantica celebra\u00e7\u00e3o da cultura catal\u00e3.<\/p>\n<p>Cada detalhe deste \u00edman \u00e9 cuidadosamente elaborado, desde as formas estilizadas dos edif\u00edcios at\u00e9 \u00e0s cores vivas que parecem ganhar vida. O seu design \u00fanico torna-o um excelente souvenir para turistas que desejam levar um pedacinho de Barcelona para casa. Este \u00edman n\u00e3o \u00e9 apenas um objeto funcional para decorar o frigor\u00edfico, mas tamb\u00e9m uma pe\u00e7a art\u00edstica que representa o patrim\u00f3nio cultural da cidade, ideal para quem procura souvenirs aut\u00eanticos e de qualidade.<\/p>\n<p>Na Ol\u00e9 Mosaic, especializamo-nos na distribui\u00e7\u00e3o de souvenirs por grosso, e este \u00edman com a panor\u00e2mica de Barcelona \u00e9 uma op\u00e7\u00e3o perfeita para lojas de presentes tur\u00edsticos que desejam oferecer produtos que refletem a riqueza cultural de Espanha. Com este \u00edman, cada compra \u00e9 um convite para redescobrir a beleza e a arte de Barcelona.<\/p>\n","protected":false},"excerpt":{"rendered":"<p>\u00cdman com forma de janela que oferece uma panor\u00e2mica encantadora de Barcelona. Este \u00edman destaca-se pelo seu design vibrante, que inclui monumentos emblem\u00e1ticos como a Sagrada Fam\u00edlia e o Park G\u00fcell, representados com cores alegres e detalhes em estilo mosaico. A palavra &#8220;Barcelona&#8221; coroa a parte superior, acrescentando um toque distintivo. Ideal para recordar a beleza desta cidade mediterr\u00e2nica.<\/p>\n","protected":false},"featured_media":9346,"template":"","meta":{"_acf_changed":false},"product_brand":[],"product_cat":[699],"product_tag":[],"class_list":{"0":"post-32843","1":"product","2":"type-product","3":"status-publish","4":"has-post-thumbnail","6":"product_cat-imanes","7":"pa_ciudad-barcelona","8":"pa_motivo-panoramas","9":"pa_pais-espana","11":"first","12":"instock","13":"shipping-taxable","14":"product-type-simple"},"acf":[],"_links":{"self":[{"href":"https:\/\/olemosaic.com\/pt-pt\/wp-json\/wp\/v2\/product\/32843","targetHints":{"allow":["GET"]}}],"collection":[{"href":"https:\/\/olemosaic.com\/pt-pt\/wp-json\/wp\/v2\/product"}],"about":[{"href":"https:\/\/olemosaic.com\/pt-pt\/wp-json\/wp\/v2\/types\/product"}],"wp:featuredmedia":[{"embeddable":true,"href":"https:\/\/olemosaic.com\/pt-pt\/wp-json\/wp\/v2\/media\/9346"}],"wp:attachment":[{"href":"https:\/\/olemosaic.com\/pt-pt\/wp-json\/wp\/v2\/media?parent=32843"}],"wp:term":[{"taxonomy":"product_brand","embeddable":true,"href":"https:\/\/olemosaic.com\/pt-pt\/wp-json\/wp\/v2\/product_brand?post=32843"},{"taxonomy":"product_cat","embeddable":true,"href":"https:\/\/olemosaic.com\/pt-pt\/wp-json\/wp\/v2\/product_cat?post=32843"},{"taxonomy":"product_tag","embeddable":true,"href":"https:\/\/olemosaic.com\/pt-pt\/wp-json\/wp\/v2\/product_tag?post=32843"}],"curies":[{"name":"wp","href":"https:\/\/api.w.org\/{rel}","templated":true}]}}