{"id":32842,"date":"2025-02-20T23:32:54","date_gmt":"2025-02-20T22:32:54","guid":{"rendered":"http:\/\/olemosaic.com\/producto\/iman-de-resina-isla-tenerife\/"},"modified":"2025-07-25T20:22:18","modified_gmt":"2025-07-25T18:22:18","slug":"iman-de-resina-ilha-tenerife","status":"publish","type":"product","link":"https:\/\/olemosaic.com\/pt-pt\/produto\/iman-de-resina-ilha-tenerife\/","title":{"rendered":"\u00cdman de resina. Ilha. Tenerife."},"content":{"rendered":"<p>Este \u00edman de resina com a forma da ilha de Tenerife \u00e9 uma recorda\u00e7\u00e3o vibrante que evoca a rica diversidade natural deste destino can\u00e1rio. O seu design colorido destaca-se pela representa\u00e7\u00e3o art\u00edstica de lagartos em tons vermelhos, azuis e verdes, que resplandecem sobre um fundo preto que real\u00e7a a sua beleza. A palavra &#8220;Tenerife&#8221; aparece impressa num estilo moderno e apelativo, capturando a ess\u00eancia contempor\u00e2nea do turismo nesta renomeada ilha.<\/p>\n<p>Cada lagarto, meticulosamente esculpido, simboliza a flora e fauna \u00fanicas que caracterizam Tenerife, um detalhe que encantar\u00e1 tanto turistas como amantes da natureza. Este \u00edman n\u00e3o \u00e9 apenas um objeto funcional para decorar o seu frigor\u00edfico, mas tamb\u00e9m uma representa\u00e7\u00e3o aut\u00eantica da cultura can\u00e1ria, tornando-se um excelente souvenir que captura a ess\u00eancia de uma viagem memor\u00e1vel.<\/p>\n<p>Na Ol\u00e9 Mosaic, especializamo-nos na distribui\u00e7\u00e3o de souvenirs por grosso, e este \u00edman de Tenerife \u00e9 uma op\u00e7\u00e3o ideal para lojas de presentes tur\u00edsticos que procuram oferecer produtos aut\u00eanticos e representativos da regi\u00e3o. Com cada compra, os consumidores n\u00e3o s\u00f3 obt\u00eam um objeto decorativo, como tamb\u00e9m um peda\u00e7o de Tenerife, perfeito para recordar a beleza desta ilha m\u00e1gica.<\/p>\n","protected":false},"excerpt":{"rendered":"<p>\u00cdman com a forma da ilha de Tenerife, que destaca motivos t\u00edpicos do local. Este colorido \u00edman apresenta detalhes de lagartos em tons vibrantes, como vermelho, azul e verde, sobre um fundo preto que real\u00e7a a sua beleza. A palavra &#8220;Tenerife&#8221; est\u00e1 impressa com uma tipografia apelativa e moderna. Ideal para adicionar um toque da ilha can\u00e1ria ao seu frigor\u00edfico, evocando a sua rica flora e fauna. Perfeito como recorda\u00e7\u00e3o ou presente.<\/p>\n","protected":false},"featured_media":10424,"template":"","meta":{"_acf_changed":false},"product_brand":[],"product_cat":[699],"product_tag":[],"class_list":{"0":"post-32842","1":"product","2":"type-product","3":"status-publish","4":"has-post-thumbnail","6":"product_cat-imanes","7":"pa_ciudad-tenerife","8":"pa_motivo-ilhas","9":"pa_pais-espana","11":"first","12":"instock","13":"shipping-taxable","14":"product-type-simple"},"acf":[],"_links":{"self":[{"href":"https:\/\/olemosaic.com\/pt-pt\/wp-json\/wp\/v2\/product\/32842","targetHints":{"allow":["GET"]}}],"collection":[{"href":"https:\/\/olemosaic.com\/pt-pt\/wp-json\/wp\/v2\/product"}],"about":[{"href":"https:\/\/olemosaic.com\/pt-pt\/wp-json\/wp\/v2\/types\/product"}],"wp:featuredmedia":[{"embeddable":true,"href":"https:\/\/olemosaic.com\/pt-pt\/wp-json\/wp\/v2\/media\/10424"}],"wp:attachment":[{"href":"https:\/\/olemosaic.com\/pt-pt\/wp-json\/wp\/v2\/media?parent=32842"}],"wp:term":[{"taxonomy":"product_brand","embeddable":true,"href":"https:\/\/olemosaic.com\/pt-pt\/wp-json\/wp\/v2\/product_brand?post=32842"},{"taxonomy":"product_cat","embeddable":true,"href":"https:\/\/olemosaic.com\/pt-pt\/wp-json\/wp\/v2\/product_cat?post=32842"},{"taxonomy":"product_tag","embeddable":true,"href":"https:\/\/olemosaic.com\/pt-pt\/wp-json\/wp\/v2\/product_tag?post=32842"}],"curies":[{"name":"wp","href":"https:\/\/api.w.org\/{rel}","templated":true}]}}