{"id":32841,"date":"2025-02-20T23:32:54","date_gmt":"2025-02-20T22:32:54","guid":{"rendered":"http:\/\/olemosaic.com\/producto\/iman-de-resina-patio-mallorca\/"},"modified":"2025-07-25T18:58:01","modified_gmt":"2025-07-25T16:58:01","slug":"iman-de-resina-patio-maiorca","status":"publish","type":"product","link":"https:\/\/olemosaic.com\/pt-pt\/produto\/iman-de-resina-patio-maiorca\/","title":{"rendered":"\u00cdman de resina. P\u00e1tio. Maiorca."},"content":{"rendered":"<p>Este \u00edman de resina com forma de leque \u00e9 uma recorda\u00e7\u00e3o encantadora que captura a ess\u00eancia vibrante de Maiorca, ideal para turistas que procuram um souvenir aut\u00eantico e representativo da ilha. A ilustra\u00e7\u00e3o mostra uma bailarina de flamenco com um traje de bolas vermelho, realizando uma dan\u00e7a cativante, enquanto um bailarino acompanha a cena com eleg\u00e2ncia. Estes personagens est\u00e3o rodeados de belas flores em vasos, que conferem um toque de cor e frescura, al\u00e9m de elementos decorativos que evocam a tradi\u00e7\u00e3o espanhola, como uma guitarra e lanternas, sobre um fundo de mosaico que recorda os pitorescos p\u00e1tios t\u00edpicos de Maiorca.<\/p>\n<p>A palavra \u201cMALLORCA\u201d, escrita com uma tipografia elegante, integra-se harmonicamente nesta composi\u00e7\u00e3o, real\u00e7ando o car\u00e1cter distintivo do \u00edman. As cores vibrantes e os detalhes intrincados n\u00e3o s\u00f3 refletem a rica cultura da ilha, como tamb\u00e9m evocam o calor e a hospitalidade das suas gentes. Este \u00edman n\u00e3o \u00e9 apenas um objeto decorativo, mas tamb\u00e9m uma recorda\u00e7\u00e3o significativa das experi\u00eancias vividas nesta bela regi\u00e3o.<\/p>\n<p>Na Ol\u00e9 Mosaic, orgulhamo-nos de oferecer souvenirs de Maiorca aut\u00eanticos e de qualidade, perfeitos para lojas de presentes tur\u00edsticos. Este \u00edman de resina n\u00e3o s\u00f3 \u00e9 ideal para levar um peda\u00e7o de Maiorca para casa, como tamb\u00e9m representa uma excelente op\u00e7\u00e3o para as lojas que procuram diversificar a sua oferta com produtos verdadeiramente representativos da cultura espanhola.<\/p>\n","protected":false},"excerpt":{"rendered":"<p>\u00cdman com forma de leque, inspirado no ambiente vibrante de um p\u00e1tio t\u00edpico de Maiorca. Este atraente \u00edman apresenta uma ilustra\u00e7\u00e3o colorida de uma bailarina de flamenco com um vestido de bolas e um bailarino, rodeados de flores em vasos e elementos decorativos como uma guitarra e lanternas. A palavra \u201cMALLORCA\u201d destaca-se numa tipografia elegante, complementando os detalhes art\u00edsticos e a paleta de cores viva que evocam a ess\u00eancia cultural da ilha.<\/p>\n","protected":false},"featured_media":9531,"template":"","meta":{"_acf_changed":false},"product_brand":[],"product_cat":[699],"product_tag":[],"class_list":{"0":"post-32841","1":"product","2":"type-product","3":"status-publish","4":"has-post-thumbnail","6":"product_cat-imanes","7":"pa_ciudad-mallorca","8":"pa_motivo-patios","9":"pa_pais-espana","11":"first","12":"instock","13":"shipping-taxable","14":"product-type-simple"},"acf":[],"_links":{"self":[{"href":"https:\/\/olemosaic.com\/pt-pt\/wp-json\/wp\/v2\/product\/32841","targetHints":{"allow":["GET"]}}],"collection":[{"href":"https:\/\/olemosaic.com\/pt-pt\/wp-json\/wp\/v2\/product"}],"about":[{"href":"https:\/\/olemosaic.com\/pt-pt\/wp-json\/wp\/v2\/types\/product"}],"wp:featuredmedia":[{"embeddable":true,"href":"https:\/\/olemosaic.com\/pt-pt\/wp-json\/wp\/v2\/media\/9531"}],"wp:attachment":[{"href":"https:\/\/olemosaic.com\/pt-pt\/wp-json\/wp\/v2\/media?parent=32841"}],"wp:term":[{"taxonomy":"product_brand","embeddable":true,"href":"https:\/\/olemosaic.com\/pt-pt\/wp-json\/wp\/v2\/product_brand?post=32841"},{"taxonomy":"product_cat","embeddable":true,"href":"https:\/\/olemosaic.com\/pt-pt\/wp-json\/wp\/v2\/product_cat?post=32841"},{"taxonomy":"product_tag","embeddable":true,"href":"https:\/\/olemosaic.com\/pt-pt\/wp-json\/wp\/v2\/product_tag?post=32841"}],"curies":[{"name":"wp","href":"https:\/\/api.w.org\/{rel}","templated":true}]}}