{"id":32840,"date":"2025-02-20T23:32:54","date_gmt":"2025-02-20T22:32:54","guid":{"rendered":"http:\/\/olemosaic.com\/producto\/iman-de-resina-letrero-mallorca\/"},"modified":"2025-07-25T18:43:51","modified_gmt":"2025-07-25T16:43:51","slug":"iman-de-resina-letreiro-maiorca","status":"publish","type":"product","link":"https:\/\/olemosaic.com\/pt-pt\/produto\/iman-de-resina-letreiro-maiorca\/","title":{"rendered":"\u00cdman de resina. Letreiro. Maiorca."},"content":{"rendered":"<p>Este \u00edman de resina com o letreiro &#8220;MALLORCA&#8221; \u00e9 uma recorda\u00e7\u00e3o vibrante e colorida que captura a ess\u00eancia \u00fanica desta ilha bale\u00e1rica. O seu design moderno, com letras decoradas com uma variedade de padr\u00f5es e cores, evoca o famoso mosaico t\u00edpico da regi\u00e3o, tornando este produto uma representa\u00e7\u00e3o perfeita da cultura de Maiorca. Cada letra \u00e9 desenhada com um estilo divertido e din\u00e2mico, utilizando tons intensos que evocam o calor e a alegria do ambiente mediterr\u00e2nico.<\/p>\n<p>O fundo do \u00edman apresenta um estilo de tesselas, acrescentando um toque art\u00edstico que real\u00e7a a liga\u00e7\u00e3o de Maiorca com a sua vasta heran\u00e7a cultural e art\u00edstica. Esta recorda\u00e7\u00e3o n\u00e3o serve apenas como uma lembran\u00e7a, mas tamb\u00e9m adorna qualquer superf\u00edcie met\u00e1lica, desde frigor\u00edficos a quadros, recordando constantemente a quem o v\u00ea as belas paisagens e o ambiente vibrante da ilha.<\/p>\n<p>Perfeito para os turistas que desejam levar um pedacinho de Maiorca, este \u00edman \u00e9 uma excelente op\u00e7\u00e3o para lojas de recorda\u00e7\u00f5es tur\u00edsticas. Na Ol\u00e9 Mosaic, como grossista de recorda\u00e7\u00f5es, garantimos que cada pe\u00e7a destila autenticidade e qualidade, oferecendo aos seus clientes produtos representativos da rica diversidade cultural de Espanha. Com este \u00edman de Maiorca, n\u00e3o s\u00f3 adquire um bonito elemento decorativo, como tamb\u00e9m um peda\u00e7o da alma desta bela ilha.<\/p>\n","protected":false},"excerpt":{"rendered":"<p>\u00cdman com um letreiro colorido que destaca a palavra &#8220;MALLORCA&#8221;, representando a ess\u00eancia vibrante desta ilha bale\u00e1rica. Com um design moderno, as letras s\u00e3o decoradas com diversos padr\u00f5es e cores que evocam o mosaico t\u00edpico da regi\u00e3o. O fundo, com um estilo de tesselas, confere um toque art\u00edstico. Este \u00edman \u00e9 a recorda\u00e7\u00e3o perfeita que captura a beleza e o car\u00e1cter de Maiorca, ideal para adornar qualquer superf\u00edcie met\u00e1lica.<\/p>\n","protected":false},"featured_media":9523,"template":"","meta":{"_acf_changed":false},"product_brand":[],"product_cat":[699],"product_tag":[],"class_list":{"0":"post-32840","1":"product","2":"type-product","3":"status-publish","4":"has-post-thumbnail","6":"product_cat-imanes","7":"pa_ciudad-mallorca","8":"pa_motivo-letreiros-de-cidades","9":"pa_pais-espana","11":"first","12":"instock","13":"shipping-taxable","14":"product-type-simple"},"acf":[],"_links":{"self":[{"href":"https:\/\/olemosaic.com\/pt-pt\/wp-json\/wp\/v2\/product\/32840","targetHints":{"allow":["GET"]}}],"collection":[{"href":"https:\/\/olemosaic.com\/pt-pt\/wp-json\/wp\/v2\/product"}],"about":[{"href":"https:\/\/olemosaic.com\/pt-pt\/wp-json\/wp\/v2\/types\/product"}],"wp:featuredmedia":[{"embeddable":true,"href":"https:\/\/olemosaic.com\/pt-pt\/wp-json\/wp\/v2\/media\/9523"}],"wp:attachment":[{"href":"https:\/\/olemosaic.com\/pt-pt\/wp-json\/wp\/v2\/media?parent=32840"}],"wp:term":[{"taxonomy":"product_brand","embeddable":true,"href":"https:\/\/olemosaic.com\/pt-pt\/wp-json\/wp\/v2\/product_brand?post=32840"},{"taxonomy":"product_cat","embeddable":true,"href":"https:\/\/olemosaic.com\/pt-pt\/wp-json\/wp\/v2\/product_cat?post=32840"},{"taxonomy":"product_tag","embeddable":true,"href":"https:\/\/olemosaic.com\/pt-pt\/wp-json\/wp\/v2\/product_tag?post=32840"}],"curies":[{"name":"wp","href":"https:\/\/api.w.org\/{rel}","templated":true}]}}