{"id":32839,"date":"2025-02-20T23:32:53","date_gmt":"2025-02-20T22:32:53","guid":{"rendered":"http:\/\/olemosaic.com\/producto\/iman-de-resina-salamandra-y-flores-mallorca-75-cm\/"},"modified":"2025-07-25T19:47:50","modified_gmt":"2025-07-25T17:47:50","slug":"iman-de-resina-salamandra-e-flores-maiorca-7-5-cm","status":"publish","type":"product","link":"https:\/\/olemosaic.com\/pt-pt\/produto\/iman-de-resina-salamandra-e-flores-maiorca-7-5-cm\/","title":{"rendered":"\u00cdman de resina. Salamandra e flores. Maiorca. 7,5 cm."},"content":{"rendered":"<p>Este \u00edman de resina, com um design vibrante inspirado na fauna e flora de Maiorca, \u00e9 uma joia decorativa que captura a ess\u00eancia desta bela ilha. Com dimens\u00f5es de 7,5 cm, apresenta um design colorido e din\u00e2mico que mostra duas salamandras estilizadas, cada uma em tons brilhantes, que simbolizam a vitalidade e o esp\u00edrito da natureza de Maiorca. Rodeadas de alegres flores numa paleta de cores diversas, as salamandras acrescentam um toque de alegria e cor a qualquer frigor\u00edfico ou superf\u00edcie met\u00e1lica.<\/p>\n<p>A t\u00e9cnica de mosaico utilizada na cria\u00e7\u00e3o deste \u00edman n\u00e3o s\u00f3 real\u00e7a o artesanato local, como tamb\u00e9m reflete a influ\u00eancia da arte tradicional nas decora\u00e7\u00f5es de Maiorca. No centro do \u00edman, o texto &#8220;MALLORCA&#8221; destaca-se de forma encantadora, ligando diretamente o portador \u00e0 localidade e \u00e0 sua rica heran\u00e7a cultural. Este produto n\u00e3o \u00e9 apenas uma recorda\u00e7\u00e3o, mas um lembrete perfeito da beleza natural e cultural de Maiorca, ideal para turistas que procuram levar consigo um peda\u00e7o da ilha.<\/p>\n<p>Na Ol\u00e9 Mosaic, estamos comprometidos com a distribui\u00e7\u00e3o de recorda\u00e7\u00f5es aut\u00eanticas por grosso, o que torna este \u00edman uma excelente op\u00e7\u00e3o para lojas de recorda\u00e7\u00f5es tur\u00edsticas. Cada pe\u00e7a destaca-se pela sua relev\u00e2ncia cultural e pela sua capacidade de emocionar, tornando-se um emblema perfeito das recorda\u00e7\u00f5es de Maiorca.<\/p>\n","protected":false},"excerpt":{"rendered":"<p>\u00cdman com um design vibrante inspirado na fauna e flora de Maiorca. Este colorido \u00edman, de 7,5 cm, apresenta duas salamandras estilizadas em tons brilhantes, rodeadas de alegres flores de diversas cores. A t\u00e9cnica do mosaico confere-lhe um toque art\u00edstico, enquanto o texto &#8220;MALLORCA&#8221; se destaca no centro, acrescentando um elemento de encanto local. Perfeito para recordar a beleza da ilha.<\/p>\n","protected":false},"featured_media":9524,"template":"","meta":{"_acf_changed":false},"product_brand":[],"product_cat":[699],"product_tag":[516],"class_list":{"0":"post-32839","1":"product","2":"type-product","3":"status-publish","4":"has-post-thumbnail","6":"product_cat-imanes","7":"product_tag-animais","8":"pa_ciudad-mallorca","9":"pa_motivo-salamandras","10":"pa_pais-espana","12":"first","13":"instock","14":"shipping-taxable","15":"product-type-simple"},"acf":[],"_links":{"self":[{"href":"https:\/\/olemosaic.com\/pt-pt\/wp-json\/wp\/v2\/product\/32839","targetHints":{"allow":["GET"]}}],"collection":[{"href":"https:\/\/olemosaic.com\/pt-pt\/wp-json\/wp\/v2\/product"}],"about":[{"href":"https:\/\/olemosaic.com\/pt-pt\/wp-json\/wp\/v2\/types\/product"}],"wp:featuredmedia":[{"embeddable":true,"href":"https:\/\/olemosaic.com\/pt-pt\/wp-json\/wp\/v2\/media\/9524"}],"wp:attachment":[{"href":"https:\/\/olemosaic.com\/pt-pt\/wp-json\/wp\/v2\/media?parent=32839"}],"wp:term":[{"taxonomy":"product_brand","embeddable":true,"href":"https:\/\/olemosaic.com\/pt-pt\/wp-json\/wp\/v2\/product_brand?post=32839"},{"taxonomy":"product_cat","embeddable":true,"href":"https:\/\/olemosaic.com\/pt-pt\/wp-json\/wp\/v2\/product_cat?post=32839"},{"taxonomy":"product_tag","embeddable":true,"href":"https:\/\/olemosaic.com\/pt-pt\/wp-json\/wp\/v2\/product_tag?post=32839"}],"curies":[{"name":"wp","href":"https:\/\/api.w.org\/{rel}","templated":true}]}}