{"id":32838,"date":"2025-02-20T23:32:53","date_gmt":"2025-02-20T22:32:53","guid":{"rendered":"http:\/\/olemosaic.com\/producto\/iman-de-resina-punt-de-trobada-barcelona-65-cm\/"},"modified":"2025-07-25T20:22:11","modified_gmt":"2025-07-25T18:22:11","slug":"iman-de-resina-punt-de-trobada-barcelona-6-5-cm","status":"publish","type":"product","link":"https:\/\/olemosaic.com\/pt-pt\/produto\/iman-de-resina-punt-de-trobada-barcelona-6-5-cm\/","title":{"rendered":"\u00cdman de resina. Punt de trobada. Barcelona. 6,5 cm."},"content":{"rendered":"<p>Este \u00edman de resina, com um design inspirado no famoso mosaico do &#8220;Punt de Trobada&#8221; de Barcelona, \u00e9 uma recorda\u00e7\u00e3o vibrante e aut\u00eantica da capital catal\u00e3. Com um di\u00e2metro de 6,5 cm, este \u00edman circular apresenta uma paleta de cores que captura a ess\u00eancia art\u00edstica da cidade, combinando azuis profundos, vermelhos intensos, amarelos brilhantes e verdes frescos sobre um fundo branco. As formas abstratas e as linhas fluidas do design evocam a criatividade e o dinamismo de Barcelona, oferecendo um efeito visual que atrai o olhar. O texto &#8220;Barcelona&#8221; destaca-se a negrito, sublinhando a liga\u00e7\u00e3o desta recorda\u00e7\u00e3o com a ic\u00f3nica cidade.<\/p>\n<p>Este \u00edman n\u00e3o \u00e9 apenas funcional, mas tamb\u00e9m serve como uma pe\u00e7a de arte que recorda a rica heran\u00e7a cultural e o estilo \u00fanico dos mosaicos de Barcelona, refletindo a influ\u00eancia de grandes artistas como Antoni Gaud\u00ed. Ideal para turistas que procuram recorda\u00e7\u00f5es aut\u00eanticas, este produto da Ol\u00e9 Mosaic \u00e9 uma excelente op\u00e7\u00e3o para lojas de recorda\u00e7\u00f5es tur\u00edsticas que desejem oferecer artigos representativos e artesanais. Atrav\u00e9s deste \u00edman, os visitantes podem levar um pedacinho do calor e da criatividade de Barcelona, tornando-se uma recorda\u00e7\u00e3o emblem\u00e1tica da cidade.<\/p>\n","protected":false},"excerpt":{"rendered":"<p>\u00cdman com um design que evoca o famoso mosaico do &#8220;Punt de Trobada&#8221; de Barcelona. Este \u00edman circular de 6,5 cm apresenta um vibrante jogo de cores, com azuis, vermelhos, amarelos e verdes sobre um fundo branco. A decora\u00e7\u00e3o destaca-se pelas suas formas abstratas e linhas fluidas, que criam um efeito visual din\u00e2mico, enquanto o texto &#8220;Barcelona&#8221; a negrito real\u00e7a a liga\u00e7\u00e3o com a cidade. Uma recorda\u00e7\u00e3o ideal que captura a ess\u00eancia art\u00edstica da capital catal\u00e3.<\/p>\n","protected":false},"featured_media":9330,"template":"","meta":{"_acf_changed":false},"product_brand":[],"product_cat":[699],"product_tag":[],"class_list":{"0":"post-32838","1":"product","2":"type-product","3":"status-publish","4":"has-post-thumbnail","6":"product_cat-imanes","7":"pa_ciudad-barcelona","8":"pa_motivo-punt-de-trobada","9":"pa_pais-espana","11":"first","12":"instock","13":"shipping-taxable","14":"product-type-simple"},"acf":[],"_links":{"self":[{"href":"https:\/\/olemosaic.com\/pt-pt\/wp-json\/wp\/v2\/product\/32838","targetHints":{"allow":["GET"]}}],"collection":[{"href":"https:\/\/olemosaic.com\/pt-pt\/wp-json\/wp\/v2\/product"}],"about":[{"href":"https:\/\/olemosaic.com\/pt-pt\/wp-json\/wp\/v2\/types\/product"}],"wp:featuredmedia":[{"embeddable":true,"href":"https:\/\/olemosaic.com\/pt-pt\/wp-json\/wp\/v2\/media\/9330"}],"wp:attachment":[{"href":"https:\/\/olemosaic.com\/pt-pt\/wp-json\/wp\/v2\/media?parent=32838"}],"wp:term":[{"taxonomy":"product_brand","embeddable":true,"href":"https:\/\/olemosaic.com\/pt-pt\/wp-json\/wp\/v2\/product_brand?post=32838"},{"taxonomy":"product_cat","embeddable":true,"href":"https:\/\/olemosaic.com\/pt-pt\/wp-json\/wp\/v2\/product_cat?post=32838"},{"taxonomy":"product_tag","embeddable":true,"href":"https:\/\/olemosaic.com\/pt-pt\/wp-json\/wp\/v2\/product_tag?post=32838"}],"curies":[{"name":"wp","href":"https:\/\/api.w.org\/{rel}","templated":true}]}}