{"id":32830,"date":"2025-02-20T23:32:53","date_gmt":"2025-02-20T22:32:53","guid":{"rendered":"http:\/\/olemosaic.com\/producto\/iman-de-resina-bailaora-alicante-75-cm\/"},"modified":"2025-07-25T18:53:58","modified_gmt":"2025-07-25T16:53:58","slug":"iman-de-resina-bailarina-flamenco-alicante-7-5-cm","status":"publish","type":"product","link":"https:\/\/olemosaic.com\/pt-pt\/produto\/iman-de-resina-bailarina-flamenco-alicante-7-5-cm\/","title":{"rendered":"\u00cdman de resina. Bailarina de Flamenco. Alicante. 7,5 cm."},"content":{"rendered":"<p>Este \u00edman de resina captura a ess\u00eancia vibrante do folclore espanhol, apresentando duas bailarinas de flamenco, um s\u00edmbolo ic\u00f3nico da cultura andaluza, numa representa\u00e7\u00e3o colorida que \u00e9 caracter\u00edstica da regi\u00e3o de Alicante. Com um tamanho de 7,5 cm, este \u00edman mostra as bailarinas vestidas com trajes de flamenco adornados em tons intensos de vermelho, verde e azul, que real\u00e7am a sua eleg\u00e2ncia e dinamismo. Os detalhes pintados \u00e0 m\u00e3o refletem a dedica\u00e7\u00e3o e a arte que se coloca em cada pe\u00e7a, o que torna este \u00edman uma recorda\u00e7\u00e3o aut\u00eantica e representativa.<\/p>\n<p>O fundo do \u00edman simula um mosaico, evocando a beleza arquitet\u00f3nica da Costa Blanca e a tradicional arte do azulejo espanhol, que se tornou um sinal distintivo desta regi\u00e3o. Esta pe\u00e7a torna-se assim um excelente souvenir de Alicante, uma recorda\u00e7\u00e3o do esp\u00edrito apaixonado do flamenco e da dedica\u00e7\u00e3o dos seus artistas.<\/p>\n<p>Na Ol\u00e9 Mosaic, somos especialistas na distribui\u00e7\u00e3o de souvenirs por grosso, oferecendo produtos aut\u00eanticos que ligam com a cultura local. Este \u00edman n\u00e3o s\u00f3 decora a casa, como tamb\u00e9m transporta um peda\u00e7o da tradi\u00e7\u00e3o espanhola, tornando-se um presente perfeito para turistas que procuram levar um pouco da alma de Alicante. Como grossistas de souvenirs, garantimos a qualidade e relev\u00e2ncia cultural em cada um dos nossos produtos.<\/p>\n","protected":false},"excerpt":{"rendered":"<p>\u00cdman que captura a ess\u00eancia do folclore espanhol com duas bailarinas trajadas com vibrantes vestidos de flamenco. Com um tamanho de 7,5 cm, este \u00edman apresenta as dan\u00e7arinas com detalhes pintados \u00e0 m\u00e3o e uma paleta de cores vivas, onde se destacam o vermelho, o verde e o azul. O fundo simula um mosaico que evoca a beleza e a cultura de Alicante. Uma recorda\u00e7\u00e3o perfeita para levar a magia do flamenco a qualquer casa.<\/p>\n","protected":false},"featured_media":13808,"template":"","meta":{"_acf_changed":false},"product_brand":[],"product_cat":[699],"product_tag":[],"class_list":{"0":"post-32830","1":"product","2":"type-product","3":"status-publish","4":"has-post-thumbnail","6":"product_cat-imanes","7":"pa_ciudad-alicante","8":"pa_motivo-dancarinos","9":"pa_pais-espana","11":"first","12":"instock","13":"shipping-taxable","14":"product-type-simple"},"acf":[],"_links":{"self":[{"href":"https:\/\/olemosaic.com\/pt-pt\/wp-json\/wp\/v2\/product\/32830","targetHints":{"allow":["GET"]}}],"collection":[{"href":"https:\/\/olemosaic.com\/pt-pt\/wp-json\/wp\/v2\/product"}],"about":[{"href":"https:\/\/olemosaic.com\/pt-pt\/wp-json\/wp\/v2\/types\/product"}],"wp:featuredmedia":[{"embeddable":true,"href":"https:\/\/olemosaic.com\/pt-pt\/wp-json\/wp\/v2\/media\/13808"}],"wp:attachment":[{"href":"https:\/\/olemosaic.com\/pt-pt\/wp-json\/wp\/v2\/media?parent=32830"}],"wp:term":[{"taxonomy":"product_brand","embeddable":true,"href":"https:\/\/olemosaic.com\/pt-pt\/wp-json\/wp\/v2\/product_brand?post=32830"},{"taxonomy":"product_cat","embeddable":true,"href":"https:\/\/olemosaic.com\/pt-pt\/wp-json\/wp\/v2\/product_cat?post=32830"},{"taxonomy":"product_tag","embeddable":true,"href":"https:\/\/olemosaic.com\/pt-pt\/wp-json\/wp\/v2\/product_tag?post=32830"}],"curies":[{"name":"wp","href":"https:\/\/api.w.org\/{rel}","templated":true}]}}