{"id":32828,"date":"2025-02-20T23:32:52","date_gmt":"2025-02-20T22:32:52","guid":{"rendered":"http:\/\/olemosaic.com\/producto\/iman-de-pvc-panoramica-granada\/"},"modified":"2025-07-25T18:33:48","modified_gmt":"2025-07-25T16:33:48","slug":"iman-de-pvc-panoramica-granada-pt-pt","status":"publish","type":"product","link":"https:\/\/olemosaic.com\/pt-pt\/produto\/iman-de-pvc-panoramica-granada-pt-pt\/","title":{"rendered":"\u00cdman de PVC. Panor\u00e2mica. Granada."},"content":{"rendered":"<p>Este \u00edman de PVC apresenta uma panor\u00e2mica colorida de Granada, capturando a ess\u00eancia vibrante desta fascinante cidade andaluza. O seu design atraente inclui elementos ic\u00f3nicos que representam a riqueza cultural da regi\u00e3o, como uma guitarra, um drag\u00e3o emblem\u00e1tico, uma bailarina de flamenco em movimento e a majestosa Alhambra como pano de fundo. Cada letra de &#8220;GRANADA&#8221; est\u00e1 meticulosamente decorada, combinando motivos que evocam o folclore local, oferecendo um toque de alegria e esplendor. A vibrante paleta de cores utilizada na ilustra\u00e7\u00e3o n\u00e3o s\u00f3 real\u00e7a a beleza da cidade, mas tamb\u00e9m reflete o calor e a hospitalidade das suas gentes.<\/p>\n<p>Este \u00edman n\u00e3o \u00e9 apenas uma pe\u00e7a decorativa ideal para qualquer espa\u00e7o, mas tamb\u00e9m se torna uma recorda\u00e7\u00e3o inesquec\u00edvel de uma das cidades mais emblem\u00e1ticas de Espanha. A representa\u00e7\u00e3o do flamenco e da arquitetura hist\u00f3rica da Alhambra acrescenta um valor cultural \u00fanico, tornando este \u00edman um souvenir representativo que os turistas apreciar\u00e3o e recordar\u00e3o. Na Ol\u00e9 Mosaic, como especialistas na distribui\u00e7\u00e3o de souvenirs por grosso, garantimos que este \u00edman \u00e9 uma excelente op\u00e7\u00e3o para lojas de presentes tur\u00edsticos que procuram objetos aut\u00eanticos e carregados de significado. \u00c9 o souvenir perfeito para quem deseja levar um peda\u00e7o de Granada para casa, celebrando a rica hist\u00f3ria e cultura desta maravilhosa cidade andaluza.<\/p>\n","protected":false},"excerpt":{"rendered":"<p>\u00cdman de PVC com uma panor\u00e2mica colorida de Granada que encapsula a ess\u00eancia da cidade. Este design atraente inclui elementos ic\u00f3nicos como uma guitarra, um drag\u00e3o, uma bailarina de flamenco e a majestosa Alhambra, tudo isto enriquecido com cores vibrantes que capturam a riqueza cultural e o folclore da regi\u00e3o. Ideal para decorar qualquer espa\u00e7o e recordar a beleza de Granada.<\/p>\n","protected":false},"featured_media":8827,"template":"","meta":{"_acf_changed":false},"product_brand":[],"product_cat":[699],"product_tag":[],"class_list":{"0":"post-32828","1":"product","2":"type-product","3":"status-publish","4":"has-post-thumbnail","6":"product_cat-imanes","7":"pa_ciudad-granada","8":"pa_motivo-a-alhambra","9":"pa_motivo-panoramas","10":"pa_pais-espana","12":"first","13":"instock","14":"shipping-taxable","15":"product-type-simple"},"acf":[],"_links":{"self":[{"href":"https:\/\/olemosaic.com\/pt-pt\/wp-json\/wp\/v2\/product\/32828","targetHints":{"allow":["GET"]}}],"collection":[{"href":"https:\/\/olemosaic.com\/pt-pt\/wp-json\/wp\/v2\/product"}],"about":[{"href":"https:\/\/olemosaic.com\/pt-pt\/wp-json\/wp\/v2\/types\/product"}],"wp:featuredmedia":[{"embeddable":true,"href":"https:\/\/olemosaic.com\/pt-pt\/wp-json\/wp\/v2\/media\/8827"}],"wp:attachment":[{"href":"https:\/\/olemosaic.com\/pt-pt\/wp-json\/wp\/v2\/media?parent=32828"}],"wp:term":[{"taxonomy":"product_brand","embeddable":true,"href":"https:\/\/olemosaic.com\/pt-pt\/wp-json\/wp\/v2\/product_brand?post=32828"},{"taxonomy":"product_cat","embeddable":true,"href":"https:\/\/olemosaic.com\/pt-pt\/wp-json\/wp\/v2\/product_cat?post=32828"},{"taxonomy":"product_tag","embeddable":true,"href":"https:\/\/olemosaic.com\/pt-pt\/wp-json\/wp\/v2\/product_tag?post=32828"}],"curies":[{"name":"wp","href":"https:\/\/api.w.org\/{rel}","templated":true}]}}