{"id":32827,"date":"2025-02-20T23:32:52","date_gmt":"2025-02-20T22:32:52","guid":{"rendered":"http:\/\/olemosaic.com\/producto\/iman-de-pvc-panoramica\/"},"modified":"2025-07-25T19:41:48","modified_gmt":"2025-07-25T17:41:48","slug":"iman-de-pvc-panoramica-pt-pt","status":"publish","type":"product","link":"https:\/\/olemosaic.com\/pt-pt\/produto\/iman-de-pvc-panoramica-pt-pt\/","title":{"rendered":"\u00cdman de PVC. Panor\u00e2mica."},"content":{"rendered":"<p>Este \u00edman de PVC oferece uma panor\u00e2mica vibrante de Espanha, capturando a ess\u00eancia e diversidade cultural do pa\u00eds num design audaz e colorido. Com letras que foram a palavra &#8220;ESPA\u00d1A&#8221;, cada car\u00e1cter \u00e9 adornado com elementos ic\u00f3nicos representativos da cultura espanhola, desde um majestoso touro at\u00e9 guitarras, cenas da vida quotidiana e festividades coloridas. O uso de t\u00e9cnicas de ilustra\u00e7\u00e3o detalhadas e alegres d\u00e1 vida a este produto, tornando-o uma recorda\u00e7\u00e3o memor\u00e1vel e atraente para qualquer turista.<\/p>\n<p>O \u00edman representa momentos ic\u00f3nicos da vida espanhola, como uma guitarra junto a um p\u00e1tio t\u00edpico, um copo de vinho que evoca a gastronomia da regi\u00e3o, e uma cena de dan\u00e7a que real\u00e7a a rica tradi\u00e7\u00e3o do flamenco. O seu design pict\u00f3rico n\u00e3o s\u00f3 o torna um bonito acess\u00f3rio para decorar frigor\u00edficos ou qualquer superf\u00edcie met\u00e1lica, mas tamb\u00e9m reflete o folclore e a diversidade cultural que caracteriza Espanha.<\/p>\n<p>Na Ol\u00e9 Mosaic, como grossistas de souvenirs aut\u00eanticos, sabemos que este \u00edman de Espanha \u00e9 uma excelente op\u00e7\u00e3o para lojas de presentes tur\u00edsticos, j\u00e1 que n\u00e3o s\u00f3 atrai a aten\u00e7\u00e3o pelo seu design colorido, mas tamb\u00e9m oferece aos visitantes um pedacinho da vibrante cultura espanhola, fazendo deste produto uma recorda\u00e7\u00e3o indispens\u00e1vel.<\/p>\n","protected":false},"excerpt":{"rendered":"<p>\u00cdman de PVC com uma panor\u00e2mica vibrante de Espanha, desenhada com cores chamativas e t\u00e9cnicas de ilustra\u00e7\u00e3o. As letras que formam a palavra &#8220;ESPA\u00d1A&#8221; est\u00e3o decoradas com elementos ic\u00f3nicos da cultura espanhola, como um touro, guitarras e cenas da vida quotidiana. O seu design pitoresco captura a ess\u00eancia do pa\u00eds, tornando-o um souvenir perfeito que reflete a diversidade e o folclore espanhol. Ideal para decorar o frigor\u00edfico ou como presente.<\/p>\n","protected":false},"featured_media":8831,"template":"","meta":{"_acf_changed":false},"product_brand":[],"product_cat":[699],"product_tag":[],"class_list":{"0":"post-32827","1":"product","2":"type-product","3":"status-publish","4":"has-post-thumbnail","6":"product_cat-imanes","7":"pa_motivo-panoramas","9":"first","10":"instock","11":"shipping-taxable","12":"product-type-simple"},"acf":[],"_links":{"self":[{"href":"https:\/\/olemosaic.com\/pt-pt\/wp-json\/wp\/v2\/product\/32827","targetHints":{"allow":["GET"]}}],"collection":[{"href":"https:\/\/olemosaic.com\/pt-pt\/wp-json\/wp\/v2\/product"}],"about":[{"href":"https:\/\/olemosaic.com\/pt-pt\/wp-json\/wp\/v2\/types\/product"}],"wp:featuredmedia":[{"embeddable":true,"href":"https:\/\/olemosaic.com\/pt-pt\/wp-json\/wp\/v2\/media\/8831"}],"wp:attachment":[{"href":"https:\/\/olemosaic.com\/pt-pt\/wp-json\/wp\/v2\/media?parent=32827"}],"wp:term":[{"taxonomy":"product_brand","embeddable":true,"href":"https:\/\/olemosaic.com\/pt-pt\/wp-json\/wp\/v2\/product_brand?post=32827"},{"taxonomy":"product_cat","embeddable":true,"href":"https:\/\/olemosaic.com\/pt-pt\/wp-json\/wp\/v2\/product_cat?post=32827"},{"taxonomy":"product_tag","embeddable":true,"href":"https:\/\/olemosaic.com\/pt-pt\/wp-json\/wp\/v2\/product_tag?post=32827"}],"curies":[{"name":"wp","href":"https:\/\/api.w.org\/{rel}","templated":true}]}}