{"id":32826,"date":"2025-02-20T22:32:52","date_gmt":"2025-02-20T22:32:52","guid":{"rendered":"http:\/\/olemosaic.com\/producto\/iman-de-pvc-salamandra-gran-canaria\/"},"modified":"2025-07-25T18:54:00","modified_gmt":"2025-07-25T16:54:00","slug":"iman-de-pvc-salamandra-gran-canaria-pt-pt","status":"publish","type":"product","link":"https:\/\/olemosaic.com\/pt-pt\/produto\/iman-de-pvc-salamandra-gran-canaria-pt-pt\/","title":{"rendered":"\u00cdman de PVC. Salamandra. Gran Canaria."},"content":{"rendered":"<p>Este \u00edman de PVC com forma de salamandra \u00e9 uma representa\u00e7\u00e3o vibrante do folclore colorido de Gran Canaria. O seu design cativante apresenta um mosaico de tons azuis, verdes, vermelhos e amarelos, evocando a rica biodiversidade destas belas ilhas. A figura do lagarto, emblem\u00e1tica da fauna can\u00e1ria, \u00e9 adornada com a inscri\u00e7\u00e3o &#8220;Gran Canaria&#8221; em cores brilhantes, real\u00e7ando ainda mais a ess\u00eancia da cultura local e a alegria das suas tradi\u00e7\u00f5es. Este \u00edman n\u00e3o \u00e9 apenas um objeto decorativo ideal para frigor\u00edficos, mas tamb\u00e9m serve como uma recorda\u00e7\u00e3o tang\u00edvel da experi\u00eancia e da beleza de Gran Canaria.<\/p>\n<p>A salamandra, um s\u00edmbolo de adaptabilidade e liga\u00e7\u00e3o com a natureza, reflete o esp\u00edrito alegre das ilhas e o seu ambiente \u00fanico. Este souvenir, que captura a ess\u00eancia de Gran Canaria, \u00e9 perfeito para turistas que procuram levar um peda\u00e7o da cultura can\u00e1ria para casa. Na Ol\u00e9 Mosaic, o nosso compromisso \u00e9 oferecer souvenirs aut\u00eanticos que representem a rica heran\u00e7a de cada regi\u00e3o. Este \u00edman de salamandra \u00e9 uma excelente op\u00e7\u00e3o para lojas de presentes tur\u00edsticos que procuram produtos de qualidade, destacando-se como um imprescind\u00edvel na cole\u00e7\u00e3o de souvenirs de Gran Canaria. Com o seu design atraente e a sua relev\u00e2ncia cultural, \u00e9 um presente ideal para recordar esses momentos especiais nas ilhas.<\/p>\n","protected":false},"excerpt":{"rendered":"<p>\u00cdman de PVC com forma de salamandra que representa o folclore colorido de Gran Canaria. Este \u00edman destaca-se pelo seu design vibrante, com mosaicos em tons azuis, verdes, vermelhos e amarelos que evocam a rica biodiversidade das ilhas. A palavra &#8220;Gran Canaria&#8221; est\u00e1 impressa em cores chamativas sobre o corpo do lagarto, capturando a ess\u00eancia da cultura local. Ideal para decorar o frigor\u00edfico e recordar as suas viagens \u00e0s ilhas.<\/p>\n","protected":false},"featured_media":12067,"template":"","meta":{"_acf_changed":false},"product_brand":[],"product_cat":[699],"product_tag":[516],"class_list":{"0":"post-32826","1":"product","2":"type-product","3":"status-publish","4":"has-post-thumbnail","6":"product_cat-imanes","7":"product_tag-animais","8":"pa_ciudad-gran-canaria","9":"pa_motivo-salamandras","10":"pa_pais-espana","12":"first","13":"instock","14":"shipping-taxable","15":"product-type-simple"},"acf":[],"_links":{"self":[{"href":"https:\/\/olemosaic.com\/pt-pt\/wp-json\/wp\/v2\/product\/32826","targetHints":{"allow":["GET"]}}],"collection":[{"href":"https:\/\/olemosaic.com\/pt-pt\/wp-json\/wp\/v2\/product"}],"about":[{"href":"https:\/\/olemosaic.com\/pt-pt\/wp-json\/wp\/v2\/types\/product"}],"wp:featuredmedia":[{"embeddable":true,"href":"https:\/\/olemosaic.com\/pt-pt\/wp-json\/wp\/v2\/media\/12067"}],"wp:attachment":[{"href":"https:\/\/olemosaic.com\/pt-pt\/wp-json\/wp\/v2\/media?parent=32826"}],"wp:term":[{"taxonomy":"product_brand","embeddable":true,"href":"https:\/\/olemosaic.com\/pt-pt\/wp-json\/wp\/v2\/product_brand?post=32826"},{"taxonomy":"product_cat","embeddable":true,"href":"https:\/\/olemosaic.com\/pt-pt\/wp-json\/wp\/v2\/product_cat?post=32826"},{"taxonomy":"product_tag","embeddable":true,"href":"https:\/\/olemosaic.com\/pt-pt\/wp-json\/wp\/v2\/product_tag?post=32826"}],"curies":[{"name":"wp","href":"https:\/\/api.w.org\/{rel}","templated":true}]}}