{"id":32824,"date":"2025-02-20T22:32:52","date_gmt":"2025-02-20T22:32:52","guid":{"rendered":"http:\/\/olemosaic.com\/producto\/iman-de-pvc-salamandra-lanzarote\/"},"modified":"2025-07-25T19:13:10","modified_gmt":"2025-07-25T17:13:10","slug":"iman-de-pvc-salamandra-lanzarote-pt-pt","status":"publish","type":"product","link":"https:\/\/olemosaic.com\/pt-pt\/produto\/iman-de-pvc-salamandra-lanzarote-pt-pt\/","title":{"rendered":"\u00cdman de PVC. Salamandra. Lanzarote."},"content":{"rendered":"<p>Este \u00edman de PVC com forma de salamandra \u00e9 uma encantadora recorda\u00e7\u00e3o, inspirada na vibrante natureza de Lanzarote. Este atraente souvenir apresenta um design colorido, decorado com mosaicos em tons de azul, verde, vermelho e amarelo, evocando a arte e a cultura local desta bela ilha can\u00e1ria. A salamandra, um s\u00edmbolo carater\u00edstico da fauna de Lanzarote, situa-se no centro do \u00edman, ganhando vida gra\u00e7as ao seu colorido e alegre design. A inscri\u00e7\u00e3o &#8220;Lanzarote&#8221; destaca-se em letras brilhantes, acrescentando um toque de autenticidade e liga\u00e7\u00e3o com a regi\u00e3o.<\/p>\n<p>Este \u00edman n\u00e3o s\u00f3 \u00e9 um pr\u00e1tico elemento decorativo para adornar o seu frigor\u00edfico, como tamb\u00e9m capta a ess\u00eancia de Lanzarote, um lugar conhecido pela sua impressionante paisagem vulc\u00e2nica e pela sua rica biodiversidade. A salamandra representa a adaptabilidade e o encanto da fauna local, tornando-se um excelente lembrete da singularidade da ilha. Al\u00e9m disso, o seu fabrico em PVC garante durabilidade e resist\u00eancia, o que o torna perfeito como recorda\u00e7\u00e3o das suas aventuras em Lanzarote.<\/p>\n<p>Na Ol\u00e9 Mosaic, somos especialistas na distribui\u00e7\u00e3o de souvenirs por grosso, e este \u00edman de salamandra \u00e9 uma op\u00e7\u00e3o perfeita para lojas de presentes tur\u00edsticos que procuram oferecer aos seus clientes uma recorda\u00e7\u00e3o aut\u00eantica e representativa de Lanzarote. Com este \u00edman colorido, os turistas poder\u00e3o levar um pedacinho da cultura e da beleza can\u00e1ria para casa.<\/p>\n","protected":false},"excerpt":{"rendered":"<p>\u00cdman de PVC com forma de salamandra, inspirado na vibrante natureza de Lanzarote. Este atraente souvenir apresenta um design colorido com mosaicos em tons de azul, verde, vermelho e amarelo que evocam a arte e a cultura local. A salamandra, s\u00edmbolo da fauna can\u00e1ria, tem a inscri\u00e7\u00e3o &#8220;Lanzarote&#8221; destacada com letras brilhantes. Ideal para decorar o seu frigor\u00edfico ou como recorda\u00e7\u00e3o desta preciosa ilha.<\/p>\n","protected":false},"featured_media":12068,"template":"","meta":{"_acf_changed":false},"product_brand":[],"product_cat":[699],"product_tag":[516],"class_list":{"0":"post-32824","1":"product","2":"type-product","3":"status-publish","4":"has-post-thumbnail","6":"product_cat-imanes","7":"product_tag-animais","8":"pa_ciudad-lanzarote","9":"pa_motivo-salamandras","10":"pa_pais-espana","12":"first","13":"instock","14":"shipping-taxable","15":"product-type-simple"},"acf":[],"_links":{"self":[{"href":"https:\/\/olemosaic.com\/pt-pt\/wp-json\/wp\/v2\/product\/32824","targetHints":{"allow":["GET"]}}],"collection":[{"href":"https:\/\/olemosaic.com\/pt-pt\/wp-json\/wp\/v2\/product"}],"about":[{"href":"https:\/\/olemosaic.com\/pt-pt\/wp-json\/wp\/v2\/types\/product"}],"wp:featuredmedia":[{"embeddable":true,"href":"https:\/\/olemosaic.com\/pt-pt\/wp-json\/wp\/v2\/media\/12068"}],"wp:attachment":[{"href":"https:\/\/olemosaic.com\/pt-pt\/wp-json\/wp\/v2\/media?parent=32824"}],"wp:term":[{"taxonomy":"product_brand","embeddable":true,"href":"https:\/\/olemosaic.com\/pt-pt\/wp-json\/wp\/v2\/product_brand?post=32824"},{"taxonomy":"product_cat","embeddable":true,"href":"https:\/\/olemosaic.com\/pt-pt\/wp-json\/wp\/v2\/product_cat?post=32824"},{"taxonomy":"product_tag","embeddable":true,"href":"https:\/\/olemosaic.com\/pt-pt\/wp-json\/wp\/v2\/product_tag?post=32824"}],"curies":[{"name":"wp","href":"https:\/\/api.w.org\/{rel}","templated":true}]}}