{"id":32823,"date":"2025-02-20T22:32:52","date_gmt":"2025-02-20T22:32:52","guid":{"rendered":"http:\/\/olemosaic.com\/producto\/iman-de-pvc-salamandra-mallorca\/"},"modified":"2025-07-25T19:28:18","modified_gmt":"2025-07-25T17:28:18","slug":"iman-de-pvc-salamandra-maiorca","status":"publish","type":"product","link":"https:\/\/olemosaic.com\/pt-pt\/produto\/iman-de-pvc-salamandra-maiorca\/","title":{"rendered":"\u00cdman de PVC. Salamandra. Maiorca."},"content":{"rendered":"<p>Este \u00edman de PVC com forma de salamandra \u00e9 uma recorda\u00e7\u00e3o colorida e alegre que representa a fauna t\u00edpica de Maiorca, ideal para recordar a beleza natural da ilha. Com um design vibrante, este \u00edman capta a ess\u00eancia do patrim\u00f3nio maiorquino atrav\u00e9s dos seus padr\u00f5es de mosaico em tons de azul, verde, vermelho e amarelo, que evocam a frescura e diversidade da paisagem mediterr\u00e2nica. A palavra &#8220;MALLORCA&#8221; est\u00e1 impressa em letras coloridas sobre o corpo da salamandra, acrescentando um toque divertido e atraente que o torna uma pe\u00e7a ideal para decorar qualquer frigor\u00edfico ou superf\u00edcie magn\u00e9tica.<\/p>\n<p>Esta encantadora recorda\u00e7\u00e3o n\u00e3o s\u00f3 \u00e9 um objeto funcional, como tamb\u00e9m encapsula a maravilhosa biodiversidade que Maiorca oferece, tornando-o uma recorda\u00e7\u00e3o cultural significativa para os turistas. Atrav\u00e9s do seu design, o \u00edman reflete a beleza e singularidade da fauna maiorquina, tornando-o um artigo indispens\u00e1vel para quem deseja levar um peda\u00e7o da ilha para casa. Na Ol\u00e9 Mosaic, como distribuidores de souvenirs por grosso, oferecemos produtos aut\u00eanticos que celebram a rica cultura e natureza de Espanha, sendo este \u00edman de salamandra uma excelente op\u00e7\u00e3o para lojas de presentes tur\u00edsticos que procuram artigos chamativos e cheios de significado.<\/p>\n","protected":false},"excerpt":{"rendered":"<p>\u00cdman de PVC com forma de salamandra, que representa a fauna t\u00edpica de Maiorca. Este \u00edman, cheio de cor, apresenta um design vibrante com padr\u00f5es de mosaico em tons de azul, verde, vermelho e amarelo, o que lhe confere um aspeto fresco e chamativo. A palavra &#8220;MALLORCA&#8221; est\u00e1 impressa em letras coloridas sobre o corpo do animal, convertendo este souvenir na pe\u00e7a perfeita para recordar a beleza da ilha. Ideal para decorar o seu frigor\u00edfico e levar um peda\u00e7o de Maiorca para casa.<\/p>\n","protected":false},"featured_media":12074,"template":"","meta":{"_acf_changed":false},"product_brand":[],"product_cat":[699],"product_tag":[516],"class_list":{"0":"post-32823","1":"product","2":"type-product","3":"status-publish","4":"has-post-thumbnail","6":"product_cat-imanes","7":"product_tag-animais","8":"pa_ciudad-mallorca","9":"pa_motivo-salamandras","10":"pa_pais-espana","12":"first","13":"instock","14":"shipping-taxable","15":"product-type-simple"},"acf":[],"_links":{"self":[{"href":"https:\/\/olemosaic.com\/pt-pt\/wp-json\/wp\/v2\/product\/32823","targetHints":{"allow":["GET"]}}],"collection":[{"href":"https:\/\/olemosaic.com\/pt-pt\/wp-json\/wp\/v2\/product"}],"about":[{"href":"https:\/\/olemosaic.com\/pt-pt\/wp-json\/wp\/v2\/types\/product"}],"wp:featuredmedia":[{"embeddable":true,"href":"https:\/\/olemosaic.com\/pt-pt\/wp-json\/wp\/v2\/media\/12074"}],"wp:attachment":[{"href":"https:\/\/olemosaic.com\/pt-pt\/wp-json\/wp\/v2\/media?parent=32823"}],"wp:term":[{"taxonomy":"product_brand","embeddable":true,"href":"https:\/\/olemosaic.com\/pt-pt\/wp-json\/wp\/v2\/product_brand?post=32823"},{"taxonomy":"product_cat","embeddable":true,"href":"https:\/\/olemosaic.com\/pt-pt\/wp-json\/wp\/v2\/product_cat?post=32823"},{"taxonomy":"product_tag","embeddable":true,"href":"https:\/\/olemosaic.com\/pt-pt\/wp-json\/wp\/v2\/product_tag?post=32823"}],"curies":[{"name":"wp","href":"https:\/\/api.w.org\/{rel}","templated":true}]}}