{"id":32822,"date":"2025-02-20T22:32:51","date_gmt":"2025-02-20T22:32:51","guid":{"rendered":"http:\/\/olemosaic.com\/producto\/iman-de-pvc-salamandra-alicante\/"},"modified":"2025-07-25T19:07:58","modified_gmt":"2025-07-25T17:07:58","slug":"iman-de-pvc-salamandra-alicante-pt-pt","status":"publish","type":"product","link":"https:\/\/olemosaic.com\/pt-pt\/produto\/iman-de-pvc-salamandra-alicante-pt-pt\/","title":{"rendered":"\u00cdman de PVC. Salamandra. Alicante."},"content":{"rendered":"<p>Este \u00edman decorativo de PVC com forma de salamandra \u00e9 um encantador souvenir de Alicante que capta a ess\u00eancia da regi\u00e3o com o seu design vibrante e simb\u00f3lico. Este colorido \u00edman representa uma salamandra, s\u00edmbolo da cultura mediterr\u00e2nica, conhecida n\u00e3o s\u00f3 pela sua beleza estilizada, mas tamb\u00e9m pelo seu significado na mitologia e no folclore local. As cores vivas que adornam a salamandra, com um belo estilo de mosaico, evocam a rica tradi\u00e7\u00e3o art\u00edstica da comunidade, que celebra o calor e o resplendor do sol de Alicante.<\/p>\n<p>A palavra &#8220;Alicante&#8221;, integrada engenhosamente no design, acrescenta um toque pessoal e distintivo, convertendo este \u00edman numa recorda\u00e7\u00e3o \u00fanica e significativa para quem deseje levar um pedacinho da regi\u00e3o. Este artigo \u00e9 perfeito para adornar qualquer superf\u00edcie met\u00e1lica e serve como lembrete constante das viv\u00eancias e das paisagens mediterr\u00e2nicas que Alicante oferece.<\/p>\n<p>Na Ol\u00e9 Mosaic, oferecemos este \u00edman de salamandra como parte da nossa sele\u00e7\u00e3o de souvenirs representativos, ideais para turistas que procuram recorda\u00e7\u00f5es aut\u00eanticas e de qualidade. Este produto \u00e9 uma excelente op\u00e7\u00e3o para lojas de presentes tur\u00edsticos que desejem oferecer artigos que realcem a autenticidade e relev\u00e2ncia cultural de Alicante, posicionando-se assim como grossistas de souvenirs de alto valor art\u00edstico.<\/p>\n","protected":false},"excerpt":{"rendered":"<p>\u00cdman decorativo de PVC com forma de salamandra, um s\u00edmbolo cultural de Alicante. Este vibrante \u00edman, desenhado com cores alegres e um estilo de mosaico, real\u00e7a a estilizada forma do animal. A palavra &#8220;Alicante&#8221; est\u00e1 integrada no design, acrescentando um toque pessoal e distintivo. Perfeito para recordar o calor e a beleza da regi\u00e3o, este \u00edman \u00e9 ideal para adornar qualquer superf\u00edcie met\u00e1lica.<\/p>\n","protected":false},"featured_media":12078,"template":"","meta":{"_acf_changed":false},"product_brand":[],"product_cat":[699],"product_tag":[516],"class_list":{"0":"post-32822","1":"product","2":"type-product","3":"status-publish","4":"has-post-thumbnail","6":"product_cat-imanes","7":"product_tag-animais","8":"pa_ciudad-alicante","9":"pa_motivo-salamandras","10":"pa_pais-espana","12":"first","13":"instock","14":"shipping-taxable","15":"product-type-simple"},"acf":[],"_links":{"self":[{"href":"https:\/\/olemosaic.com\/pt-pt\/wp-json\/wp\/v2\/product\/32822","targetHints":{"allow":["GET"]}}],"collection":[{"href":"https:\/\/olemosaic.com\/pt-pt\/wp-json\/wp\/v2\/product"}],"about":[{"href":"https:\/\/olemosaic.com\/pt-pt\/wp-json\/wp\/v2\/types\/product"}],"wp:featuredmedia":[{"embeddable":true,"href":"https:\/\/olemosaic.com\/pt-pt\/wp-json\/wp\/v2\/media\/12078"}],"wp:attachment":[{"href":"https:\/\/olemosaic.com\/pt-pt\/wp-json\/wp\/v2\/media?parent=32822"}],"wp:term":[{"taxonomy":"product_brand","embeddable":true,"href":"https:\/\/olemosaic.com\/pt-pt\/wp-json\/wp\/v2\/product_brand?post=32822"},{"taxonomy":"product_cat","embeddable":true,"href":"https:\/\/olemosaic.com\/pt-pt\/wp-json\/wp\/v2\/product_cat?post=32822"},{"taxonomy":"product_tag","embeddable":true,"href":"https:\/\/olemosaic.com\/pt-pt\/wp-json\/wp\/v2\/product_tag?post=32822"}],"curies":[{"name":"wp","href":"https:\/\/api.w.org\/{rel}","templated":true}]}}