{"id":32788,"date":"2025-02-20T23:32:51","date_gmt":"2025-02-20T22:32:51","guid":{"rendered":"http:\/\/olemosaic.com\/producto\/iman-de-pvc-panoramica-barcelona-2\/"},"modified":"2025-07-25T20:24:05","modified_gmt":"2025-07-25T18:24:05","slug":"iman-de-pvc-panoramica-barcelona-2-pt-pt","status":"publish","type":"product","link":"https:\/\/olemosaic.com\/pt-pt\/produto\/iman-de-pvc-panoramica-barcelona-2-pt-pt\/","title":{"rendered":"\u00cdman de PVC. Panor\u00e2mica. Estilo mediterr\u00e2nico. Barcelona."},"content":{"rendered":"<p>Este \u00edman de PVC com uma colorida panor\u00e2mica de Barcelona \u00e9 uma forma fant\u00e1stica de levar para casa um peda\u00e7o da vibrante cultura catal\u00e3. A palavra &#8220;Barcelona&#8221; desdobra-se em letras estilizadas, cada uma adornada com ilustra\u00e7\u00f5es ic\u00f3nicas da cidade, como a majestosa Sagrada Fam\u00edlia e o belo mar Mediterr\u00e2neo. As cores vibrantes e os desenhos detalhados evocam a energia e a criatividade que caracterizam esta emblem\u00e1tica cidade, tornando-o numa recorda\u00e7\u00e3o inesquec\u00edvel da sua visita.<\/p>\n<p>A variedade de monumentos e paisagens representados no \u00edman n\u00e3o s\u00f3 reflete a riqueza arquitet\u00f3nica de Barcelona, como tamb\u00e9m o seu legado cultural, desde as obras de Gaud\u00ed at\u00e9 aos seus coloridos bairros. \u00c9 um objeto decorativo perfeito para qualquer superf\u00edcie met\u00e1lica, seja no frigor\u00edfico de casa ou no escrit\u00f3rio, recordando-lhe continuamente a magia de Barcelona.<\/p>\n<p>Na Ol\u00e9 Mosaic, especializamo-nos na distribui\u00e7\u00e3o de souvenirs por grosso, e este \u00edman \u00e9 uma op\u00e7\u00e3o ideal para lojas de presentes tur\u00edsticos que procurem produtos aut\u00eanticos e representativos da cidade. \u00c9 um souvenir de Barcelona que \u00e9 tanto pr\u00e1tico como esteticamente atrativo, capturando a ess\u00eancia de uma das cidades mais fascinantes do mundo. Como grossistas de souvenirs, garantimos a qualidade e autenticidade em cada produto que oferecemos.<\/p>\n","protected":false},"excerpt":{"rendered":"<p>\u00cdman de PVC com uma colorida panor\u00e2mica representativa de Barcelona. Este atrativo \u00edman apresenta a palavra &#8220;Barcelona&#8221; em letras estilizadas, cada uma ilustrada com emblem\u00e1ticos monumentos e paisagens da cidade, como a Sagrada Fam\u00edlia e o mar Mediterr\u00e2neo. As cores vibrantes e os desenhos detalhados capturam a ess\u00eancia cultural e arquitet\u00f3nica da cidade, tornando-o numa excelente recorda\u00e7\u00e3o e num elemento decorativo ideal para qualquer superf\u00edcie met\u00e1lica.<\/p>\n","protected":false},"featured_media":10391,"template":"","meta":{"_acf_changed":false},"product_brand":[],"product_cat":[699],"product_tag":[],"class_list":{"0":"post-32788","1":"product","2":"type-product","3":"status-publish","4":"has-post-thumbnail","6":"product_cat-imanes","7":"pa_ciudad-barcelona","8":"pa_motivo-panoramas","9":"pa_pais-espana","11":"first","12":"instock","13":"shipping-taxable","14":"product-type-simple"},"acf":[],"_links":{"self":[{"href":"https:\/\/olemosaic.com\/pt-pt\/wp-json\/wp\/v2\/product\/32788","targetHints":{"allow":["GET"]}}],"collection":[{"href":"https:\/\/olemosaic.com\/pt-pt\/wp-json\/wp\/v2\/product"}],"about":[{"href":"https:\/\/olemosaic.com\/pt-pt\/wp-json\/wp\/v2\/types\/product"}],"wp:featuredmedia":[{"embeddable":true,"href":"https:\/\/olemosaic.com\/pt-pt\/wp-json\/wp\/v2\/media\/10391"}],"wp:attachment":[{"href":"https:\/\/olemosaic.com\/pt-pt\/wp-json\/wp\/v2\/media?parent=32788"}],"wp:term":[{"taxonomy":"product_brand","embeddable":true,"href":"https:\/\/olemosaic.com\/pt-pt\/wp-json\/wp\/v2\/product_brand?post=32788"},{"taxonomy":"product_cat","embeddable":true,"href":"https:\/\/olemosaic.com\/pt-pt\/wp-json\/wp\/v2\/product_cat?post=32788"},{"taxonomy":"product_tag","embeddable":true,"href":"https:\/\/olemosaic.com\/pt-pt\/wp-json\/wp\/v2\/product_tag?post=32788"}],"curies":[{"name":"wp","href":"https:\/\/api.w.org\/{rel}","templated":true}]}}