{"id":32785,"date":"2025-02-20T22:32:50","date_gmt":"2025-02-20T22:32:50","guid":{"rendered":"http:\/\/olemosaic.com\/producto\/iman-de-pvc-panoramica-mallorca\/"},"modified":"2025-07-25T20:34:58","modified_gmt":"2025-07-25T18:34:58","slug":"iman-de-pvc-panoramica-maiorca","status":"publish","type":"product","link":"https:\/\/olemosaic.com\/pt-pt\/produto\/iman-de-pvc-panoramica-maiorca\/","title":{"rendered":"\u00cdman de PVC. Panor\u00e2mica. Maiorca."},"content":{"rendered":"<p>Este \u00edman de PVC com uma atraente panor\u00e2mica de Maiorca \u00e9 uma recorda\u00e7\u00e3o vibrante que captura a ess\u00eancia desta preciosa ilha mediterr\u00e2nica. A palavra &#8220;MALLORCA&#8221; destaca-se com letras grandes e chamativas, cada uma decorada com ilustra\u00e7\u00f5es que representam elementos ic\u00f3nicos como o sol radiante, palmeiras exuberantes, um moinho tradicional, um el\u00e9trico pitoresco e encantadoras cenas de praias. Estas ilustra\u00e7\u00f5es s\u00e3o meticulosamente desenhadas, mostrando a riqueza cultural e a espetacular paisagem de Maiorca.<\/p>\n<p>O \u00edman n\u00e3o \u00e9 apenas um acess\u00f3rio pr\u00e1tico para manter as suas notas ou recorda\u00e7\u00f5es \u00e0 vista no frigor\u00edfico, mas tamb\u00e9m serve como uma excelente recorda\u00e7\u00e3o de Maiorca, ideal para quem deseja levar um peda\u00e7o da ilha consigo. A combina\u00e7\u00e3o de cores vibrantes e detalhes cuidadosamente elaborados oferece um toque alegre e mediterr\u00e2nico, tornando-o uma magn\u00edfica pe\u00e7a decorativa.<\/p>\n<p>Na Ol\u00e9 Mosaic, somos distribuidores de recorda\u00e7\u00f5es por grosso, e este \u00edman \u00e9 uma excelente op\u00e7\u00e3o para lojas de presentes tur\u00edsticos que procuram oferecer recorda\u00e7\u00f5es aut\u00eanticas e representativas de Maiorca. \u00c9 perfeito para os turistas que procuram uma forma de recordar a sua visita \u00e0 ilha e desfrutar de um toque da sua beleza no seu lar. Sem d\u00favida, trata-se de uma pe\u00e7a que real\u00e7a a cultura e o encanto de Maiorca, tornando-a uma compra essencial.<\/p>\n","protected":false},"excerpt":{"rendered":"<p>\u00cdman de PVC com uma atraente panor\u00e2mica de Maiorca, onde se destacam elementos ic\u00f3nicos da ilha. Este \u00edman colorido apresenta, em letras grandes e chamativas, a palavra &#8220;MALLORCA&#8221;, com cada letra decorada com detalhes representativos como o sol radiante, um moinho, palmeiras, um el\u00e9trico t\u00edpico e cenas de praias. Ideal para recordar o encanto da ilha e decorar qualquer espa\u00e7o com um toque mediterr\u00e2nico.<\/p>\n","protected":false},"featured_media":8825,"template":"","meta":{"_acf_changed":false},"product_brand":[],"product_cat":[699],"product_tag":[],"class_list":{"0":"post-32785","1":"product","2":"type-product","3":"status-publish","4":"has-post-thumbnail","6":"product_cat-imanes","7":"pa_ciudad-mallorca","8":"pa_motivo-panoramas","9":"pa_pais-espana","11":"first","12":"instock","13":"shipping-taxable","14":"product-type-simple"},"acf":[],"_links":{"self":[{"href":"https:\/\/olemosaic.com\/pt-pt\/wp-json\/wp\/v2\/product\/32785","targetHints":{"allow":["GET"]}}],"collection":[{"href":"https:\/\/olemosaic.com\/pt-pt\/wp-json\/wp\/v2\/product"}],"about":[{"href":"https:\/\/olemosaic.com\/pt-pt\/wp-json\/wp\/v2\/types\/product"}],"wp:featuredmedia":[{"embeddable":true,"href":"https:\/\/olemosaic.com\/pt-pt\/wp-json\/wp\/v2\/media\/8825"}],"wp:attachment":[{"href":"https:\/\/olemosaic.com\/pt-pt\/wp-json\/wp\/v2\/media?parent=32785"}],"wp:term":[{"taxonomy":"product_brand","embeddable":true,"href":"https:\/\/olemosaic.com\/pt-pt\/wp-json\/wp\/v2\/product_brand?post=32785"},{"taxonomy":"product_cat","embeddable":true,"href":"https:\/\/olemosaic.com\/pt-pt\/wp-json\/wp\/v2\/product_cat?post=32785"},{"taxonomy":"product_tag","embeddable":true,"href":"https:\/\/olemosaic.com\/pt-pt\/wp-json\/wp\/v2\/product_tag?post=32785"}],"curies":[{"name":"wp","href":"https:\/\/api.w.org\/{rel}","templated":true}]}}