{"id":32784,"date":"2025-02-20T22:32:50","date_gmt":"2025-02-20T22:32:50","guid":{"rendered":"http:\/\/olemosaic.com\/producto\/iman-de-pvc-panoramica-sevilla\/"},"modified":"2025-07-25T20:38:04","modified_gmt":"2025-07-25T18:38:04","slug":"iman-de-pvc-panoramica-sevilha","status":"publish","type":"product","link":"https:\/\/olemosaic.com\/pt-pt\/produto\/iman-de-pvc-panoramica-sevilha\/","title":{"rendered":"\u00cdman de PVC. Panor\u00e2mica. Sevilha."},"content":{"rendered":"<p>Este \u00edman de PVC com a panor\u00e2mica de Sevilha \u00e9 uma representa\u00e7\u00e3o vibrante que convida a capturar a ess\u00eancia desta hist\u00f3rica cidade espanhola. Com um design colorido e atraente, as letras que formam &#8220;SEVILLA&#8221; tornam-se uma tela que destaca diversos monumentos ic\u00f3nicos, como a imponente Giralda e o majestoso Alc\u00e1zar, juntamente com ilustra\u00e7\u00f5es de bailarinos de flamenco que evocam o rico folclore andaluz. A gama de cores utiliza tons brilhantes e alegres que atraem o olhar, transformando este \u00edman numa decora\u00e7\u00e3o festiva ideal para qualquer frigor\u00edfico ou espa\u00e7o de trabalho.<\/p>\n<p>A qualidade do PVC garante que esta recorda\u00e7\u00e3o seja duradoura e resistente, permitindo que as mem\u00f3rias de Sevilha perdurem no tempo. Com o seu design panor\u00e2mico, este \u00edman funciona como uma recorda\u00e7\u00e3o perfeita para quem deseja levar um peda\u00e7o desta maravilhosa cidade para os seus lares, sendo especialmente popular entre quem procura recorda\u00e7\u00f5es de Sevilha aut\u00eanticas e representativas.<\/p>\n<p>Na Ol\u00e9 Mosaic, orgulhamo-nos de ser um distribuidor de recorda\u00e7\u00f5es por grosso, oferecendo produtos que refletem a riqueza cultural de Espanha. Este \u00edman \u00e9 uma excelente op\u00e7\u00e3o para lojas de presentes tur\u00edsticos que procuram artigos \u00fanicos e cheios de hist\u00f3ria, garantindo que os seus clientes regressem com um s\u00edmbolo tang\u00edvel da sua visita.<\/p>\n","protected":false},"excerpt":{"rendered":"<p>\u00cdman de PVC com uma panor\u00e2mica de Sevilha, com um design vibrante que captura a ess\u00eancia desta hist\u00f3rica cidade espanhola. As letras de &#8220;SEVILLA&#8221; s\u00e3o complementadas com ilustra\u00e7\u00f5es coloridas de monumentos emblem\u00e1ticos, como a Giralda e o Alc\u00e1zar, juntamente com elementos representativos do folclore andaluz, como bailarinos de flamenco. Este \u00edman \u00e9 uma decora\u00e7\u00e3o alegre e uma excelente recorda\u00e7\u00e3o para quem deseja levar um peda\u00e7o de Sevilha para casa.<\/p>\n","protected":false},"featured_media":8828,"template":"","meta":{"_acf_changed":false},"product_brand":[],"product_cat":[699],"product_tag":[],"class_list":{"0":"post-32784","1":"product","2":"type-product","3":"status-publish","4":"has-post-thumbnail","6":"product_cat-imanes","7":"pa_ciudad-sevilla","8":"pa_motivo-panoramas","9":"pa_pais-espana","11":"first","12":"instock","13":"shipping-taxable","14":"product-type-simple"},"acf":[],"_links":{"self":[{"href":"https:\/\/olemosaic.com\/pt-pt\/wp-json\/wp\/v2\/product\/32784","targetHints":{"allow":["GET"]}}],"collection":[{"href":"https:\/\/olemosaic.com\/pt-pt\/wp-json\/wp\/v2\/product"}],"about":[{"href":"https:\/\/olemosaic.com\/pt-pt\/wp-json\/wp\/v2\/types\/product"}],"wp:featuredmedia":[{"embeddable":true,"href":"https:\/\/olemosaic.com\/pt-pt\/wp-json\/wp\/v2\/media\/8828"}],"wp:attachment":[{"href":"https:\/\/olemosaic.com\/pt-pt\/wp-json\/wp\/v2\/media?parent=32784"}],"wp:term":[{"taxonomy":"product_brand","embeddable":true,"href":"https:\/\/olemosaic.com\/pt-pt\/wp-json\/wp\/v2\/product_brand?post=32784"},{"taxonomy":"product_cat","embeddable":true,"href":"https:\/\/olemosaic.com\/pt-pt\/wp-json\/wp\/v2\/product_cat?post=32784"},{"taxonomy":"product_tag","embeddable":true,"href":"https:\/\/olemosaic.com\/pt-pt\/wp-json\/wp\/v2\/product_tag?post=32784"}],"curies":[{"name":"wp","href":"https:\/\/api.w.org\/{rel}","templated":true}]}}