{"id":32783,"date":"2025-02-20T22:32:50","date_gmt":"2025-02-20T22:32:50","guid":{"rendered":"http:\/\/olemosaic.com\/producto\/iman-de-pvc-panoramica-santiago\/"},"modified":"2025-07-25T19:13:32","modified_gmt":"2025-07-25T17:13:32","slug":"iman-de-pvc-panoramica-santiago-pt-pt","status":"publish","type":"product","link":"https:\/\/olemosaic.com\/pt-pt\/produto\/iman-de-pvc-panoramica-santiago-pt-pt\/","title":{"rendered":"\u00cdman de PVC. Panor\u00e2mica. Santiago."},"content":{"rendered":"<p>Este \u00edman de PVC, com a colorida panor\u00e2mica de Santiago, \u00e9 uma recorda\u00e7\u00e3o vibrante da rica heran\u00e7a cultural desta encantadora cidade galega. Com a palavra &#8220;Santiago&#8221; em letras grandes e chamativas, esta recorda\u00e7\u00e3o destaca-se pelo seu design atraente e pelo cuidado com os detalhes. \u00cdcones emblem\u00e1ticos, como a imponente Catedral de Santiago e um peregrino com o seu bord\u00e3o de viagem, est\u00e3o belamente ilustrados, transmitindo a ess\u00eancia da famosa rota de peregrina\u00e7\u00e3o, o Caminho de Santiago.<\/p>\n<p>Os elementos arquitet\u00f3nicos e os s\u00edmbolos galegos, pintados em tons vibrantes de azul, vermelho e verde, evocam n\u00e3o s\u00f3 a hist\u00f3ria da cidade, mas tamb\u00e9m o seu folclore e tradi\u00e7\u00f5es. Este \u00edman funciona n\u00e3o apenas como um objeto decorativo, mas tamb\u00e9m como um peda\u00e7o da hist\u00f3ria de Santiago, unindo os visitantes \u00e0 sua experi\u00eancia \u00fanica na cidade. Al\u00e9m disso, o seu material de PVC torna-o duradouro e resistente, ideal para o exibir em qualquer superf\u00edcie met\u00e1lica, como um frigor\u00edfico, servindo como um lembrete constante de uma viagem inesquec\u00edvel.<\/p>\n<p>Na Ol\u00e9 Mosaic, orgulhamo-nos de oferecer recorda\u00e7\u00f5es aut\u00eanticas que capturam a ess\u00eancia dos seus locais de origem. Este \u00edman de Santiago \u00e9 uma excelente op\u00e7\u00e3o para lojas de presentes tur\u00edsticos que procuram produtos de qualidade, representativos e cheios de significado cultural. Com o seu design atraente e a sua relev\u00e2ncia cultural, este \u00edman posiciona-se como um presente ideal tanto para turistas como para aqueles que querem levar um peda\u00e7o de Santiago para casa.<\/p>\n","protected":false},"excerpt":{"rendered":"<p>\u00cdman de PVC com uma colorida panor\u00e2mica de Santiago, que captura a ess\u00eancia cultural da cidade. Este \u00edman apresenta a palavra &#8220;Santiago&#8221; em letras grandes e vibrantes, acompanhada de \u00edcones emblem\u00e1ticos como a Catedral e o famoso peregrino. Os detalhes incluem elementos arquitet\u00f3nicos e s\u00edmbolos, pintados em tons brilhantes de azul, vermelho e verde, que evocam a hist\u00f3ria e o folclore desta cidade galega. Perfeito para recordar uma viagem inesquec\u00edvel.<\/p>\n","protected":false},"featured_media":8829,"template":"","meta":{"_acf_changed":false},"product_brand":[],"product_cat":[699],"product_tag":[],"class_list":{"0":"post-32783","1":"product","2":"type-product","3":"status-publish","4":"has-post-thumbnail","6":"product_cat-imanes","7":"pa_ciudad-santiago","8":"pa_motivo-panoramas","9":"pa_pais-espana","11":"first","12":"instock","13":"shipping-taxable","14":"product-type-simple"},"acf":[],"_links":{"self":[{"href":"https:\/\/olemosaic.com\/pt-pt\/wp-json\/wp\/v2\/product\/32783","targetHints":{"allow":["GET"]}}],"collection":[{"href":"https:\/\/olemosaic.com\/pt-pt\/wp-json\/wp\/v2\/product"}],"about":[{"href":"https:\/\/olemosaic.com\/pt-pt\/wp-json\/wp\/v2\/types\/product"}],"wp:featuredmedia":[{"embeddable":true,"href":"https:\/\/olemosaic.com\/pt-pt\/wp-json\/wp\/v2\/media\/8829"}],"wp:attachment":[{"href":"https:\/\/olemosaic.com\/pt-pt\/wp-json\/wp\/v2\/media?parent=32783"}],"wp:term":[{"taxonomy":"product_brand","embeddable":true,"href":"https:\/\/olemosaic.com\/pt-pt\/wp-json\/wp\/v2\/product_brand?post=32783"},{"taxonomy":"product_cat","embeddable":true,"href":"https:\/\/olemosaic.com\/pt-pt\/wp-json\/wp\/v2\/product_cat?post=32783"},{"taxonomy":"product_tag","embeddable":true,"href":"https:\/\/olemosaic.com\/pt-pt\/wp-json\/wp\/v2\/product_tag?post=32783"}],"curies":[{"name":"wp","href":"https:\/\/api.w.org\/{rel}","templated":true}]}}