{"id":32782,"date":"2025-02-20T22:32:50","date_gmt":"2025-02-20T22:32:50","guid":{"rendered":"http:\/\/olemosaic.com\/producto\/iman-de-pvc-salamandra-fuerteventura\/"},"modified":"2025-07-25T19:12:24","modified_gmt":"2025-07-25T17:12:24","slug":"iman-de-pvc-salamandra-fuerteventura-pt-pt","status":"publish","type":"product","link":"https:\/\/olemosaic.com\/pt-pt\/produto\/iman-de-pvc-salamandra-fuerteventura-pt-pt\/","title":{"rendered":"\u00cdman de PVC. Salamandra. Fuerteventura."},"content":{"rendered":"<p>Este \u00edman de PVC com forma de salamandra \u00e9 uma recorda\u00e7\u00e3o colorida que captura a ess\u00eancia da biodiversidade de Fuerteventura, uma das belas Ilhas Can\u00e1rias. Com o seu design vibrante, este \u00edman exibe uma paleta de tons azuis, verdes e amarelos, criando uma representa\u00e7\u00e3o visual alegre e carater\u00edstica da rica fauna local. A salamandra, que simboliza a liga\u00e7\u00e3o com a natureza e o ambiente \u00fanico da ilha, apresenta-se com um estilo l\u00fadico que atrai a aten\u00e7\u00e3o de quem procura recorda\u00e7\u00f5es aut\u00eanticas.<\/p>\n<p>Destacando a inscri\u00e7\u00e3o &#8220;Fuerteventura&#8221; numa tipografia divertida, este \u00edman n\u00e3o \u00e9 apenas um artigo decorativo, mas tamb\u00e9m um testemunho do esp\u00edrito insular, ideal para decorar frigor\u00edficos ou outros espa\u00e7os. Cada detalhe da salamandra \u00e9 cuidadosamente elaborado, desde a sua cauda ondulante at\u00e9 \u00e0s suas patas estilizadas, o que torna este \u00edman uma pe\u00e7a atraente e divertida.<\/p>\n<p>Perfeito para turistas que desejam levar um peda\u00e7o de Fuerteventura para casa, esta recorda\u00e7\u00e3o destaca-se pela sua autenticidade e relev\u00e2ncia cultural, representando a alegria e a beleza da regi\u00e3o. Na Ol\u00e9 Mosaic, oferecemos uma vasta gama de recorda\u00e7\u00f5es por grosso, e este \u00edman de salamandra \u00e9 uma excelente op\u00e7\u00e3o para lojas de presentes tur\u00edsticos que pretendem oferecer produtos representativos e de qualidade.<\/p>\n","protected":false},"excerpt":{"rendered":"<p>\u00cdman de PVC com forma de salamandra, que representa a biodiversidade de Fuerteventura. Este \u00edman colorido destaca-se pelo seu design vibrante, com um mosaico de tons azuis, verdes e amarelos, que evocam a est\u00e9tica can\u00e1ria. Chama a aten\u00e7\u00e3o a inscri\u00e7\u00e3o &#8220;Fuerteventura&#8221; num estilo descontra\u00eddo que reflete a alegria da ilha. Cada detalhe da salamandra \u00e9 cuidadosamente elaborado, o que o torna uma recorda\u00e7\u00e3o atraente e um lembrete perfeito desta bela regi\u00e3o.<\/p>\n","protected":false},"featured_media":12070,"template":"","meta":{"_acf_changed":false},"product_brand":[],"product_cat":[699],"product_tag":[516],"class_list":{"0":"post-32782","1":"product","2":"type-product","3":"status-publish","4":"has-post-thumbnail","6":"product_cat-imanes","7":"product_tag-animais","8":"pa_ciudad-fuerteventura","9":"pa_motivo-salamandras","10":"pa_pais-espana","12":"first","13":"instock","14":"shipping-taxable","15":"product-type-simple"},"acf":[],"_links":{"self":[{"href":"https:\/\/olemosaic.com\/pt-pt\/wp-json\/wp\/v2\/product\/32782","targetHints":{"allow":["GET"]}}],"collection":[{"href":"https:\/\/olemosaic.com\/pt-pt\/wp-json\/wp\/v2\/product"}],"about":[{"href":"https:\/\/olemosaic.com\/pt-pt\/wp-json\/wp\/v2\/types\/product"}],"wp:featuredmedia":[{"embeddable":true,"href":"https:\/\/olemosaic.com\/pt-pt\/wp-json\/wp\/v2\/media\/12070"}],"wp:attachment":[{"href":"https:\/\/olemosaic.com\/pt-pt\/wp-json\/wp\/v2\/media?parent=32782"}],"wp:term":[{"taxonomy":"product_brand","embeddable":true,"href":"https:\/\/olemosaic.com\/pt-pt\/wp-json\/wp\/v2\/product_brand?post=32782"},{"taxonomy":"product_cat","embeddable":true,"href":"https:\/\/olemosaic.com\/pt-pt\/wp-json\/wp\/v2\/product_cat?post=32782"},{"taxonomy":"product_tag","embeddable":true,"href":"https:\/\/olemosaic.com\/pt-pt\/wp-json\/wp\/v2\/product_tag?post=32782"}],"curies":[{"name":"wp","href":"https:\/\/api.w.org\/{rel}","templated":true}]}}