{"id":32767,"date":"2025-02-20T22:32:49","date_gmt":"2025-02-20T22:32:49","guid":{"rendered":"http:\/\/olemosaic.com\/producto\/iman-de-metal-salamandra-barcelona-negro-11-cm\/"},"modified":"2025-07-25T18:54:30","modified_gmt":"2025-07-25T16:54:30","slug":"iman-de-metal-salamandra-barcelona-preto-11-cm","status":"publish","type":"product","link":"https:\/\/olemosaic.com\/pt-pt\/produto\/iman-de-metal-salamandra-barcelona-preto-11-cm\/","title":{"rendered":"\u00cdman de metal. Salamandra. Barcelona. Preto. 11 cm."},"content":{"rendered":"<p>Este \u00edman met\u00e1lico representa uma colorida salamandra, inspirada na vibrante cultura de Barcelona, ideal para quem procura uma recorda\u00e7\u00e3o aut\u00eantica da cidade. Com um design em mosaico que combina tons brilhantes de azul, verde, vermelho e amarelo, este \u00edman de 11 cm destaca-se sobre um fundo preto que real\u00e7a as suas cores ousadas, criando uma pe\u00e7a visualmente impactante. A salamandra, s\u00edmbolo de transforma\u00e7\u00e3o e luz, evoca a riqueza cultural de Barcelona e a sua famosa obra arquitet\u00f3nica, o Parque G\u00fcell, onde os mosaicos s\u00e3o uma marca distintiva do estilo de Antoni Gaud\u00ed. A palavra &#8220;Barcelona&#8221; aparece em letras grandes e multicoloridas, complementando a pe\u00e7a e refletindo a alegria e a arte que caracterizam a cidade. Este \u00edman n\u00e3o \u00e9 apenas um adorno para o frigor\u00edfico, mas tamb\u00e9m uma recorda\u00e7\u00e3o emblem\u00e1tica que captura a ess\u00eancia de uma viagem a Barcelona.<\/p>\n<p>Na Ol\u00e9 Mosaic, dedicamo-nos \u00e0 distribui\u00e7\u00e3o de souvenirs por grosso, e este \u00edman de salamandra \u00e9 uma excelente op\u00e7\u00e3o para lojas de presentes tur\u00edsticos que procuram artigos de qualidade e relev\u00e2ncia cultural. Como grossistas de souvenirs aut\u00eanticos, garantimos que este \u00edman ser\u00e1 um atrativo para os turistas que desejem levar um peda\u00e7o de Barcelona.<\/p>\n","protected":false},"excerpt":{"rendered":"<p>\u00cdman met\u00e1lico que representa uma colorida salamandra, inspirado na vibrante cultura barcelonesa. Com um design em mosaico que combina tons vivos de azul, verde, vermelho e amarelo, este \u00edman de 11 cm destaca-se sobre um fundo preto que real\u00e7a as suas cores ousadas. A palavra &#8220;Barcelona&#8221;, em letras grandes e multicoloridas, complementa a pe\u00e7a, refletindo a alegria e a arte da cidade. Perfeito para decorar qualquer espa\u00e7o e recordar as suas viagens.<\/p>\n","protected":false},"featured_media":8789,"template":"","meta":{"_acf_changed":false},"product_brand":[],"product_cat":[699],"product_tag":[516],"class_list":{"0":"post-32767","1":"product","2":"type-product","3":"status-publish","4":"has-post-thumbnail","6":"product_cat-imanes","7":"product_tag-animais","8":"pa_ciudad-barcelona","9":"pa_motivo-salamandras","10":"pa_pais-espana","12":"first","13":"instock","14":"shipping-taxable","15":"product-type-simple"},"acf":[],"_links":{"self":[{"href":"https:\/\/olemosaic.com\/pt-pt\/wp-json\/wp\/v2\/product\/32767","targetHints":{"allow":["GET"]}}],"collection":[{"href":"https:\/\/olemosaic.com\/pt-pt\/wp-json\/wp\/v2\/product"}],"about":[{"href":"https:\/\/olemosaic.com\/pt-pt\/wp-json\/wp\/v2\/types\/product"}],"wp:featuredmedia":[{"embeddable":true,"href":"https:\/\/olemosaic.com\/pt-pt\/wp-json\/wp\/v2\/media\/8789"}],"wp:attachment":[{"href":"https:\/\/olemosaic.com\/pt-pt\/wp-json\/wp\/v2\/media?parent=32767"}],"wp:term":[{"taxonomy":"product_brand","embeddable":true,"href":"https:\/\/olemosaic.com\/pt-pt\/wp-json\/wp\/v2\/product_brand?post=32767"},{"taxonomy":"product_cat","embeddable":true,"href":"https:\/\/olemosaic.com\/pt-pt\/wp-json\/wp\/v2\/product_cat?post=32767"},{"taxonomy":"product_tag","embeddable":true,"href":"https:\/\/olemosaic.com\/pt-pt\/wp-json\/wp\/v2\/product_tag?post=32767"}],"curies":[{"name":"wp","href":"https:\/\/api.w.org\/{rel}","templated":true}]}}