{"id":32766,"date":"2025-02-20T22:32:49","date_gmt":"2025-02-20T22:32:49","guid":{"rendered":"http:\/\/olemosaic.com\/producto\/iman-de-metal-gato-fuerteventura-plata-8-cm\/"},"modified":"2025-07-25T19:33:29","modified_gmt":"2025-07-25T17:33:29","slug":"iman-de-metal-gato-fuerteventura-prata-8-cm","status":"publish","type":"product","link":"https:\/\/olemosaic.com\/pt-pt\/produto\/iman-de-metal-gato-fuerteventura-prata-8-cm\/","title":{"rendered":"\u00cdman de metal. Gato. Fuerteventura. Prata. 8 cm."},"content":{"rendered":"<p>Este \u00edman met\u00e1lico representa um gato vibrante, inspirado na colorida tradi\u00e7\u00e3o de Fuerteventura, uma das belas ilhas Can\u00e1rias. Com um tamanho de 8 cm, este \u00edman destaca-se pelo seu design art\u00edstico em mosaico, utilizando uma intensa paleta de cores que inclui azuis, verdes, vermelhos e amarelos. A representa\u00e7\u00e3o do gato, emoldurada por um fundo com subtis efeitos de craquelado, adiciona um toque distintivo que captura a ess\u00eancia da ilha. As cores luminosas e a forma estilizada do gato evocam a alegria e vitalidade da cultura local, convertendo este produto em algo mais do que um simples acess\u00f3rio decorativo; \u00e9 uma aut\u00eantica recorda\u00e7\u00e3o de Fuerteventura.<\/p>\n<p>Este \u00edman n\u00e3o s\u00f3 serve para manter organizadas as suas mem\u00f3rias, mas tamb\u00e9m presta homenagem \u00e0 rica fauna e flora das Ilhas Can\u00e1rias. \u00c9 uma excelente escolha para turistas que desejam levar um pedacinho de Fuerteventura para casa. Este souvenir \u00e9 ideal para quem procura uma representa\u00e7\u00e3o aut\u00eantica e colorida da regi\u00e3o. Na Ol\u00e9 Mosaic, como grossistas de \u00edmanes, oferecemos produtos de qualidade que refletem a beleza e o folclore can\u00e1rio, perfeitos para lojas de presentes tur\u00edsticos que valorizam o artesanato e a liga\u00e7\u00e3o cultural.<\/p>\n","protected":false},"excerpt":{"rendered":"<p>\u00cdman met\u00e1lico com a representa\u00e7\u00e3o de um gato, inspirado na colorida tradi\u00e7\u00e3o de Fuerteventura. Este \u00edman, de 8 cm, destaca-se pelo seu design vibrante e em mosaico, com uma paleta de cores que inclui azuis, verdes, vermelhos e amarelos. O fundo apresenta um subtil efeito de fendas que real\u00e7a a imagem do gato em tons alegres, adicionando um toque art\u00edstico e distintivo. Perfeito para recordar a ess\u00eancia desta bela ilha can\u00e1ria.<\/p>\n","protected":false},"featured_media":12845,"template":"","meta":{"_acf_changed":false},"product_brand":[],"product_cat":[699],"product_tag":[516],"class_list":{"0":"post-32766","1":"product","2":"type-product","3":"status-publish","4":"has-post-thumbnail","6":"product_cat-imanes","7":"product_tag-animais","8":"pa_ciudad-fuerteventura","9":"pa_motivo-gatos","10":"pa_pais-espana","12":"first","13":"instock","14":"shipping-taxable","15":"product-type-simple"},"acf":[],"_links":{"self":[{"href":"https:\/\/olemosaic.com\/pt-pt\/wp-json\/wp\/v2\/product\/32766","targetHints":{"allow":["GET"]}}],"collection":[{"href":"https:\/\/olemosaic.com\/pt-pt\/wp-json\/wp\/v2\/product"}],"about":[{"href":"https:\/\/olemosaic.com\/pt-pt\/wp-json\/wp\/v2\/types\/product"}],"wp:featuredmedia":[{"embeddable":true,"href":"https:\/\/olemosaic.com\/pt-pt\/wp-json\/wp\/v2\/media\/12845"}],"wp:attachment":[{"href":"https:\/\/olemosaic.com\/pt-pt\/wp-json\/wp\/v2\/media?parent=32766"}],"wp:term":[{"taxonomy":"product_brand","embeddable":true,"href":"https:\/\/olemosaic.com\/pt-pt\/wp-json\/wp\/v2\/product_brand?post=32766"},{"taxonomy":"product_cat","embeddable":true,"href":"https:\/\/olemosaic.com\/pt-pt\/wp-json\/wp\/v2\/product_cat?post=32766"},{"taxonomy":"product_tag","embeddable":true,"href":"https:\/\/olemosaic.com\/pt-pt\/wp-json\/wp\/v2\/product_tag?post=32766"}],"curies":[{"name":"wp","href":"https:\/\/api.w.org\/{rel}","templated":true}]}}