{"id":32764,"date":"2025-02-20T23:32:48","date_gmt":"2025-02-20T22:32:48","guid":{"rendered":"http:\/\/olemosaic.com\/producto\/iman-de-metal-sagrada-familia-barcelona-negro-8-cm-11\/"},"modified":"2025-07-25T20:18:43","modified_gmt":"2025-07-25T18:18:43","slug":"iman-de-metal-sagrada-familia-barcelona-preto-8-cm-11","status":"publish","type":"product","link":"https:\/\/olemosaic.com\/pt-pt\/produto\/iman-de-metal-sagrada-familia-barcelona-preto-8-cm-11\/","title":{"rendered":"\u00cdman de metal. Sagrada Fam\u00edlia. Gaud\u00ed. Barcelona. Preto. 8 cm."},"content":{"rendered":"<p>Este \u00edman met\u00e1lico representa a ic\u00f3nica Sagrada Fam\u00edlia de Barcelona, obra-prima do arquiteto Antoni Gaud\u00ed, e \u00e9 a recorda\u00e7\u00e3o perfeita da cidade condal. Com um tamanho de 8 cm, o \u00edman destaca-se pelo seu design vibrante, com uma paleta de cores variadas sobre um fundo preto. A ilustra\u00e7\u00e3o captura a majestosidade da Sagrada Fam\u00edlia, mostrando as suas torres distintivas com formas geom\u00e9tricas e detalhes ornamentais que evocam a rica tradi\u00e7\u00e3o do modernismo catal\u00e3o.<\/p>\n<p>Cada detalhe do \u00edman reflete a criatividade e singularidade de Gaud\u00ed, com linhas fluidas e cores que parecem dan\u00e7ar sobre a superf\u00edcie, convidando a apreciar a beleza arquitet\u00f3nica que tornou esta catedral num dos monumentos mais reconhec\u00edveis do mundo. A representa\u00e7\u00e3o art\u00edstica \u00e9 um tributo \u00e0 cultura catal\u00e3 e ao legado de Gaud\u00ed, fazendo deste \u00edman um souvenir aut\u00eantico e significativo.<\/p>\n<p>Na Ol\u00e9 Mosaic, especializamo-nos na distribui\u00e7\u00e3o de souvenirs por grosso, e este \u00edman \u00e9 uma op\u00e7\u00e3o ideal para lojas de recorda\u00e7\u00f5es tur\u00edsticas que procuram oferecer recorda\u00e7\u00f5es \u00fanicas de Barcelona. Com o seu apelo visual e o seu valor cultural, este \u00edman \u00e9 um excelente artigo para quem deseja levar um peda\u00e7o da emblem\u00e1tica arquitetura da cidade. Como grossistas de souvenirs, garantimos a qualidade e autenticidade em cada produto que oferecemos.<\/p>\n","protected":false},"excerpt":{"rendered":"<p>\u00cdman de metal que representa a emblem\u00e1tica Sagrada Fam\u00edlia de Barcelona. O seu design vibrante, com tons variados sobre um fundo preto, destaca-se por uma ilustra\u00e7\u00e3o colorida de 8 cm que captura a majestosidade da obra de Gaud\u00ed. Combina formas geom\u00e9tricas e detalhes ornamentais que evocam a arquitetura modernista catal\u00e3, tornando-o uma recorda\u00e7\u00e3o perfeita da beleza da cidade condal.<\/p>\n","protected":false},"featured_media":11388,"template":"","meta":{"_acf_changed":false},"product_brand":[],"product_cat":[699],"product_tag":[],"class_list":{"0":"post-32764","1":"product","2":"type-product","3":"status-publish","4":"has-post-thumbnail","6":"product_cat-imanes","7":"pa_ciudad-barcelona","8":"pa_motivo-sagrada-familia","9":"pa_pais-espana","11":"first","12":"instock","13":"shipping-taxable","14":"product-type-simple"},"acf":[],"_links":{"self":[{"href":"https:\/\/olemosaic.com\/pt-pt\/wp-json\/wp\/v2\/product\/32764","targetHints":{"allow":["GET"]}}],"collection":[{"href":"https:\/\/olemosaic.com\/pt-pt\/wp-json\/wp\/v2\/product"}],"about":[{"href":"https:\/\/olemosaic.com\/pt-pt\/wp-json\/wp\/v2\/types\/product"}],"wp:featuredmedia":[{"embeddable":true,"href":"https:\/\/olemosaic.com\/pt-pt\/wp-json\/wp\/v2\/media\/11388"}],"wp:attachment":[{"href":"https:\/\/olemosaic.com\/pt-pt\/wp-json\/wp\/v2\/media?parent=32764"}],"wp:term":[{"taxonomy":"product_brand","embeddable":true,"href":"https:\/\/olemosaic.com\/pt-pt\/wp-json\/wp\/v2\/product_brand?post=32764"},{"taxonomy":"product_cat","embeddable":true,"href":"https:\/\/olemosaic.com\/pt-pt\/wp-json\/wp\/v2\/product_cat?post=32764"},{"taxonomy":"product_tag","embeddable":true,"href":"https:\/\/olemosaic.com\/pt-pt\/wp-json\/wp\/v2\/product_tag?post=32764"}],"curies":[{"name":"wp","href":"https:\/\/api.w.org\/{rel}","templated":true}]}}