{"id":32763,"date":"2025-02-20T23:32:48","date_gmt":"2025-02-20T22:32:48","guid":{"rendered":"http:\/\/olemosaic.com\/producto\/iman-de-metal-sagrada-familia-barcelona-negro-8-cm-10\/"},"modified":"2025-07-25T20:13:27","modified_gmt":"2025-07-25T18:13:27","slug":"iman-de-metal-sagrada-familia-barcelona-preto-8-cm-10","status":"publish","type":"product","link":"https:\/\/olemosaic.com\/pt-pt\/produto\/iman-de-metal-sagrada-familia-barcelona-preto-8-cm-10\/","title":{"rendered":"\u00cdman de metal. Sagrada Fam\u00edlia. Estilo moderno. Barcelona. Preto. 8 cm."},"content":{"rendered":"<p>Este \u00edman met\u00e1lico representa a ic\u00f3nica Sagrada Fam\u00edlia de Barcelona, um emblema indiscut\u00edvel da genialidade de Antoni Gaud\u00ed. Com dimens\u00f5es de 8 cm, este atraente souvenir destaca-se pelo seu design vibrante, que capta a aten\u00e7\u00e3o instantaneamente. O fundo preto real\u00e7a os elaborados detalhes arquitet\u00f3nicos da bas\u00edlica, representados com mestria em tons quentes e brilhantes, imitando a t\u00e9cnica do vitral moderno. Decorado com uma sinfonia de cores e padr\u00f5es que evocam a diversidade cultural de Barcelona, este \u00edman n\u00e3o \u00e9 apenas um acess\u00f3rio decorativo, mas uma pe\u00e7a aut\u00eantica que celebra o patrim\u00f3nio arquitet\u00f3nico da cidade.<\/p>\n<p>A palavra &#8220;Barcelona&#8221; integra-se de forma elegante na parte superior do \u00edman, acrescentando um toque distintivo e atraente que o torna um presente ideal. Este \u00edman da Sagrada Fam\u00edlia \u00e9 uma recorda\u00e7\u00e3o perfeita para turistas que procuram levar para casa uma parte da majestosidade desta obra-prima. Na Ol\u00e9 Mosaic, somos distribuidores de souvenirs por grosso e oferecemos este \u00edman como uma op\u00e7\u00e3o ideal para lojas de recorda\u00e7\u00f5es tur\u00edsticas que desejem oferecer produtos aut\u00eanticos e de qualidade. Os souvenirs de Barcelona, como este \u00edman, s\u00e3o recorda\u00e7\u00f5es representativas que refletem a ess\u00eancia da cidade, tornando-se uma excelente escolha para recordar momentos especiais.<\/p>\n","protected":false},"excerpt":{"rendered":"<p>\u00cdman met\u00e1lico que representa a ic\u00f3nica Sagrada Fam\u00edlia de Barcelona, com um design vibrante e colorido. Este \u00edman de 8 cm destaca-se pelo seu fundo preto, que real\u00e7a os elaborados detalhes arquitet\u00f3nicos da bas\u00edlica, representados em tons quentes e brilhantes, imitando a t\u00e9cnica do vitral moderno. A palavra &#8220;Barcelona&#8221; integra-se na parte superior, acrescentando um toque distintivo e atraente, perfeito como recorda\u00e7\u00e3o da majestosidade desta obra-prima de Gaud\u00ed.<\/p>\n","protected":false},"featured_media":11368,"template":"","meta":{"_acf_changed":false},"product_brand":[],"product_cat":[699],"product_tag":[],"class_list":{"0":"post-32763","1":"product","2":"type-product","3":"status-publish","4":"has-post-thumbnail","6":"product_cat-imanes","7":"pa_ciudad-barcelona","8":"pa_motivo-sagrada-familia","9":"pa_pais-espana","11":"first","12":"instock","13":"shipping-taxable","14":"product-type-simple"},"acf":[],"_links":{"self":[{"href":"https:\/\/olemosaic.com\/pt-pt\/wp-json\/wp\/v2\/product\/32763","targetHints":{"allow":["GET"]}}],"collection":[{"href":"https:\/\/olemosaic.com\/pt-pt\/wp-json\/wp\/v2\/product"}],"about":[{"href":"https:\/\/olemosaic.com\/pt-pt\/wp-json\/wp\/v2\/types\/product"}],"wp:featuredmedia":[{"embeddable":true,"href":"https:\/\/olemosaic.com\/pt-pt\/wp-json\/wp\/v2\/media\/11368"}],"wp:attachment":[{"href":"https:\/\/olemosaic.com\/pt-pt\/wp-json\/wp\/v2\/media?parent=32763"}],"wp:term":[{"taxonomy":"product_brand","embeddable":true,"href":"https:\/\/olemosaic.com\/pt-pt\/wp-json\/wp\/v2\/product_brand?post=32763"},{"taxonomy":"product_cat","embeddable":true,"href":"https:\/\/olemosaic.com\/pt-pt\/wp-json\/wp\/v2\/product_cat?post=32763"},{"taxonomy":"product_tag","embeddable":true,"href":"https:\/\/olemosaic.com\/pt-pt\/wp-json\/wp\/v2\/product_tag?post=32763"}],"curies":[{"name":"wp","href":"https:\/\/api.w.org\/{rel}","templated":true}]}}