{"id":32761,"date":"2025-02-20T23:32:48","date_gmt":"2025-02-20T22:32:48","guid":{"rendered":"http:\/\/olemosaic.com\/producto\/iman-de-metal-sagrada-familia-barcelona-negro-8-cm-9\/"},"modified":"2025-07-25T19:49:26","modified_gmt":"2025-07-25T17:49:26","slug":"iman-de-metal-sagrada-familia-barcelona-preto-8-cm-9","status":"publish","type":"product","link":"https:\/\/olemosaic.com\/pt-pt\/produto\/iman-de-metal-sagrada-familia-barcelona-preto-8-cm-9\/","title":{"rendered":"\u00cdman de metal. Sagrada Fam\u00edlia. I \u2665 Barcelona. Barcelona. Preto. 8 cm."},"content":{"rendered":"<p>Este \u00edman met\u00e1lico representa a emblem\u00e1tica Sagrada Fam\u00edlia de Barcelona, uma das obras-primas do arquiteto Antoni Gaud\u00ed. Com dimens\u00f5es de 8 cm, este souvenir destaca-se pelo seu design vibrante, que utiliza cores quentes e detalhes ricos de mosaico, capturando a majestosidade da famosa bas\u00edlica. O fundo preto real\u00e7a na perfei\u00e7\u00e3o as tonalidades brilhantes do monumento, tornando esta pe\u00e7a um elemento decorativo chamativo e atraente. A inscri\u00e7\u00e3o &#8220;I \u2665 Barcelona&#8221; aparece numa tipografia alegre, conferindo um toque de frescura e modernidade, ideal para recordar a beleza e o encanto desta cidade catal\u00e3.<\/p>\n<p>A Sagrada Fam\u00edlia n\u00e3o \u00e9 apenas um s\u00edmbolo de Barcelona, mas um emblema da inova\u00e7\u00e3o arquitet\u00f3nica e da devo\u00e7\u00e3o art\u00edstica espanholas. Este \u00edman \u00e9 uma recorda\u00e7\u00e3o perfeita da rica heran\u00e7a cultural que representa, tornando-se um excelente souvenir para turistas que procuram algo aut\u00eantico e significativo. Na Ol\u00e9 Mosaic, somos especialistas na distribui\u00e7\u00e3o de souvenirs por grosso, oferecendo produtos \u00fanicos que refletem a ess\u00eancia de Espanha. Este \u00edman \u00e9 uma excelente op\u00e7\u00e3o para lojas de recorda\u00e7\u00f5es tur\u00edsticas que desejem oferecer souvenirs de alta qualidade e relev\u00e2ncia cultural, que sirvam como lembran\u00e7as duradouras da visita a Barcelona.<\/p>\n","protected":false},"excerpt":{"rendered":"<p>\u00cdman met\u00e1lico que representa a emblem\u00e1tica Sagrada Fam\u00edlia de Barcelona, de 8 cm de tamanho. Este \u00edman destaca-se pelo seu design vibrante com cores quentes e detalhes de mosaico, que capturam a majestosidade da famosa bas\u00edlica. O fundo preto contrasta na perfei\u00e7\u00e3o com as tonalidades brilhantes do monumento e inclui o texto &#8220;I \u2665 Barcelona&#8221; numa tipografia alegre, o que o torna um souvenir ideal para recordar a beleza desta cidade catal\u00e3.<\/p>\n","protected":false},"featured_media":11360,"template":"","meta":{"_acf_changed":false},"product_brand":[],"product_cat":[699],"product_tag":[],"class_list":{"0":"post-32761","1":"product","2":"type-product","3":"status-publish","4":"has-post-thumbnail","6":"product_cat-imanes","7":"pa_ciudad-barcelona","8":"pa_motivo-sagrada-familia","9":"pa_pais-espana","11":"first","12":"instock","13":"shipping-taxable","14":"product-type-simple"},"acf":[],"_links":{"self":[{"href":"https:\/\/olemosaic.com\/pt-pt\/wp-json\/wp\/v2\/product\/32761","targetHints":{"allow":["GET"]}}],"collection":[{"href":"https:\/\/olemosaic.com\/pt-pt\/wp-json\/wp\/v2\/product"}],"about":[{"href":"https:\/\/olemosaic.com\/pt-pt\/wp-json\/wp\/v2\/types\/product"}],"wp:featuredmedia":[{"embeddable":true,"href":"https:\/\/olemosaic.com\/pt-pt\/wp-json\/wp\/v2\/media\/11360"}],"wp:attachment":[{"href":"https:\/\/olemosaic.com\/pt-pt\/wp-json\/wp\/v2\/media?parent=32761"}],"wp:term":[{"taxonomy":"product_brand","embeddable":true,"href":"https:\/\/olemosaic.com\/pt-pt\/wp-json\/wp\/v2\/product_brand?post=32761"},{"taxonomy":"product_cat","embeddable":true,"href":"https:\/\/olemosaic.com\/pt-pt\/wp-json\/wp\/v2\/product_cat?post=32761"},{"taxonomy":"product_tag","embeddable":true,"href":"https:\/\/olemosaic.com\/pt-pt\/wp-json\/wp\/v2\/product_tag?post=32761"}],"curies":[{"name":"wp","href":"https:\/\/api.w.org\/{rel}","templated":true}]}}