{"id":32739,"date":"2025-02-20T22:32:48","date_gmt":"2025-02-20T22:32:48","guid":{"rendered":"http:\/\/olemosaic.com\/producto\/iman-de-metal-camino-de-santiago-plata-8-cm\/"},"modified":"2025-07-25T18:58:26","modified_gmt":"2025-07-25T16:58:26","slug":"iman-de-metal-caminho-de-santiago-prata-8-cm","status":"publish","type":"product","link":"https:\/\/olemosaic.com\/pt-pt\/produto\/iman-de-metal-caminho-de-santiago-prata-8-cm\/","title":{"rendered":"\u00cdman de metal. Caminho de Santiago. Prata. 8 cm."},"content":{"rendered":"<p>Este \u00edman met\u00e1lico representa a emblem\u00e1tica Catedral do Caminho de Santiago, um s\u00edmbolo reconhecido e apreciado por peregrinos e turistas que visitam esta hist\u00f3rica rota. Com dimens\u00f5es de 8 cm, este \u00edman destaca-se pelo seu brilhante acabamento prateado e um design que simula um vitral, evocando a majestosidade arquitet\u00f3nica deste ic\u00f3nico monumento. Os tons dourados quentes, juntamente com os vibrantes detalhes em trencad\u00eds, oferecem uma vis\u00e3o colorida e fiel da catedral, imortalizando a sua rica ornamenta\u00e7\u00e3o.<\/p>\n<p>Na parte superior, o texto &#8220;CAMINO DE SANTIAGO&#8221; sobressai com um estilo art\u00edstico que complementa a imagem central, enquanto uma seta dourada, s\u00edmbolo do percurso dos peregrinos, acrescenta um toque significativo e aut\u00eantico. Este \u00edman n\u00e3o s\u00f3 serve como um atraente objeto decorativo, como tamb\u00e9m se apresenta como uma recorda\u00e7\u00e3o perfeita da travessia espiritual e cultural que o Caminho representa.<\/p>\n<p>Na Ol\u00e9 Mosaic, especializamo-nos na distribui\u00e7\u00e3o de souvenirs por grosso, e este \u00edman met\u00e1lico \u00e9 uma excelente op\u00e7\u00e3o para lojas de presentes tur\u00edsticos que desejam oferecer aos seus clientes uma recorda\u00e7\u00e3o tang\u00edvel da sua experi\u00eancia em Santiago de Compostela. Aposte na autenticidade e no valor cultural deste produto, ideal para quem procura levar um peda\u00e7o de hist\u00f3ria e tradi\u00e7\u00e3o para casa.<\/p>\n","protected":false},"excerpt":{"rendered":"<p>\u00cdman met\u00e1lico que representa a famosa catedral do Caminho de Santiago, destacando a sua ic\u00f3nica arquitetura. Este \u00edman, de 8 cm, apresenta um design colorido com acabamento prateado, que simula um vitral. Os seus tons quentes e detalhes em trencad\u00eds evocam o estilo monumental de Santiago de Compostela. Inclui o texto &#8220;CAMINO DE SANTIAGO&#8221; e uma seta que simboliza a rota dos peregrinos, tornando-o uma recorda\u00e7\u00e3o perfeita desta emblem\u00e1tica senda.<\/p>\n","protected":false},"featured_media":11195,"template":"","meta":{"_acf_changed":false},"product_brand":[],"product_cat":[699],"product_tag":[],"class_list":{"0":"post-32739","1":"product","2":"type-product","3":"status-publish","4":"has-post-thumbnail","6":"product_cat-imanes","7":"pa_ciudad-santiago","8":"pa_pais-espana","10":"first","11":"instock","12":"shipping-taxable","13":"product-type-simple"},"acf":[],"_links":{"self":[{"href":"https:\/\/olemosaic.com\/pt-pt\/wp-json\/wp\/v2\/product\/32739","targetHints":{"allow":["GET"]}}],"collection":[{"href":"https:\/\/olemosaic.com\/pt-pt\/wp-json\/wp\/v2\/product"}],"about":[{"href":"https:\/\/olemosaic.com\/pt-pt\/wp-json\/wp\/v2\/types\/product"}],"wp:featuredmedia":[{"embeddable":true,"href":"https:\/\/olemosaic.com\/pt-pt\/wp-json\/wp\/v2\/media\/11195"}],"wp:attachment":[{"href":"https:\/\/olemosaic.com\/pt-pt\/wp-json\/wp\/v2\/media?parent=32739"}],"wp:term":[{"taxonomy":"product_brand","embeddable":true,"href":"https:\/\/olemosaic.com\/pt-pt\/wp-json\/wp\/v2\/product_brand?post=32739"},{"taxonomy":"product_cat","embeddable":true,"href":"https:\/\/olemosaic.com\/pt-pt\/wp-json\/wp\/v2\/product_cat?post=32739"},{"taxonomy":"product_tag","embeddable":true,"href":"https:\/\/olemosaic.com\/pt-pt\/wp-json\/wp\/v2\/product_tag?post=32739"}],"curies":[{"name":"wp","href":"https:\/\/api.w.org\/{rel}","templated":true}]}}