{"id":32738,"date":"2025-02-20T23:32:48","date_gmt":"2025-02-20T22:32:48","guid":{"rendered":"http:\/\/olemosaic.com\/producto\/iman-de-metal-bailaora-madrid-negro-8-cm-2\/"},"modified":"2025-07-25T19:26:24","modified_gmt":"2025-07-25T17:26:24","slug":"iman-de-metal-bailarina-de-flamenco-madrid-preto-8-cm-2","status":"publish","type":"product","link":"https:\/\/olemosaic.com\/pt-pt\/produto\/iman-de-metal-bailarina-de-flamenco-madrid-preto-8-cm-2\/","title":{"rendered":"\u00cdman de metal. Bailarina de flamenco. Mosaico. Madrid. Preto. 8 cm."},"content":{"rendered":"<p>Este \u00edman met\u00e1lico representa uma bailarina de flamenco num design vibrante que captura a ess\u00eancia de Madrid. Com dimens\u00f5es de 8 cm, esta pe\u00e7a destaca-se pelo seu colorido mosaico, onde tons intensos de vermelho, azul e verde d\u00e3o vida ao vestido da bailarina, evocando a riqueza do folclore andaluz. O fundo preto, al\u00e9m de real\u00e7ar a figura central, confere um toque moderno ao conjunto, enquanto a palavra &#8220;MADRID&#8221; aparece em letras grandes e vibrantes, acrescentando um elemento de autenticidade e energia.<\/p>\n<p>A bailarina, com o seu gesto elegante e o seu penteado adornado com uma flor vermelha, simboliza a paix\u00e3o e a arte do flamenco, dan\u00e7a tradicional que, embora origin\u00e1ria da Andaluzia, encontrou um espa\u00e7o vital na vibrante cultura madrilena. Este \u00edman n\u00e3o \u00e9 apenas um artigo decorativo, mas uma aut\u00eantica recorda\u00e7\u00e3o de Madrid, perfeito para quem procura uma representa\u00e7\u00e3o visual da cultura espanhola.<\/p>\n<p>Na Ol\u00e9 Mosaic, como grossistas de souvenirs, oferecemos produtos que n\u00e3o s\u00f3 s\u00e3o bonitos, como tamb\u00e9m est\u00e3o carregados de significado cultural. Este \u00edman de bailarina de flamenco \u00e9 uma op\u00e7\u00e3o ideal para lojas de presentes tur\u00edsticos que desejem oferecer aos seus clientes uma pe\u00e7a \u00fanica e representativa da vida e da arte em Madrid.<\/p>\n","protected":false},"excerpt":{"rendered":"<p>\u00cdman met\u00e1lico que destaca a figura de uma bailarina de flamenco num design vibrante que captura a ess\u00eancia de Madrid. Com 8 cm de tamanho, apresenta uma paleta de cores intensas em forma de mosaico, com tons vermelhos, azuis e verdes que d\u00e3o vida ao vestido da bailarina. O fundo preto real\u00e7a o contorno da figura, enquanto a palavra &#8220;MADRID&#8221; \u00e9 impressa em letras grandes e coloridas, evocando o folclore andaluz com um toque moderno.<\/p>\n","protected":false},"featured_media":6968,"template":"","meta":{"_acf_changed":false},"product_brand":[],"product_cat":[699],"product_tag":[],"class_list":{"0":"post-32738","1":"product","2":"type-product","3":"status-publish","4":"has-post-thumbnail","6":"product_cat-imanes","7":"pa_ciudad-madrid","8":"pa_motivo-dancarinos","9":"pa_pais-espana","11":"first","12":"instock","13":"shipping-taxable","14":"product-type-simple"},"acf":[],"_links":{"self":[{"href":"https:\/\/olemosaic.com\/pt-pt\/wp-json\/wp\/v2\/product\/32738","targetHints":{"allow":["GET"]}}],"collection":[{"href":"https:\/\/olemosaic.com\/pt-pt\/wp-json\/wp\/v2\/product"}],"about":[{"href":"https:\/\/olemosaic.com\/pt-pt\/wp-json\/wp\/v2\/types\/product"}],"wp:featuredmedia":[{"embeddable":true,"href":"https:\/\/olemosaic.com\/pt-pt\/wp-json\/wp\/v2\/media\/6968"}],"wp:attachment":[{"href":"https:\/\/olemosaic.com\/pt-pt\/wp-json\/wp\/v2\/media?parent=32738"}],"wp:term":[{"taxonomy":"product_brand","embeddable":true,"href":"https:\/\/olemosaic.com\/pt-pt\/wp-json\/wp\/v2\/product_brand?post=32738"},{"taxonomy":"product_cat","embeddable":true,"href":"https:\/\/olemosaic.com\/pt-pt\/wp-json\/wp\/v2\/product_cat?post=32738"},{"taxonomy":"product_tag","embeddable":true,"href":"https:\/\/olemosaic.com\/pt-pt\/wp-json\/wp\/v2\/product_tag?post=32738"}],"curies":[{"name":"wp","href":"https:\/\/api.w.org\/{rel}","templated":true}]}}