{"id":32737,"date":"2025-02-20T23:32:47","date_gmt":"2025-02-20T22:32:47","guid":{"rendered":"http:\/\/olemosaic.com\/producto\/iman-de-metal-toro-mijas-plata-8-cm-2\/"},"modified":"2025-07-25T19:13:39","modified_gmt":"2025-07-25T17:13:39","slug":"iman-de-metal-touro-mijas-prata-8-cm-2","status":"publish","type":"product","link":"https:\/\/olemosaic.com\/pt-pt\/produto\/iman-de-metal-touro-mijas-prata-8-cm-2\/","title":{"rendered":"\u00cdman de metal. Touro. Mijas. Espanha. Prata. 8 cm."},"content":{"rendered":"<p>Este \u00edman met\u00e1lico, que representa um touro colorido, \u00e9 uma recorda\u00e7\u00e3o vibrante e aut\u00eantica de Mijas, uma vila emblem\u00e1tica da Costa del Sol. Com um tamanho de 8 cm, este \u00edman destaca-se pelo seu design em mosaico, onde uma paleta de tons azuis, verdes, vermelhos e amarelos d\u00e1 vida \u00e0 figura do touro, que na cultura espanhola simboliza a for\u00e7a e a tradi\u00e7\u00e3o. O fundo branco real\u00e7a ainda mais as cores brilhantes, criando uma pe\u00e7a apelativa que \u00e9, ao mesmo tempo, uma recorda\u00e7\u00e3o da vibrante cultura andaluza.<\/p>\n<p>O nome &#8220;MIJAS&#8221; aparece em letras grandes e coloridas, integrando-se de forma harmoniosa no design e oferecendo um toque de alegria que far\u00e1 deste \u00edman o protagonista em qualquer superf\u00edcie magn\u00e9tica. Este \u00edman n\u00e3o \u00e9 apenas um acess\u00f3rio decorativo, mas captura a ess\u00eancia de Mijas e da sua tradi\u00e7\u00e3o taurina, tornando-o um exemplo ideal de um souvenir que reflete o patrim\u00f3nio cultural local.<\/p>\n<p>Na Ol\u00e9 Mosaic, especializamo-nos na distribui\u00e7\u00e3o de souvenirs por grosso, como este \u00edman met\u00e1lico, que n\u00e3o s\u00f3 \u00e9 atraente, como tamb\u00e9m \u00e9 representativo da heran\u00e7a andaluza. Perfeito para lojas de presentes tur\u00edsticos, este \u00edman \u00e9 uma excelente recorda\u00e7\u00e3o de uma visita a Espanha e uma \u00f3tima op\u00e7\u00e3o para quem procura souvenirs aut\u00eanticos e significativos.<\/p>\n","protected":false},"excerpt":{"rendered":"<p>\u00cdman met\u00e1lico com a imagem de um colorido touro, s\u00edmbolo da tradi\u00e7\u00e3o em Mijas. Este atraente \u00edman, de 8 cm, apresenta um design vibrante em mosaico, com tons de azul, verde, vermelho e amarelo, que real\u00e7am a figura do touro sobre um fundo branco. Adornado com o nome &#8220;MIJAS&#8221; em letras grandes e coloridas, combina arte e cultura numa recorda\u00e7\u00e3o perfeita para evocar a ess\u00eancia andaluza. Ideal para adicionar um toque de cor a qualquer superf\u00edcie met\u00e1lica.<\/p>\n","protected":false},"featured_media":10000,"template":"","meta":{"_acf_changed":false},"product_brand":[],"product_cat":[699],"product_tag":[516],"class_list":{"0":"post-32737","1":"product","2":"type-product","3":"status-publish","4":"has-post-thumbnail","6":"product_cat-imanes","7":"product_tag-animais","8":"pa_ciudad-mijas","9":"pa_motivo-touros","10":"pa_pais-espana","12":"first","13":"instock","14":"shipping-taxable","15":"product-type-simple"},"acf":[],"_links":{"self":[{"href":"https:\/\/olemosaic.com\/pt-pt\/wp-json\/wp\/v2\/product\/32737","targetHints":{"allow":["GET"]}}],"collection":[{"href":"https:\/\/olemosaic.com\/pt-pt\/wp-json\/wp\/v2\/product"}],"about":[{"href":"https:\/\/olemosaic.com\/pt-pt\/wp-json\/wp\/v2\/types\/product"}],"wp:featuredmedia":[{"embeddable":true,"href":"https:\/\/olemosaic.com\/pt-pt\/wp-json\/wp\/v2\/media\/10000"}],"wp:attachment":[{"href":"https:\/\/olemosaic.com\/pt-pt\/wp-json\/wp\/v2\/media?parent=32737"}],"wp:term":[{"taxonomy":"product_brand","embeddable":true,"href":"https:\/\/olemosaic.com\/pt-pt\/wp-json\/wp\/v2\/product_brand?post=32737"},{"taxonomy":"product_cat","embeddable":true,"href":"https:\/\/olemosaic.com\/pt-pt\/wp-json\/wp\/v2\/product_cat?post=32737"},{"taxonomy":"product_tag","embeddable":true,"href":"https:\/\/olemosaic.com\/pt-pt\/wp-json\/wp\/v2\/product_tag?post=32737"}],"curies":[{"name":"wp","href":"https:\/\/api.w.org\/{rel}","templated":true}]}}