{"id":32735,"date":"2025-02-20T23:32:47","date_gmt":"2025-02-20T22:32:47","guid":{"rendered":"http:\/\/olemosaic.com\/producto\/iman-de-metal-sagrada-familia-barcelona-negro-8-cm-8\/"},"modified":"2025-07-25T18:51:38","modified_gmt":"2025-07-25T16:51:38","slug":"iman-de-metal-sagrada-familia-barcelona-preto-8-cm-8","status":"publish","type":"product","link":"https:\/\/olemosaic.com\/pt-pt\/produto\/iman-de-metal-sagrada-familia-barcelona-preto-8-cm-8\/","title":{"rendered":"\u00cdman de metal. Sagrada Fam\u00edlia. Arquitetura. Barcelona. Preto. 8 cm."},"content":{"rendered":"<p>Este \u00edman met\u00e1lico, que representa a ic\u00f3nica Sagrada Fam\u00edlia de Barcelona, \u00e9 uma recorda\u00e7\u00e3o vibrante e moderna, ideal para quem deseja levar um pedacinho da riqueza cultural desta emblem\u00e1tica cidade. Com dimens\u00f5es de 8 cm, esta pe\u00e7a art\u00edstica real\u00e7a a extraordin\u00e1ria obra de Antoni Gaud\u00ed, capturando a sua complexidade arquitet\u00f3nica atrav\u00e9s de um design colorido que inclui formas geom\u00e9tricas e detalhes representativos do templo. O fundo preto proporciona um contraste elegante que real\u00e7a as cores vibrantes e as luzes intrincadas que destacam as torres e fachadas da Sagrada Fam\u00edlia, tornando este \u00edman um objeto intrigante e visualmente atraente.<\/p>\n<p>A frase &#8220;I \u2665 Barcelona&#8221; apresenta-se em letras chamativas na parte superior, refor\u00e7ando a liga\u00e7\u00e3o emocional dos visitantes com a cidade. Esta recorda\u00e7\u00e3o n\u00e3o \u00e9 apenas uma excelente op\u00e7\u00e3o para turistas que procuram uma mem\u00f3ria aut\u00eantica de Barcelona, mas tamb\u00e9m representa um peda\u00e7o do legado cultural da regi\u00e3o, refletindo a arte e a criatividade que florescem nas suas ruas. Na Ol\u00e9 Mosaic, como distribuidores de recorda\u00e7\u00f5es por grosso, oferecemos este \u00edman como uma alternativa perfeita para lojas de presentes tur\u00edsticos que valorizam a autenticidade e a qualidade, sendo uma forma ideal de ligar \u00e0 hist\u00f3ria e \u00e0 heran\u00e7a art\u00edstica de Barcelona.<\/p>\n","protected":false},"excerpt":{"rendered":"<p>\u00cdman met\u00e1lico que representa a ic\u00f3nica Sagrada Fam\u00edlia de Barcelona, com um vibrante estilo art\u00edstico. O design colorido, com formas geom\u00e9tricas e motivos arquitet\u00f3nicos, destaca o famoso templo de Gaud\u00ed sobre um fundo preto. A frase &#8220;I \u2665 Barcelona&#8221;, escrita com letras chamativas, complementa a imagem, tornando-o uma recorda\u00e7\u00e3o atraente e moderna, ideal para os amantes da cidade e da sua rica cultura.<\/p>\n","protected":false},"featured_media":13539,"template":"","meta":{"_acf_changed":false},"product_brand":[],"product_cat":[699],"product_tag":[],"class_list":{"0":"post-32735","1":"product","2":"type-product","3":"status-publish","4":"has-post-thumbnail","6":"product_cat-imanes","7":"pa_ciudad-barcelona","8":"pa_motivo-sagrada-familia","9":"pa_pais-espana","11":"first","12":"instock","13":"shipping-taxable","14":"product-type-simple"},"acf":[],"_links":{"self":[{"href":"https:\/\/olemosaic.com\/pt-pt\/wp-json\/wp\/v2\/product\/32735","targetHints":{"allow":["GET"]}}],"collection":[{"href":"https:\/\/olemosaic.com\/pt-pt\/wp-json\/wp\/v2\/product"}],"about":[{"href":"https:\/\/olemosaic.com\/pt-pt\/wp-json\/wp\/v2\/types\/product"}],"wp:featuredmedia":[{"embeddable":true,"href":"https:\/\/olemosaic.com\/pt-pt\/wp-json\/wp\/v2\/media\/13539"}],"wp:attachment":[{"href":"https:\/\/olemosaic.com\/pt-pt\/wp-json\/wp\/v2\/media?parent=32735"}],"wp:term":[{"taxonomy":"product_brand","embeddable":true,"href":"https:\/\/olemosaic.com\/pt-pt\/wp-json\/wp\/v2\/product_brand?post=32735"},{"taxonomy":"product_cat","embeddable":true,"href":"https:\/\/olemosaic.com\/pt-pt\/wp-json\/wp\/v2\/product_cat?post=32735"},{"taxonomy":"product_tag","embeddable":true,"href":"https:\/\/olemosaic.com\/pt-pt\/wp-json\/wp\/v2\/product_tag?post=32735"}],"curies":[{"name":"wp","href":"https:\/\/api.w.org\/{rel}","templated":true}]}}