{"id":32733,"date":"2025-02-20T22:32:47","date_gmt":"2025-02-20T22:32:47","guid":{"rendered":"http:\/\/olemosaic.com\/producto\/iman-de-metal-panoramica-bilbao-plata-8-cm\/"},"modified":"2025-07-25T20:42:12","modified_gmt":"2025-07-25T18:42:12","slug":"iman-de-metal-panoramica-bilbau-prata-8-cm","status":"publish","type":"product","link":"https:\/\/olemosaic.com\/pt-pt\/produto\/iman-de-metal-panoramica-bilbau-prata-8-cm\/","title":{"rendered":"\u00cdman de metal. Panor\u00e2mica. Bilbau. Prata. 8 cm."},"content":{"rendered":"<p>Este \u00edman met\u00e1lico apresenta uma vibrante panor\u00e2mica de Bilbau, capturando a ess\u00eancia desta emblem\u00e1tica cidade do Pa\u00eds Basco num atraente formato retangular de 8 cm. O seu design colorido, que se destaca por um mosaico repleto de formas e matizes, ilustra o famoso Museu Guggenheim e a ic\u00f3nica ponte de Euskalduna, s\u00edmbolos arquitet\u00f3nicos que definem a modernidade e o dinamismo de Bilbau. As letras grandes e claramente vis\u00edveis que formam o nome &#8220;BILBAO&#8221; acrescentam um toque distintivo, transformando este \u00edman numa aut\u00eantica recorda\u00e7\u00e3o que evoca a mem\u00f3ria de uma visita inesquec\u00edvel.<\/p>\n<p>A imagem \u00e9 realizada com um meticuloso trabalho de ilustra\u00e7\u00e3o que real\u00e7a as cores vibrantes da paisagem urbana de Bilbau, fazendo deste \u00edman uma pe\u00e7a n\u00e3o s\u00f3 decorativa, mas tamb\u00e9m um lembrete cultural da riqueza art\u00edstica da cidade. Os detalhes visuais apresentam um jogo de luzes que real\u00e7a a beleza arquitet\u00f3nica e o ambiente acolhedor de Bilbau, tornando-o um excelente presente para turistas que procuram uma recorda\u00e7\u00e3o aut\u00eantica e representativa da sua passagem por esta regi\u00e3o.<\/p>\n<p>Na Ol\u00e9 Mosaic, como grossista de recorda\u00e7\u00f5es, oferecemos este \u00edman de Bilbau, ideal para lojas de presentes tur\u00edsticos que desejem oferecer produtos aut\u00eanticos e com relev\u00e2ncia cultural. Este \u00edman n\u00e3o s\u00f3 adorna a casa, como tamb\u00e9m conta hist\u00f3rias e traz consigo o esp\u00edrito vivaz de Bilbau, tornando-se uma recorda\u00e7\u00e3o apreciada por todos aqueles que a recebem.<\/p>\n","protected":false},"excerpt":{"rendered":"<p>\u00cdman met\u00e1lico com uma vibrante panor\u00e2mica de Bilbau, desenhado em forma retangular e com um tamanho de 8 cm. Este atraente \u00edman apresenta um mosaico colorido que captura a ess\u00eancia da cidade, incluindo o famoso Guggenheim e a ponte Euskalduna. Com letras grandes que destacam o nome &#8220;BILBAO&#8221;, a imagem \u00e9 um banquete visual de formas e cores, ideal para recordar uma visita a esta emblem\u00e1tica cidade do Pa\u00eds Basco.<\/p>\n","protected":false},"featured_media":9624,"template":"","meta":{"_acf_changed":false},"product_brand":[],"product_cat":[699],"product_tag":[],"class_list":{"0":"post-32733","1":"product","2":"type-product","3":"status-publish","4":"has-post-thumbnail","6":"product_cat-imanes","7":"pa_ciudad-bilbao","8":"pa_motivo-panoramas","9":"pa_pais-espana","11":"first","12":"instock","13":"shipping-taxable","14":"product-type-simple"},"acf":[],"_links":{"self":[{"href":"https:\/\/olemosaic.com\/pt-pt\/wp-json\/wp\/v2\/product\/32733","targetHints":{"allow":["GET"]}}],"collection":[{"href":"https:\/\/olemosaic.com\/pt-pt\/wp-json\/wp\/v2\/product"}],"about":[{"href":"https:\/\/olemosaic.com\/pt-pt\/wp-json\/wp\/v2\/types\/product"}],"wp:featuredmedia":[{"embeddable":true,"href":"https:\/\/olemosaic.com\/pt-pt\/wp-json\/wp\/v2\/media\/9624"}],"wp:attachment":[{"href":"https:\/\/olemosaic.com\/pt-pt\/wp-json\/wp\/v2\/media?parent=32733"}],"wp:term":[{"taxonomy":"product_brand","embeddable":true,"href":"https:\/\/olemosaic.com\/pt-pt\/wp-json\/wp\/v2\/product_brand?post=32733"},{"taxonomy":"product_cat","embeddable":true,"href":"https:\/\/olemosaic.com\/pt-pt\/wp-json\/wp\/v2\/product_cat?post=32733"},{"taxonomy":"product_tag","embeddable":true,"href":"https:\/\/olemosaic.com\/pt-pt\/wp-json\/wp\/v2\/product_tag?post=32733"}],"curies":[{"name":"wp","href":"https:\/\/api.w.org\/{rel}","templated":true}]}}