{"id":32700,"date":"2025-02-20T23:32:46","date_gmt":"2025-02-20T22:32:46","guid":{"rendered":"http:\/\/olemosaic.com\/producto\/iman-de-metal-panoramica-malaga-plata-8-cm\/"},"modified":"2025-07-25T18:46:53","modified_gmt":"2025-07-25T16:46:53","slug":"iman-de-metal-panoramica-malaga-prata-8-cm","status":"publish","type":"product","link":"https:\/\/olemosaic.com\/pt-pt\/produto\/iman-de-metal-panoramica-malaga-prata-8-cm\/","title":{"rendered":"\u00cdman de metal. Panor\u00e2mica. M\u00e1laga. Prata. 8 cm."},"content":{"rendered":"<p>Este \u00edman panor\u00e2mico de metal de M\u00e1laga \u00e9 uma recorda\u00e7\u00e3o vibrante que capta a ess\u00eancia desta maravilhosa cidade andaluza. Com um tamanho de 8 cm, este atraente acess\u00f3rio apresenta ilustra\u00e7\u00f5es ic\u00f3nicas como a famosa Pra\u00e7a de Touros e a majestosa catedral, tudo isto emoldurado num design de mosaico andaluz que evoca o rico patrim\u00f3nio cultural da regi\u00e3o. Os detalhes prateados e a paleta de cores vivas \u2013 que inclui verdes, vermelhos e amarelos \u2013 real\u00e7am a beleza da paisagem urbana malaguenha, oferecendo aos turistas um fragmento da hist\u00f3ria e do folclore de M\u00e1laga.<\/p>\n<p>Este \u00edman \u00e9 uma excelente op\u00e7\u00e3o para quem procura levar para casa um peda\u00e7o aut\u00eantico desta encantadora cidade. O seu design, que combina elementos arquitet\u00f3nicos tradicionais com um estilo art\u00edstico moderno, torna-o um souvenir atraente e uma pe\u00e7a decorativa ideal para qualquer espa\u00e7o. Como distribuidores de souvenirs por grosso, na Ol\u00e9 Mosaic oferecemos este \u00edman de M\u00e1laga, perfeito para lojas de presentes tur\u00edsticos que queiram abastecer-se de produtos representativos e de qualidade. Com a sua liga\u00e7\u00e3o cultural e est\u00e9tica \u00fanica, este \u00edman \u00e9, sem d\u00favida, uma recorda\u00e7\u00e3o que o far\u00e1 reviver os seus momentos especiais em M\u00e1laga cada vez que o vir.<\/p>\n","protected":false},"excerpt":{"rendered":"<p>\u00cdman met\u00e1lico com uma colorida panor\u00e2mica de M\u00e1laga, de 8 cm. Este atraente \u00edman apresenta ilustra\u00e7\u00f5es ic\u00f3nicas da cidade, como a famosa Pra\u00e7a de Touros e a catedral, tudo emoldurado num design vibrante que evoca o estilo dos mosaicos andaluzes. Destacam-se os detalhes prateados e as cores vivas que capturam a ess\u00eancia e o folclore malaguenho, perfeito para recordar esta bela cidade.<\/p>\n","protected":false},"featured_media":9626,"template":"","meta":{"_acf_changed":false},"product_brand":[],"product_cat":[699],"product_tag":[],"class_list":{"0":"post-32700","1":"product","2":"type-product","3":"status-publish","4":"has-post-thumbnail","6":"product_cat-imanes","7":"pa_ciudad-malaga","8":"pa_motivo-panoramas","9":"pa_pais-espana","11":"first","12":"instock","13":"shipping-taxable","14":"product-type-simple"},"acf":[],"_links":{"self":[{"href":"https:\/\/olemosaic.com\/pt-pt\/wp-json\/wp\/v2\/product\/32700","targetHints":{"allow":["GET"]}}],"collection":[{"href":"https:\/\/olemosaic.com\/pt-pt\/wp-json\/wp\/v2\/product"}],"about":[{"href":"https:\/\/olemosaic.com\/pt-pt\/wp-json\/wp\/v2\/types\/product"}],"wp:featuredmedia":[{"embeddable":true,"href":"https:\/\/olemosaic.com\/pt-pt\/wp-json\/wp\/v2\/media\/9626"}],"wp:attachment":[{"href":"https:\/\/olemosaic.com\/pt-pt\/wp-json\/wp\/v2\/media?parent=32700"}],"wp:term":[{"taxonomy":"product_brand","embeddable":true,"href":"https:\/\/olemosaic.com\/pt-pt\/wp-json\/wp\/v2\/product_brand?post=32700"},{"taxonomy":"product_cat","embeddable":true,"href":"https:\/\/olemosaic.com\/pt-pt\/wp-json\/wp\/v2\/product_cat?post=32700"},{"taxonomy":"product_tag","embeddable":true,"href":"https:\/\/olemosaic.com\/pt-pt\/wp-json\/wp\/v2\/product_tag?post=32700"}],"curies":[{"name":"wp","href":"https:\/\/api.w.org\/{rel}","templated":true}]}}