{"id":32699,"date":"2025-02-20T23:32:46","date_gmt":"2025-02-20T22:32:46","guid":{"rendered":"http:\/\/olemosaic.com\/producto\/iman-de-metal-panoramica-lisboa-8-cm-4\/"},"modified":"2025-07-25T18:55:00","modified_gmt":"2025-07-25T16:55:00","slug":"iman-de-metal-panoramica-lisboa-8-cm-4-pt-pt","status":"publish","type":"product","link":"https:\/\/olemosaic.com\/pt-pt\/produto\/iman-de-metal-panoramica-lisboa-8-cm-4-pt-pt\/","title":{"rendered":"\u00cdman de metal. Panor\u00e2mica. Lisboa. Telhados. Portugal. 8 cm."},"content":{"rendered":"<p>Este \u00edman met\u00e1lico panor\u00e2mico de Lisboa \u00e9 um aut\u00eantico s\u00edmbolo da beleza e do encanto da capital portuguesa. Com os seus 8 cm, oferece uma vibrante representa\u00e7\u00e3o dos emblem\u00e1ticos telhados da cidade, onde se destacam casas de tons quentes que refletem a arquitetura \u00fanica de Lisboa. No centro, brilha a c\u00fapula de uma das suas igrejas mais emblem\u00e1ticas, um elemento ic\u00f3nico que capta a ess\u00eancia da paisagem lisboeta.<\/p>\n<p>O design colorido \u00e9 emoldurado por padr\u00f5es tradicionais portugueses, que n\u00e3o s\u00f3 embelezam o \u00edman, como tamb\u00e9m real\u00e7am a rica heran\u00e7a cultural da regi\u00e3o. Esta recorda\u00e7\u00e3o \u00e9 perfeita para quem procura levar para casa um peda\u00e7o de Lisboa, recordando as suas ruas coloridas e a sua atmosfera vibrante. Al\u00e9m disso, a sua s\u00f3lida base met\u00e1lica assegura a sua durabilidade, permitindo que esta recorda\u00e7\u00e3o perdure no tempo.<\/p>\n<p>A Ol\u00e9 Mosaic, como distribuidor grossista de souvenirs, oferece este \u00edman de Lisboa a lojas de presentes tur\u00edsticos que desejem produtos aut\u00eanticos e representativos de Portugal. Este \u00edman n\u00e3o \u00e9 apenas um acess\u00f3rio decorativo, mas uma lembran\u00e7a das mem\u00f3rias vividas numa das cidades mais fascinantes da Europa, tornando-se uma excelente op\u00e7\u00e3o para quem procura distinguir-se com um souvenir de qualidade.<\/p>\n","protected":false},"excerpt":{"rendered":"<p>\u00cdman met\u00e1lico com uma atraente panor\u00e2mica de Lisboa, de 8 cm. Este colorido design apresenta uma vibrante vista dos telhados da cidade, com casas em tons quentes e um fundo azul radiante. No centro destaca-se a c\u00fapula de uma igreja emblem\u00e1tica, enquanto, ao redor, uma borda com padr\u00f5es tradicionais portugueses confere um toque distintivo. Um souvenir perfeito que capta a ess\u00eancia e a beleza da ic\u00f3nica paisagem lisboeta.<\/p>\n","protected":false},"featured_media":11198,"template":"","meta":{"_acf_changed":false},"product_brand":[],"product_cat":[699],"product_tag":[],"class_list":{"0":"post-32699","1":"product","2":"type-product","3":"status-publish","4":"has-post-thumbnail","6":"product_cat-imanes","7":"pa_ciudad-lisboa","8":"pa_motivo-panoramas","9":"pa_pais-portugal","11":"first","12":"instock","13":"shipping-taxable","14":"product-type-simple"},"acf":[],"_links":{"self":[{"href":"https:\/\/olemosaic.com\/pt-pt\/wp-json\/wp\/v2\/product\/32699","targetHints":{"allow":["GET"]}}],"collection":[{"href":"https:\/\/olemosaic.com\/pt-pt\/wp-json\/wp\/v2\/product"}],"about":[{"href":"https:\/\/olemosaic.com\/pt-pt\/wp-json\/wp\/v2\/types\/product"}],"wp:featuredmedia":[{"embeddable":true,"href":"https:\/\/olemosaic.com\/pt-pt\/wp-json\/wp\/v2\/media\/11198"}],"wp:attachment":[{"href":"https:\/\/olemosaic.com\/pt-pt\/wp-json\/wp\/v2\/media?parent=32699"}],"wp:term":[{"taxonomy":"product_brand","embeddable":true,"href":"https:\/\/olemosaic.com\/pt-pt\/wp-json\/wp\/v2\/product_brand?post=32699"},{"taxonomy":"product_cat","embeddable":true,"href":"https:\/\/olemosaic.com\/pt-pt\/wp-json\/wp\/v2\/product_cat?post=32699"},{"taxonomy":"product_tag","embeddable":true,"href":"https:\/\/olemosaic.com\/pt-pt\/wp-json\/wp\/v2\/product_tag?post=32699"}],"curies":[{"name":"wp","href":"https:\/\/api.w.org\/{rel}","templated":true}]}}