{"id":32698,"date":"2025-02-20T23:32:45","date_gmt":"2025-02-20T22:32:45","guid":{"rendered":"http:\/\/olemosaic.com\/producto\/iman-de-metal-panoramica-barcelona-negro-8-cm-5\/"},"modified":"2025-07-25T18:58:11","modified_gmt":"2025-07-25T16:58:11","slug":"iman-de-metal-panoramica-barcelona-preto-8-cm-5","status":"publish","type":"product","link":"https:\/\/olemosaic.com\/pt-pt\/produto\/iman-de-metal-panoramica-barcelona-preto-8-cm-5\/","title":{"rendered":"\u00cdman de metal. Panor\u00e2mica. Sagrada Fam\u00edlia. Barcelona. Preto. 8 cm."},"content":{"rendered":"<p>Este \u00edman de metal panor\u00e2mico de Barcelona \u00e9 uma aut\u00eantica joia visual que capta a vibrante ess\u00eancia da cidade condal. Com um tamanho de 8 cm, este atraente souvenir destaca-se pelo seu design art\u00edstico que apresenta uma colorida representa\u00e7\u00e3o de alguns dos monumentos mais emblem\u00e1ticos de Barcelona, como a ic\u00f3nica Sagrada Fam\u00edlia e o famoso Parque G\u00fcell, tudo isto sobre um elegante fundo preto. As ilustra\u00e7\u00f5es, que evocam os mosaicos \u00fanicos de Gaud\u00ed, mostram uma explos\u00e3o de cores que encantar\u00e1 os amantes da arte e da arquitetura. Cada detalhe, desde a majestosidade das torres da Sagrada Fam\u00edlia at\u00e9 aos divertidos elementos decorativos do Parque G\u00fcell, \u00e9 cuidadosamente desenhado para oferecer uma experi\u00eancia visual impactante e aut\u00eantica.<\/p>\n<p>Este \u00edman n\u00e3o \u00e9 apenas um acess\u00f3rio decorativo para a casa, mas tamb\u00e9m uma recorda\u00e7\u00e3o cultural representativa da rica hist\u00f3ria e do patrim\u00f3nio art\u00edstico de Barcelona. Ideal para turistas que procuram um v\u00ednculo tang\u00edvel com a cidade ou para quem deseja partilhar um peda\u00e7o de Barcelona com amigos e familiares. Na Ol\u00e9 Mosaic, dedicamo-nos \u00e0 distribui\u00e7\u00e3o de souvenirs por grosso, e este \u00edman de Barcelona \u00e9 uma op\u00e7\u00e3o excecional para lojas de presentes tur\u00edsticos que desejam oferecer produtos aut\u00eanticos e de qualidade. Com o seu design atraente e relev\u00e2ncia cultural, torna-se um souvenir de Barcelona indispens\u00e1vel.<\/p>\n","protected":false},"excerpt":{"rendered":"<p>\u00cdman met\u00e1lico com uma atraente panor\u00e2mica de Barcelona, desenhado com um estilo art\u00edstico vibrante e colorido sobre um fundo preto. Este \u00edman de 8 cm apresenta ilustra\u00e7\u00f5es ic\u00f3nicas como a Sagrada Fam\u00edlia e o Park G\u00fcell, representadas com um estilo que recorda os mosaicos de Gaud\u00ed. Uma recorda\u00e7\u00e3o perfeita para evocar a beleza da cidade condal ou para a partilhar com amigos e familiares.<\/p>\n","protected":false},"featured_media":11406,"template":"","meta":{"_acf_changed":false},"product_brand":[],"product_cat":[699],"product_tag":[],"class_list":{"0":"post-32698","1":"product","2":"type-product","3":"status-publish","4":"has-post-thumbnail","6":"product_cat-imanes","7":"pa_ciudad-barcelona","8":"pa_motivo-panoramas","9":"pa_pais-espana","11":"first","12":"instock","13":"shipping-taxable","14":"product-type-simple"},"acf":[],"_links":{"self":[{"href":"https:\/\/olemosaic.com\/pt-pt\/wp-json\/wp\/v2\/product\/32698","targetHints":{"allow":["GET"]}}],"collection":[{"href":"https:\/\/olemosaic.com\/pt-pt\/wp-json\/wp\/v2\/product"}],"about":[{"href":"https:\/\/olemosaic.com\/pt-pt\/wp-json\/wp\/v2\/types\/product"}],"wp:featuredmedia":[{"embeddable":true,"href":"https:\/\/olemosaic.com\/pt-pt\/wp-json\/wp\/v2\/media\/11406"}],"wp:attachment":[{"href":"https:\/\/olemosaic.com\/pt-pt\/wp-json\/wp\/v2\/media?parent=32698"}],"wp:term":[{"taxonomy":"product_brand","embeddable":true,"href":"https:\/\/olemosaic.com\/pt-pt\/wp-json\/wp\/v2\/product_brand?post=32698"},{"taxonomy":"product_cat","embeddable":true,"href":"https:\/\/olemosaic.com\/pt-pt\/wp-json\/wp\/v2\/product_cat?post=32698"},{"taxonomy":"product_tag","embeddable":true,"href":"https:\/\/olemosaic.com\/pt-pt\/wp-json\/wp\/v2\/product_tag?post=32698"}],"curies":[{"name":"wp","href":"https:\/\/api.w.org\/{rel}","templated":true}]}}