{"id":32697,"date":"2025-02-20T22:32:45","date_gmt":"2025-02-20T22:32:45","guid":{"rendered":"http:\/\/olemosaic.com\/producto\/iman-de-metal-panoramica-barcelona-azul-8-cm\/"},"modified":"2025-07-25T18:58:08","modified_gmt":"2025-07-25T16:58:08","slug":"iman-de-metal-panoramica-barcelona-azul-8-cm-pt-pt","status":"publish","type":"product","link":"https:\/\/olemosaic.com\/pt-pt\/produto\/iman-de-metal-panoramica-barcelona-azul-8-cm-pt-pt\/","title":{"rendered":"\u00cdman de metal. Panor\u00e2mica. Barcelona. Azul. 8 cm."},"content":{"rendered":"<p>Este \u00edman panor\u00e2mico de metal de Barcelona \u00e9 uma pe\u00e7a vibrante que capta a ess\u00eancia art\u00edstica e cultural desta emblem\u00e1tica cidade espanhola. Com um tamanho de 8 cm, o \u00edman destaca elementos ic\u00f3nicos como a majestosa Sagrada Fam\u00edlia e o colorido Parque G\u00fcell, ambos obras-primas do c\u00e9lebre arquiteto Antoni Gaud\u00ed. O design alegre apresenta um mosaico em tons azuis, vermelhos e verdes, evocando a famosa t\u00e9cnica do trencad\u00eds que caracteriza muitas das obras de Gaud\u00ed. O texto &#8220;Barcelona&#8221;, impresso com letras coloridas na parte superior, acrescenta um toque distintivo que torna este \u00edman uma recorda\u00e7\u00e3o perfeita da cidade.<\/p>\n<p>Este \u00edman n\u00e3o s\u00f3 \u00e9 funcional, como tamb\u00e9m \u00e9 um aut\u00eantico souvenir que reflete a vibrante cultura catal\u00e3. A representa\u00e7\u00e3o da Sagrada Fam\u00edlia, ainda em constru\u00e7\u00e3o, simboliza a ambi\u00e7\u00e3o e o esp\u00edrito criativo de Barcelona, enquanto o Parque G\u00fcell representa a integra\u00e7\u00e3o da arte na natureza. Na Ol\u00e9 Mosaic, somos distribuidores grossistas de souvenirs e esta pe\u00e7a \u00e9 ideal para lojas de presentes tur\u00edsticos que procuram oferecer aos seus clientes uma recorda\u00e7\u00e3o aut\u00eantica e representativa de Barcelona. Com o seu design atraente e significado cultural, este \u00edman \u00e9 uma excelente op\u00e7\u00e3o para quem deseja levar um peda\u00e7o de Barcelona para casa.<\/p>\n","protected":false},"excerpt":{"rendered":"<p>\u00cdman met\u00e1lico com uma colorida panor\u00e2mica de Barcelona, onde se destacam elementos ic\u00f3nicos como a Sagrada Fam\u00edlia e o Park G\u00fcell. Com um tamanho de 8 cm, este \u00edman apresenta um design vibrante em tons azuis, vermelhos e verdes, que imita um mosaico e capta a ess\u00eancia art\u00edstica da cidade. A palavra &#8220;Barcelona&#8221; est\u00e1 impressa na parte superior, acrescentando um toque distintivo que o torna uma recorda\u00e7\u00e3o perfeita desta emblem\u00e1tica cidade.<\/p>\n","protected":false},"featured_media":8168,"template":"","meta":{"_acf_changed":false},"product_brand":[],"product_cat":[699],"product_tag":[],"class_list":{"0":"post-32697","1":"product","2":"type-product","3":"status-publish","4":"has-post-thumbnail","6":"product_cat-imanes","7":"pa_ciudad-barcelona","8":"pa_motivo-panoramas","9":"pa_pais-espana","11":"first","12":"instock","13":"shipping-taxable","14":"product-type-simple"},"acf":[],"_links":{"self":[{"href":"https:\/\/olemosaic.com\/pt-pt\/wp-json\/wp\/v2\/product\/32697","targetHints":{"allow":["GET"]}}],"collection":[{"href":"https:\/\/olemosaic.com\/pt-pt\/wp-json\/wp\/v2\/product"}],"about":[{"href":"https:\/\/olemosaic.com\/pt-pt\/wp-json\/wp\/v2\/types\/product"}],"wp:featuredmedia":[{"embeddable":true,"href":"https:\/\/olemosaic.com\/pt-pt\/wp-json\/wp\/v2\/media\/8168"}],"wp:attachment":[{"href":"https:\/\/olemosaic.com\/pt-pt\/wp-json\/wp\/v2\/media?parent=32697"}],"wp:term":[{"taxonomy":"product_brand","embeddable":true,"href":"https:\/\/olemosaic.com\/pt-pt\/wp-json\/wp\/v2\/product_brand?post=32697"},{"taxonomy":"product_cat","embeddable":true,"href":"https:\/\/olemosaic.com\/pt-pt\/wp-json\/wp\/v2\/product_cat?post=32697"},{"taxonomy":"product_tag","embeddable":true,"href":"https:\/\/olemosaic.com\/pt-pt\/wp-json\/wp\/v2\/product_tag?post=32697"}],"curies":[{"name":"wp","href":"https:\/\/api.w.org\/{rel}","templated":true}]}}