{"id":32696,"date":"2025-02-20T23:32:45","date_gmt":"2025-02-20T22:32:45","guid":{"rendered":"http:\/\/olemosaic.com\/producto\/iman-de-metal-panoramica-barcelona-8-cm-11\/"},"modified":"2025-07-25T20:44:23","modified_gmt":"2025-07-25T18:44:23","slug":"iman-de-metal-panoramica-barcelona-8-cm-11-pt-pt","status":"publish","type":"product","link":"https:\/\/olemosaic.com\/pt-pt\/produto\/iman-de-metal-panoramica-barcelona-8-cm-11-pt-pt\/","title":{"rendered":"\u00cdman de metal. Panor\u00e2mica. Parque G\u00fcell. Barcelona. 8 cm."},"content":{"rendered":"<p>Este \u00edman panor\u00e2mico de metal de Barcelona \u00e9 uma recorda\u00e7\u00e3o vibrante que capta a ess\u00eancia \u00fanica desta emblem\u00e1tica cidade. Com dimens\u00f5es de 8 cm, este atraente \u00edman apresenta um espl\u00eandido mosaico inspirado na obra do famoso arquiteto Antoni Gaud\u00ed, acrescentando um toque art\u00edstico e especial a qualquer espa\u00e7o que decida adornar. No seu design, destacam-se elementos ic\u00f3nicos como a majestosidade da Sagrada Fam\u00edlia e a colorida serpente do Parque G\u00fcell, ambos s\u00edmbolos insepar\u00e1veis da cultura e da arquitetura catal\u00e3s. Os tons brilhantes de vermelho, azul e amarelo contrastam com um fundo de tonalidades azuis, simbolizando a vis\u00e3o criativa e revolucion\u00e1ria que caracteriza Barcelona.<\/p>\n<p>Este \u00edman n\u00e3o \u00e9 apenas um acess\u00f3rio decorativo, mas um aut\u00eantico reflexo da riqueza cultural da cidade, perfeito para os turistas que procuram levar um pedacinho de Barcelona para casa. Na Ol\u00e9 Mosaic compreendemos a import\u00e2ncia de oferecer souvenirs aut\u00eanticos que contem hist\u00f3rias e representem a heran\u00e7a cultural da sua origem. Este \u00edman de metal \u00e9 uma op\u00e7\u00e3o ideal para lojas de presentes tur\u00edsticos, pois combina arte, funcionalidade e um toque de nostalgia, tornando-se um excelente presente ou recorda\u00e7\u00e3o que perdurar\u00e1 no tempo. Como grossista de souvenirs, garantimos uma sele\u00e7\u00e3o de produtos que encarnam a ess\u00eancia de cada destino.<\/p>\n","protected":false},"excerpt":{"rendered":"<p>\u00cdman met\u00e1lico com uma vibrante panor\u00e2mica de Barcelona, de 8 cm. Este atraente \u00edman apresenta uma colorida representa\u00e7\u00e3o do famoso mosaico de Gaud\u00ed, com detalhes ic\u00f3nicos como a Sagrada Fam\u00edlia e o Parque G\u00fcell. Os brilhantes tons vermelhos, azuis e amarelos destacam-se sobre um fundo azulado, capturando a ess\u00eancia art\u00edstica e arquitet\u00f3nica da cidade. Perfeito como recorda\u00e7\u00e3o ou para decorar a casa, reflete a riqueza cultural de Barcelona.<\/p>\n","protected":false},"featured_media":8993,"template":"","meta":{"_acf_changed":false},"product_brand":[],"product_cat":[699],"product_tag":[],"class_list":{"0":"post-32696","1":"product","2":"type-product","3":"status-publish","4":"has-post-thumbnail","6":"product_cat-imanes","7":"pa_ciudad-barcelona","8":"pa_motivo-panoramas","9":"pa_pais-espana","11":"first","12":"instock","13":"shipping-taxable","14":"product-type-simple"},"acf":[],"_links":{"self":[{"href":"https:\/\/olemosaic.com\/pt-pt\/wp-json\/wp\/v2\/product\/32696","targetHints":{"allow":["GET"]}}],"collection":[{"href":"https:\/\/olemosaic.com\/pt-pt\/wp-json\/wp\/v2\/product"}],"about":[{"href":"https:\/\/olemosaic.com\/pt-pt\/wp-json\/wp\/v2\/types\/product"}],"wp:featuredmedia":[{"embeddable":true,"href":"https:\/\/olemosaic.com\/pt-pt\/wp-json\/wp\/v2\/media\/8993"}],"wp:attachment":[{"href":"https:\/\/olemosaic.com\/pt-pt\/wp-json\/wp\/v2\/media?parent=32696"}],"wp:term":[{"taxonomy":"product_brand","embeddable":true,"href":"https:\/\/olemosaic.com\/pt-pt\/wp-json\/wp\/v2\/product_brand?post=32696"},{"taxonomy":"product_cat","embeddable":true,"href":"https:\/\/olemosaic.com\/pt-pt\/wp-json\/wp\/v2\/product_cat?post=32696"},{"taxonomy":"product_tag","embeddable":true,"href":"https:\/\/olemosaic.com\/pt-pt\/wp-json\/wp\/v2\/product_tag?post=32696"}],"curies":[{"name":"wp","href":"https:\/\/api.w.org\/{rel}","templated":true}]}}