{"id":32694,"date":"2025-02-20T22:32:44","date_gmt":"2025-02-20T22:32:44","guid":{"rendered":"http:\/\/olemosaic.com\/producto\/iman-de-metal-gato-gran-canaria-8-cm\/"},"modified":"2025-07-25T20:20:19","modified_gmt":"2025-07-25T18:20:19","slug":"iman-de-metal-gato-gran-canaria-8-cm-pt-pt","status":"publish","type":"product","link":"https:\/\/olemosaic.com\/pt-pt\/produto\/iman-de-metal-gato-gran-canaria-8-cm-pt-pt\/","title":{"rendered":"\u00cdman de metal. Gato. Gran Canaria. 8 cm."},"content":{"rendered":"<p>Este \u00edman met\u00e1lico, inspirado no famoso gato mosaico de Gran Canaria, \u00e9 uma recorda\u00e7\u00e3o vibrante e colorida que captura a ess\u00eancia art\u00edstica da ilha. Com 8 cm de tamanho, apresenta um design requintado que emula a t\u00e9cnica do mosaico, uma arte tradicional muito enraizada na cultura can\u00e1ria. A figura do gato, s\u00edmbolo de engenho e curiosidade, est\u00e1 meticulosamente desenhada com uma variada paleta de cores brilhantes, que vai desde azuis at\u00e9 amarelos, vermelhos e verdes, evocando a alegria e o ambiente quente de Gran Canaria.<\/p>\n<p>O fundo azul celeste complementa-se na perfei\u00e7\u00e3o com o corpo do gato, permitindo que a arte do mosaico se destaque de forma encantadora e caracter\u00edstica. As bordas do \u00edman s\u00e3o rematadas com um design elegante, que acrescenta um toque extra de sofistica\u00e7\u00e3o e originalidade. Este \u00edman n\u00e3o s\u00f3 \u00e9 ideal para decorar qualquer espa\u00e7o, seja em casa ou no escrit\u00f3rio, como tamb\u00e9m funciona como um excelente souvenir de Gran Canaria, oferecendo aos turistas uma pequena pe\u00e7a de cultura aut\u00f3ctone que recordar\u00e1 cada visita.<\/p>\n<p>Na Ol\u00e9 Mosaic, especializamo-nos na distribui\u00e7\u00e3o de souvenirs por grosso, e este \u00edman do gato can\u00e1rio destaca-se como uma op\u00e7\u00e3o ideal para lojas de presentes tur\u00edsticos que procuram produtos aut\u00eanticos e com significado cultural. \u00c9 uma recorda\u00e7\u00e3o representativa que capta a ess\u00eancia de Gran Canaria e \u00e9 perfeito para quem procura souvenirs \u00fanicos da sua viagem.<\/p>\n","protected":false},"excerpt":{"rendered":"<p>\u00cdman de metal inspirado no famoso gato mosaico de Gran Canaria. Com um tamanho de 8 cm, este \u00edman apresenta um design vibrante e colorido, com uma variada paleta que evoca a arte e a cultura da ilha. O fundo azul complementa o gato, com um acabamento que imita o estilo de um mosaico, o que lhe confere um car\u00e1cter distintivo. Ideal para decorar os seus espa\u00e7os ou como recorda\u00e7\u00e3o desta bela regi\u00e3o.<\/p>\n","protected":false},"featured_media":12843,"template":"","meta":{"_acf_changed":false},"product_brand":[],"product_cat":[699],"product_tag":[516],"class_list":{"0":"post-32694","1":"product","2":"type-product","3":"status-publish","4":"has-post-thumbnail","6":"product_cat-imanes","7":"product_tag-animais","8":"pa_ciudad-gran-canaria","9":"pa_motivo-gatos","10":"pa_pais-espana","12":"first","13":"instock","14":"shipping-taxable","15":"product-type-simple"},"acf":[],"_links":{"self":[{"href":"https:\/\/olemosaic.com\/pt-pt\/wp-json\/wp\/v2\/product\/32694","targetHints":{"allow":["GET"]}}],"collection":[{"href":"https:\/\/olemosaic.com\/pt-pt\/wp-json\/wp\/v2\/product"}],"about":[{"href":"https:\/\/olemosaic.com\/pt-pt\/wp-json\/wp\/v2\/types\/product"}],"wp:featuredmedia":[{"embeddable":true,"href":"https:\/\/olemosaic.com\/pt-pt\/wp-json\/wp\/v2\/media\/12843"}],"wp:attachment":[{"href":"https:\/\/olemosaic.com\/pt-pt\/wp-json\/wp\/v2\/media?parent=32694"}],"wp:term":[{"taxonomy":"product_brand","embeddable":true,"href":"https:\/\/olemosaic.com\/pt-pt\/wp-json\/wp\/v2\/product_brand?post=32694"},{"taxonomy":"product_cat","embeddable":true,"href":"https:\/\/olemosaic.com\/pt-pt\/wp-json\/wp\/v2\/product_cat?post=32694"},{"taxonomy":"product_tag","embeddable":true,"href":"https:\/\/olemosaic.com\/pt-pt\/wp-json\/wp\/v2\/product_tag?post=32694"}],"curies":[{"name":"wp","href":"https:\/\/api.w.org\/{rel}","templated":true}]}}