{"id":32693,"date":"2025-02-20T22:32:44","date_gmt":"2025-02-20T22:32:44","guid":{"rendered":"http:\/\/olemosaic.com\/producto\/iman-de-metal-bailaora-marbella-plata-8-cm\/"},"modified":"2025-07-25T18:52:54","modified_gmt":"2025-07-25T16:52:54","slug":"iman-de-metal-bailarina-marbella-prata-8-cm","status":"publish","type":"product","link":"https:\/\/olemosaic.com\/pt-pt\/produto\/iman-de-metal-bailarina-marbella-prata-8-cm\/","title":{"rendered":"\u00cdman de metal. Bailarina. Marbella. Prata. 8 cm."},"content":{"rendered":"<p>Este \u00edman met\u00e1lico, ilustrado com uma vibrante bailarina, \u00e9 uma aut\u00eantica homenagem ao folclore andaluz e representa o encanto de Marbella. Com os seus 8 cm, este belo \u00edman destaca-se pelo seu design colorido e pelo seu acabamento prateado, que lhe confere um toque elegante e contempor\u00e2neo. A figura da bailarina, capturada num movimento din\u00e2mico, veste um vestido cheio de tons vibrantes que evocam a alegria e a paix\u00e3o do flamenco, uma arte tradicional profundamente enraizada na cultura espanhola.<\/p>\n<p>O fundo do \u00edman apresenta um mosaico que reflete a heran\u00e7a art\u00edstica da regi\u00e3o, ecoando as coloridas fachadas andaluzas. Este souvenir n\u00e3o \u00e9 apenas um objeto decorativo, mas tamb\u00e9m uma recorda\u00e7\u00e3o tang\u00edvel da rica cultura e das tradi\u00e7\u00f5es de Marbella, perfeito para quem deseja levar um peda\u00e7o desta bela cidade. Como parte da oferta da Ol\u00e9 Mosaic, este \u00edman de bailarina \u00e9 ideal para lojas de presentes tur\u00edsticos que procuram produtos aut\u00eanticos e representativos de Espanha. Os souvenirs de Marbella, como este \u00edman, s\u00e3o uma excelente escolha para turistas que desejam conservar uma recorda\u00e7\u00e3o significativa da sua visita, al\u00e9m de serem um presente atraente para amigos e familiares. Com este \u00edman, cada vez que olhar para ele, reviver\u00e1 os encantos do flamenco e o calor do sul de Espanha.<\/p>\n","protected":false},"excerpt":{"rendered":"<p>\u00cdman met\u00e1lico ilustrado com uma vibrante bailarina trajando um vestido de cores que prestam homenagem ao folclore andaluz, representando o encanto de Marbella. Com um tamanho de 8 cm, este \u00edman destaca-se pelo seu design colorido e pelo seu acabamento prateado, evocando os mosaicos e a alegria da cultura flamenca. A figura da bailarina, capturada em movimento, acrescenta um toque art\u00edstico e festivo a qualquer superf\u00edcie magn\u00e9tica.<\/p>\n","protected":false},"featured_media":10548,"template":"","meta":{"_acf_changed":false},"product_brand":[],"product_cat":[699],"product_tag":[],"class_list":{"0":"post-32693","1":"product","2":"type-product","3":"status-publish","4":"has-post-thumbnail","6":"product_cat-imanes","7":"pa_ciudad-marbella","8":"pa_motivo-dancarinos","9":"pa_pais-espana","11":"first","12":"instock","13":"shipping-taxable","14":"product-type-simple"},"acf":[],"_links":{"self":[{"href":"https:\/\/olemosaic.com\/pt-pt\/wp-json\/wp\/v2\/product\/32693","targetHints":{"allow":["GET"]}}],"collection":[{"href":"https:\/\/olemosaic.com\/pt-pt\/wp-json\/wp\/v2\/product"}],"about":[{"href":"https:\/\/olemosaic.com\/pt-pt\/wp-json\/wp\/v2\/types\/product"}],"wp:featuredmedia":[{"embeddable":true,"href":"https:\/\/olemosaic.com\/pt-pt\/wp-json\/wp\/v2\/media\/10548"}],"wp:attachment":[{"href":"https:\/\/olemosaic.com\/pt-pt\/wp-json\/wp\/v2\/media?parent=32693"}],"wp:term":[{"taxonomy":"product_brand","embeddable":true,"href":"https:\/\/olemosaic.com\/pt-pt\/wp-json\/wp\/v2\/product_brand?post=32693"},{"taxonomy":"product_cat","embeddable":true,"href":"https:\/\/olemosaic.com\/pt-pt\/wp-json\/wp\/v2\/product_cat?post=32693"},{"taxonomy":"product_tag","embeddable":true,"href":"https:\/\/olemosaic.com\/pt-pt\/wp-json\/wp\/v2\/product_tag?post=32693"}],"curies":[{"name":"wp","href":"https:\/\/api.w.org\/{rel}","templated":true}]}}