{"id":32685,"date":"2025-02-20T23:32:44","date_gmt":"2025-02-20T22:32:44","guid":{"rendered":"http:\/\/olemosaic.com\/producto\/iman-de-metal-buho-barcelona-negro-8-cm-2\/"},"modified":"2025-07-25T19:28:15","modified_gmt":"2025-07-25T17:28:15","slug":"iman-de-metal-coruja-barcelona-preto-8-cm-2","status":"publish","type":"product","link":"https:\/\/olemosaic.com\/pt-pt\/produto\/iman-de-metal-coruja-barcelona-preto-8-cm-2\/","title":{"rendered":"\u00cdman de metal. Coruja. Mosaico. Barcelona. Preto. 8 cm."},"content":{"rendered":"<p>Este \u00edman met\u00e1lico \u00e9 um aut\u00eantico reflexo da vibrante cultura barcelonesa, com um di\u00e2metro de 8 cm que o torna um souvenir perfeito para levar um peda\u00e7o da cidade para casa. Decorado com duas corujas num design que evoca a cer\u00e2mica de mosaico, este \u00edman cativa pelo seu fundo preto que real\u00e7a a explos\u00e3o de cores vivas que comp\u00f5em estas criaturas noturnas. As corujas, s\u00edmbolos de sabedoria e criatividade, est\u00e3o ilustradas com um estilo din\u00e2mico e cheio de matizes que refletem a rica tradi\u00e7\u00e3o art\u00edstica da regi\u00e3o.<\/p>\n<p>A palavra &#8220;Barcelona&#8221; exibe-se elegantemente na parte superior, acrescentando um toque distintivo que torna este artigo um presente atraente e representativo da cidade. Este design n\u00e3o s\u00f3 real\u00e7a a beleza est\u00e9tica do \u00edman, como tamb\u00e9m capta a ess\u00eancia da capital catal\u00e3, famosa pela sua arquitetura inovadora e pelo seu esp\u00edrito art\u00edstico.<\/p>\n<p>Na Ol\u00e9 Mosaic, somos especialistas na distribui\u00e7\u00e3o de souvenirs por grosso, oferecendo artigos que celebram a cultura e o patrim\u00f3nio de locais emblem\u00e1ticos como Barcelona. Este \u00edman \u00e9 uma excelente ideia para turistas que procuram recorda\u00e7\u00f5es aut\u00eanticas e coloridas, e uma op\u00e7\u00e3o ideal para lojas de presentes tur\u00edsticos que desejam atrair os amantes da arte e da cultura espanhola. Com a sua autenticidade e design atraente, este \u00edman torna-se um souvenir inesquec\u00edvel de Barcelona.<\/p>\n","protected":false},"excerpt":{"rendered":"<p>\u00cdman met\u00e1lico de 8 cm de di\u00e2metro, decorado com duas corujas de cores vibrantes, desenhadas ao estilo da cer\u00e2mica de mosaico. O fundo preto real\u00e7a a explos\u00e3o de cores que comp\u00f5em as figuras das corujas, simbolizando a arte e a criatividade de Barcelona. A palavra &#8220;Barcelona&#8221; est\u00e1 elegantemente impressa na parte superior, acrescentando um toque distintivo e atraente a este souvenir que capta a ess\u00eancia da cidade.<\/p>\n","protected":false},"featured_media":11319,"template":"","meta":{"_acf_changed":false},"product_brand":[],"product_cat":[699],"product_tag":[516],"class_list":{"0":"post-32685","1":"product","2":"type-product","3":"status-publish","4":"has-post-thumbnail","6":"product_cat-imanes","7":"product_tag-animais","8":"pa_ciudad-barcelona","9":"pa_motivo-corujas","10":"pa_pais-espana","12":"first","13":"instock","14":"shipping-taxable","15":"product-type-simple"},"acf":[],"_links":{"self":[{"href":"https:\/\/olemosaic.com\/pt-pt\/wp-json\/wp\/v2\/product\/32685","targetHints":{"allow":["GET"]}}],"collection":[{"href":"https:\/\/olemosaic.com\/pt-pt\/wp-json\/wp\/v2\/product"}],"about":[{"href":"https:\/\/olemosaic.com\/pt-pt\/wp-json\/wp\/v2\/types\/product"}],"wp:featuredmedia":[{"embeddable":true,"href":"https:\/\/olemosaic.com\/pt-pt\/wp-json\/wp\/v2\/media\/11319"}],"wp:attachment":[{"href":"https:\/\/olemosaic.com\/pt-pt\/wp-json\/wp\/v2\/media?parent=32685"}],"wp:term":[{"taxonomy":"product_brand","embeddable":true,"href":"https:\/\/olemosaic.com\/pt-pt\/wp-json\/wp\/v2\/product_brand?post=32685"},{"taxonomy":"product_cat","embeddable":true,"href":"https:\/\/olemosaic.com\/pt-pt\/wp-json\/wp\/v2\/product_cat?post=32685"},{"taxonomy":"product_tag","embeddable":true,"href":"https:\/\/olemosaic.com\/pt-pt\/wp-json\/wp\/v2\/product_tag?post=32685"}],"curies":[{"name":"wp","href":"https:\/\/api.w.org\/{rel}","templated":true}]}}