{"id":32684,"date":"2025-02-20T23:32:44","date_gmt":"2025-02-20T22:32:44","guid":{"rendered":"http:\/\/olemosaic.com\/producto\/iman-de-metal-toro-8-cm-3\/"},"modified":"2025-07-25T18:59:48","modified_gmt":"2025-07-25T16:59:48","slug":"iman-de-metal-touro-8-cm-3","status":"publish","type":"product","link":"https:\/\/olemosaic.com\/pt-pt\/produto\/iman-de-metal-touro-8-cm-3\/","title":{"rendered":"\u00cdman de metal. Touro. Espanha. 8 cm."},"content":{"rendered":"<p>Este \u00edman met\u00e1lico com forma de touros \u00e9 um artigo vibrante que capta a ess\u00eancia da cultura espanhola. Com um tamanho de 8 cm, este colorido \u00edman apresenta um design em mosaico que mostra dois touros numa composi\u00e7\u00e3o din\u00e2mica e atraente. As tonalidades vermelhas, verdes e azuis entrela\u00e7am-se numa composi\u00e7\u00e3o art\u00edstica que evoca a majestade e a for\u00e7a destes emblem\u00e1ticos animais, s\u00edmbolos do patrim\u00f3nio cultural espanhol. A t\u00e9cnica do mosaico real\u00e7a as formas angulares e a textura do design, conferindo um car\u00e1cter \u00fanico e contempor\u00e2neo que contrasta com a representa\u00e7\u00e3o tradicional dos touros na cultura brava espanhola. Este \u00edman n\u00e3o \u00e9 apenas um acess\u00f3rio decorativo, mas tamb\u00e9m uma recorda\u00e7\u00e3o perfeita de uma visita a Espanha, evocando a tradi\u00e7\u00e3o taurina e a paix\u00e3o pela festa. Na Ol\u00e9 Mosaic, especializamo-nos na distribui\u00e7\u00e3o de souvenirs por grosso, e este \u00edman de touros \u00e9 uma excelente op\u00e7\u00e3o para lojas de presentes tur\u00edsticos que procuram produtos aut\u00eanticos e representativos. Oferecemos \u00edmanes de alta qualidade que celebram a rica heran\u00e7a cultural espanhola, tornando-os uma op\u00e7\u00e3o ideal para turistas que procuram recordar a sua experi\u00eancia em terras ib\u00e9ricas.<\/p>\n","protected":false},"excerpt":{"rendered":"<p>\u00cdman met\u00e1lico de 8 cm com design de touros, uma alus\u00e3o \u00e0 cultura espanhola. Este \u00edman, cheio de cor, mostra dois touros num vibrante estilo mosaico, com tons vermelhos, verdes e azuis sobre um fundo claro. A t\u00e9cnica do design real\u00e7a as formas angulosas e a textura do mosaico, simbolizando a tradi\u00e7\u00e3o taurina do pa\u00eds. Uma recorda\u00e7\u00e3o perfeita para evocar Espanha em cada olhar.<\/p>\n","protected":false},"featured_media":9969,"template":"","meta":{"_acf_changed":false},"product_brand":[],"product_cat":[699],"product_tag":[516],"class_list":{"0":"post-32684","1":"product","2":"type-product","3":"status-publish","4":"has-post-thumbnail","6":"product_cat-imanes","7":"product_tag-animais","8":"pa_motivo-touros","10":"first","11":"instock","12":"shipping-taxable","13":"product-type-simple"},"acf":[],"_links":{"self":[{"href":"https:\/\/olemosaic.com\/pt-pt\/wp-json\/wp\/v2\/product\/32684","targetHints":{"allow":["GET"]}}],"collection":[{"href":"https:\/\/olemosaic.com\/pt-pt\/wp-json\/wp\/v2\/product"}],"about":[{"href":"https:\/\/olemosaic.com\/pt-pt\/wp-json\/wp\/v2\/types\/product"}],"wp:featuredmedia":[{"embeddable":true,"href":"https:\/\/olemosaic.com\/pt-pt\/wp-json\/wp\/v2\/media\/9969"}],"wp:attachment":[{"href":"https:\/\/olemosaic.com\/pt-pt\/wp-json\/wp\/v2\/media?parent=32684"}],"wp:term":[{"taxonomy":"product_brand","embeddable":true,"href":"https:\/\/olemosaic.com\/pt-pt\/wp-json\/wp\/v2\/product_brand?post=32684"},{"taxonomy":"product_cat","embeddable":true,"href":"https:\/\/olemosaic.com\/pt-pt\/wp-json\/wp\/v2\/product_cat?post=32684"},{"taxonomy":"product_tag","embeddable":true,"href":"https:\/\/olemosaic.com\/pt-pt\/wp-json\/wp\/v2\/product_tag?post=32684"}],"curies":[{"name":"wp","href":"https:\/\/api.w.org\/{rel}","templated":true}]}}