{"id":32681,"date":"2025-02-20T23:32:43","date_gmt":"2025-02-20T22:32:43","guid":{"rendered":"http:\/\/olemosaic.com\/producto\/iman-de-metal-toro-sevilla-8-cm-2\/"},"modified":"2025-07-25T18:39:36","modified_gmt":"2025-07-25T16:39:36","slug":"iman-de-metal-touro-sevilha-8-cm-2","status":"publish","type":"product","link":"https:\/\/olemosaic.com\/pt-pt\/produto\/iman-de-metal-touro-sevilha-8-cm-2\/","title":{"rendered":"\u00cdman de metal. Touro. Sevilha. Fundo azul. 8 cm."},"content":{"rendered":"<p>Este \u00edman met\u00e1lico com forma de touro \u00e9 uma recorda\u00e7\u00e3o cultural distintiva que capta a ess\u00eancia de Sevilha, uma cidade vibrante e rica em tradi\u00e7\u00f5es. Com dimens\u00f5es de 8 cm, este atraente \u00edman apresenta um design inspirado na arte do mosaico, com um touro numa paleta de cores vivas que inclui tonalidades de azul, vermelho, verde e amarelo, sobre um fundo azul claro que real\u00e7a a beleza da ilustra\u00e7\u00e3o. A palavra &#8220;SEVILHA&#8221;, numa tipografia en\u00e9rgica e moderna, imp\u00f5e-se junto ao touro, acrescentando um toque contempor\u00e2neo que se funde com o folclore tradicional.<\/p>\n<p>O touro \u00e9 um s\u00edmbolo ic\u00f3nico do esp\u00edrito andaluz, que evoca n\u00e3o s\u00f3 a paix\u00e3o das corridas, mas tamb\u00e9m a for\u00e7a e vitalidade da cultura espanhola. Este \u00edman n\u00e3o \u00e9 apenas um elemento decorativo, mas tamb\u00e9m um excelente souvenir para quem deseja levar um peda\u00e7o da ess\u00eancia sevilhana para casa.<\/p>\n<p>Na Ol\u00e9 Mosaic especializamo-nos na distribui\u00e7\u00e3o de souvenirs por grosso, e este \u00edman de touro representa uma op\u00e7\u00e3o fant\u00e1stica para lojas de presentes tur\u00edsticos que procuram produtos autenticamente espanh\u00f3is e culturalmente significativos. \u00c9 a escolha perfeita para turistas que desejam recordar a sua visita a Sevilha com um detalhe \u00fanico e representativo, que reflita a riqueza do folclore andaluz.<\/p>\n","protected":false},"excerpt":{"rendered":"<p>\u00cdman met\u00e1lico com forma de touro, s\u00edmbolo ic\u00f3nico de Sevilha, de 8 cm. Este atraente \u00edman apresenta um design colorido inspirado na arte do mosaico, com o touro em tons vibrantes de azul, vermelho, verde e amarelo sobre um fundo azul claro. A palavra &#8220;SEVILHA&#8221; destaca-se com uma tipografia en\u00e9rgica, real\u00e7ando a sua liga\u00e7\u00e3o cultural. Um souvenir perfeito que capta a ess\u00eancia do folclore sevilhano.<\/p>\n","protected":false},"featured_media":10015,"template":"","meta":{"_acf_changed":false},"product_brand":[],"product_cat":[699],"product_tag":[516],"class_list":{"0":"post-32681","1":"product","2":"type-product","3":"status-publish","4":"has-post-thumbnail","6":"product_cat-imanes","7":"product_tag-animais","8":"pa_ciudad-sevilla","9":"pa_motivo-touros","10":"pa_pais-espana","12":"first","13":"instock","14":"shipping-taxable","15":"product-type-simple"},"acf":[],"_links":{"self":[{"href":"https:\/\/olemosaic.com\/pt-pt\/wp-json\/wp\/v2\/product\/32681","targetHints":{"allow":["GET"]}}],"collection":[{"href":"https:\/\/olemosaic.com\/pt-pt\/wp-json\/wp\/v2\/product"}],"about":[{"href":"https:\/\/olemosaic.com\/pt-pt\/wp-json\/wp\/v2\/types\/product"}],"wp:featuredmedia":[{"embeddable":true,"href":"https:\/\/olemosaic.com\/pt-pt\/wp-json\/wp\/v2\/media\/10015"}],"wp:attachment":[{"href":"https:\/\/olemosaic.com\/pt-pt\/wp-json\/wp\/v2\/media?parent=32681"}],"wp:term":[{"taxonomy":"product_brand","embeddable":true,"href":"https:\/\/olemosaic.com\/pt-pt\/wp-json\/wp\/v2\/product_brand?post=32681"},{"taxonomy":"product_cat","embeddable":true,"href":"https:\/\/olemosaic.com\/pt-pt\/wp-json\/wp\/v2\/product_cat?post=32681"},{"taxonomy":"product_tag","embeddable":true,"href":"https:\/\/olemosaic.com\/pt-pt\/wp-json\/wp\/v2\/product_tag?post=32681"}],"curies":[{"name":"wp","href":"https:\/\/api.w.org\/{rel}","templated":true}]}}