{"id":32680,"date":"2025-02-20T22:32:43","date_gmt":"2025-02-20T22:32:43","guid":{"rendered":"http:\/\/olemosaic.com\/producto\/iman-de-metal-salamandra-valencia-plata-8-cm\/"},"modified":"2025-07-25T19:01:48","modified_gmt":"2025-07-25T17:01:48","slug":"iman-de-metal-salamandra-valencia-prata-8-cm","status":"publish","type":"product","link":"https:\/\/olemosaic.com\/pt-pt\/produto\/iman-de-metal-salamandra-valencia-prata-8-cm\/","title":{"rendered":"\u00cdman de metal. Salamandra. Val\u00eancia. Prata. 8 cm."},"content":{"rendered":"<p>Este \u00edman met\u00e1lico com forma de salamandra \u00e9 uma encantadora recorda\u00e7\u00e3o que captura a vibrante ess\u00eancia de Val\u00eancia. Com dimens\u00f5es de 8 cm, o seu design colorido e moderno destaca uma salamandra adornada com mosaicos em tons de azul, verde e vermelho, que evocam a famosa cer\u00e2mica t\u00edpica da regi\u00e3o. O fundo branco que rodeia a salamandra simula uma superf\u00edcie de cer\u00e2mica, acrescentando um toque aut\u00eantico e art\u00edstico ao produto. Na parte superior, a palavra &#8220;VALENCIA&#8221; apresenta-se em formato multicolor, real\u00e7ando ainda mais o apelo visual desta pe\u00e7a.<\/p>\n<p>Este \u00edman n\u00e3o \u00e9 apenas um adorno est\u00e9tico para qualquer frigor\u00edfico, mas tamb\u00e9m reflete a rica cultura de Val\u00eancia, conhecida pela sua arquitetura inovadora e pela sua vibrante cena art\u00edstica. A salamandra, um s\u00edmbolo de transforma\u00e7\u00e3o e vida, ressoa com a hist\u00f3ria da cidade, tornando esta recorda\u00e7\u00e3o uma representa\u00e7\u00e3o ideal da tradi\u00e7\u00e3o e da arte local.<\/p>\n<p>Na Ol\u00e9 Mosaic, especializamo-nos na distribui\u00e7\u00e3o de recorda\u00e7\u00f5es por grosso, e este \u00edman de salamandra \u00e9 uma op\u00e7\u00e3o perfeita para lojas de presentes tur\u00edsticos que procuram produtos aut\u00eanticos e de qualidade. Este souvenir de Val\u00eancia n\u00e3o \u00e9 apenas uma recorda\u00e7\u00e3o da sua visita, mas tamb\u00e9m celebra a rica heran\u00e7a cultural da regi\u00e3o, tornando-o um presente ideal para quem deseja levar um pedacinho de Espanha.<\/p>\n","protected":false},"excerpt":{"rendered":"<p>\u00cdman met\u00e1lico com forma de salamandra, que representa a vibrante cultura de Val\u00eancia. Com um design colorido e moderno, este \u00edman de 8 cm apresenta uma salamandra decorada com mosaicos em tons de azul, verde e vermelho, sobre um fundo branco que simula a cer\u00e2mica t\u00edpica da regi\u00e3o. Na parte superior, destaca-se a palavra &#8220;VALENCIA&#8221; num atraente formato multicolor, o que o torna um souvenir ideal para recordar esta bela cidade espanhola.<\/p>\n","protected":false},"featured_media":12888,"template":"","meta":{"_acf_changed":false},"product_brand":[],"product_cat":[699],"product_tag":[516],"class_list":{"0":"post-32680","1":"product","2":"type-product","3":"status-publish","4":"has-post-thumbnail","6":"product_cat-imanes","7":"product_tag-animais","8":"pa_ciudad-valencia","9":"pa_motivo-salamandras","10":"pa_pais-espana","12":"first","13":"instock","14":"shipping-taxable","15":"product-type-simple"},"acf":[],"_links":{"self":[{"href":"https:\/\/olemosaic.com\/pt-pt\/wp-json\/wp\/v2\/product\/32680","targetHints":{"allow":["GET"]}}],"collection":[{"href":"https:\/\/olemosaic.com\/pt-pt\/wp-json\/wp\/v2\/product"}],"about":[{"href":"https:\/\/olemosaic.com\/pt-pt\/wp-json\/wp\/v2\/types\/product"}],"wp:featuredmedia":[{"embeddable":true,"href":"https:\/\/olemosaic.com\/pt-pt\/wp-json\/wp\/v2\/media\/12888"}],"wp:attachment":[{"href":"https:\/\/olemosaic.com\/pt-pt\/wp-json\/wp\/v2\/media?parent=32680"}],"wp:term":[{"taxonomy":"product_brand","embeddable":true,"href":"https:\/\/olemosaic.com\/pt-pt\/wp-json\/wp\/v2\/product_brand?post=32680"},{"taxonomy":"product_cat","embeddable":true,"href":"https:\/\/olemosaic.com\/pt-pt\/wp-json\/wp\/v2\/product_cat?post=32680"},{"taxonomy":"product_tag","embeddable":true,"href":"https:\/\/olemosaic.com\/pt-pt\/wp-json\/wp\/v2\/product_tag?post=32680"}],"curies":[{"name":"wp","href":"https:\/\/api.w.org\/{rel}","templated":true}]}}