{"id":32679,"date":"2025-02-20T22:32:43","date_gmt":"2025-02-20T22:32:43","guid":{"rendered":"http:\/\/olemosaic.com\/producto\/iman-de-metal-salamandra-negro-8-cm\/"},"modified":"2025-07-25T19:52:42","modified_gmt":"2025-07-25T17:52:42","slug":"iman-de-metal-salamandra-preto-8-cm","status":"publish","type":"product","link":"https:\/\/olemosaic.com\/pt-pt\/produto\/iman-de-metal-salamandra-preto-8-cm\/","title":{"rendered":"\u00cdman de metal. Salamandra. Preto. 8 cm."},"content":{"rendered":"<p>Este \u00edman met\u00e1lico com forma de salamandra \u00e9 um aut\u00eantico emblema da riqueza cultural e natural de Espanha. Com 8 cm de comprimento, este \u00edman apresenta um design vibrante e colorido que evoca a arte tradicional espanhola, com uma salamandra estilizada em mosaico e tons que v\u00e3o do verde au azul e ao vermelho, sobre um elegante fundo preto. A salamandra \u00e9 um s\u00edmbolo de vida e transforma\u00e7\u00e3o em diversas culturas, e este design captura a sua ess\u00eancia com uma arte que recorda a beleza da fauna ib\u00e9rica.<\/p>\n<p>O acabamento met\u00e1lico do \u00edman n\u00e3o s\u00f3 lhe confere uma resist\u00eancia not\u00e1vel, como tamb\u00e9m o torna um elemento decorativo ideal para qualquer superf\u00edcie met\u00e1lica, desde frigor\u00edficos a quadros magn\u00e9ticos. Este souvenir \u00e9 perfeito para turistas que procuram uma recorda\u00e7\u00e3o significativa da sua visita a Espanha, oferecendo uma pe\u00e7a que combina funcionalidade e est\u00e9tica. Na Ol\u00e9 Mosaic, somos l\u00edderes na distribui\u00e7\u00e3o de souvenirs por grosso, e este \u00edman de salamandra \u00e9 uma excelente op\u00e7\u00e3o para lojas de presentes tur\u00edsticos que desejem oferecer produtos aut\u00eanticos e de qualidade. N\u00e3o \u00e9 apenas um \u00edman, mas uma recorda\u00e7\u00e3o colorida da vida selvagem e da cultura de Espanha que encantar\u00e1 quem o adquirir.<\/p>\n","protected":false},"excerpt":{"rendered":"<p>\u00cdman met\u00e1lico com forma de salamandra e um design colorido e vibrante. Este \u00edman de 8 cm apresenta uma salamandra estilizada em mosaico sobre um fundo preto, com tonalidades que v\u00e3o do verde ao azul e ao vermelho, evocando a arte tradicional espanhola. Perfeito para adornar qualquer superf\u00edcie met\u00e1lica, este souvenir captura a ess\u00eancia da fauna espanhola e \u00e9 uma excelente recorda\u00e7\u00e3o da sua visita.<\/p>\n","protected":false},"featured_media":7463,"template":"","meta":{"_acf_changed":false},"product_brand":[],"product_cat":[699],"product_tag":[516],"class_list":{"0":"post-32679","1":"product","2":"type-product","3":"status-publish","4":"has-post-thumbnail","6":"product_cat-imanes","7":"product_tag-animais","8":"pa_motivo-salamandras","10":"first","11":"instock","12":"shipping-taxable","13":"product-type-simple"},"acf":[],"_links":{"self":[{"href":"https:\/\/olemosaic.com\/pt-pt\/wp-json\/wp\/v2\/product\/32679","targetHints":{"allow":["GET"]}}],"collection":[{"href":"https:\/\/olemosaic.com\/pt-pt\/wp-json\/wp\/v2\/product"}],"about":[{"href":"https:\/\/olemosaic.com\/pt-pt\/wp-json\/wp\/v2\/types\/product"}],"wp:featuredmedia":[{"embeddable":true,"href":"https:\/\/olemosaic.com\/pt-pt\/wp-json\/wp\/v2\/media\/7463"}],"wp:attachment":[{"href":"https:\/\/olemosaic.com\/pt-pt\/wp-json\/wp\/v2\/media?parent=32679"}],"wp:term":[{"taxonomy":"product_brand","embeddable":true,"href":"https:\/\/olemosaic.com\/pt-pt\/wp-json\/wp\/v2\/product_brand?post=32679"},{"taxonomy":"product_cat","embeddable":true,"href":"https:\/\/olemosaic.com\/pt-pt\/wp-json\/wp\/v2\/product_cat?post=32679"},{"taxonomy":"product_tag","embeddable":true,"href":"https:\/\/olemosaic.com\/pt-pt\/wp-json\/wp\/v2\/product_tag?post=32679"}],"curies":[{"name":"wp","href":"https:\/\/api.w.org\/{rel}","templated":true}]}}